{"id":66373,"date":"2021-02-21T18:48:40","date_gmt":"2021-02-21T18:48:40","guid":{"rendered":"https:\/\/www.autonvaraosahaku.fi\/?product=ridex-2412p0024-peruutustutka-anturit"},"modified":"2021-02-21T18:48:45","modified_gmt":"2021-02-21T18:48:45","slug":"ridex-2412p0024-peruutustutka-anturit","status":"publish","type":"product","link":"https:\/\/www.autonvaraosahaku.fi\/?product=ridex-2412p0024-peruutustutka-anturit","title":{"rendered":"RIDEX 2412P0024 Peruutustutka anturit"},"content":{"rendered":"<p>Asennuspuoli: Takana, Edess\u00e4, vorne; V\u00e4ri: Musta; Muoto: Kulmikas; Tunnistinmalli: Ultra\u00e4\u00e4nitunnistin; Lis\u00e4tarvike\/lis\u00e4tieto: Tiivisteill\u00e4; Liittimi\u00e4: 3; Kemialliset ominaisuudet: maalattavissa; Kopan v\u00e4ri: Musta; VOLVO: XC60,XC90 I,V70 III BW,C30,V60,V40 Schr\u00e4gheck,XC70 II,S80 II AS,S60 II; 31270911, 31341344, 31445162; Tunnistin, Et\u00e4isyystunnistin<\/p>\n","protected":false},"excerpt":{"rendered":"<p>RIDEX Peruutustutka Anturit 2412P0024 Tunnistin, Et\u00e4isyystunnistin VOLVO,XC60,XC90 I,V70 III BW,C30,V60,V40 Schr\u00e4gheck,XC70 II,S80 II AS,S60 II<\/p>\n","protected":false},"featured_media":0,"template":"","meta":{"site-sidebar-layout":"default","site-content-layout":"default","ast-global-header-display":"","ast-main-header-display":"","ast-hfb-above-header-display":"","ast-hfb-below-header-display":"","ast-hfb-mobile-header-display":"","site-post-title":"","ast-breadcrumbs-content":"","ast-featured-img":"","footer-sml-layout":"","theme-transparent-header-meta":"","adv-header-id-meta":"","stick-header-meta":"","header-above-stick-meta":"","header-main-stick-meta":"","header-below-stick-meta":""},"pwb-brand":[157],"product_cat":[217],"product_tag":[],"class_list":{"0":"post-66373","1":"product","2":"type-product","3":"status-publish","5":"pwb-brand-ridex","6":"product_cat-peruutustutka-anturit","7":"desktop-align-left","8":"tablet-align-left","9":"mobile-align-left","11":"first","12":"instock","13":"product-type-external"},"brands":[{"id":157,"name":"RIDEX","slug":"ridex"}],"_links":{"self":[{"href":"https:\/\/www.autonvaraosahaku.fi\/index.php?rest_route=\/wp\/v2\/product\/66373","targetHints":{"allow":["GET"]}}],"collection":[{"href":"https:\/\/www.autonvaraosahaku.fi\/index.php?rest_route=\/wp\/v2\/product"}],"about":[{"href":"https:\/\/www.autonvaraosahaku.fi\/index.php?rest_route=\/wp\/v2\/types\/product"}],"wp:attachment":[{"href":"https:\/\/www.autonvaraosahaku.fi\/index.php?rest_route=%2Fwp%2Fv2%2Fmedia&parent=66373"}],"wp:term":[{"taxonomy":"pwb-brand","embeddable":true,"href":"https:\/\/www.autonvaraosahaku.fi\/index.php?rest_route=%2Fwp%2Fv2%2Fpwb-brand&post=66373"},{"taxonomy":"product_cat","embeddable":true,"href":"https:\/\/www.autonvaraosahaku.fi\/index.php?rest_route=%2Fwp%2Fv2%2Fproduct_cat&post=66373"},{"taxonomy":"product_tag","embeddable":true,"href":"https:\/\/www.autonvaraosahaku.fi\/index.php?rest_route=%2Fwp%2Fv2%2Fproduct_tag&post=66373"}],"curies":[{"name":"wp","href":"https:\/\/api.w.org\/{rel}","templated":true}]}}