{"id":66383,"date":"2021-02-21T18:48:47","date_gmt":"2021-02-21T18:48:47","guid":{"rendered":"https:\/\/www.autonvaraosahaku.fi\/?product=frenkit-254932-jarrusatula-korjaussarja"},"modified":"2021-02-21T18:48:49","modified_gmt":"2021-02-21T18:48:49","slug":"frenkit-254932-jarrusatula-korjaussarja","status":"publish","type":"product","link":"https:\/\/www.autonvaraosahaku.fi\/?product=frenkit-254932-jarrusatula-korjaussarja","title":{"rendered":"FRENKIT 254932 Jarrusatula korjaussarja"},"content":{"rendered":"<p>L\u00e4pimitta [mm]: 54; Asennuspuoli: Etuakseli; Jarruj\u00e4rjestelm\u00e4: Nih; T\u00e4yssarja: ; Versio: Kit+Piston; SUZUKI: LIANA Schr\u00e4gheck,LIANA ER; HONDA: CIVIC VIII Hatchback FN, FK,CIVIC VII Hatchback EU, EP, EV,JAZZ III GE,CIVIC VI Hatchback EJ, EK,FR-V BE,CIVIC VI Fastback MA, MB,CRX III EH, EG,LOGO GA3,STREAM RN,CIVIC V Hatchback EG,CIVIC VII Coupe EM2,CIVIC VIII Stufenheck FD, FA,INSIGHT ZE_,S2000 AP,CIVIC VI Stufenheck EJ, EK,CR-Z ZF1,CIVIC VI Coupe EJ, EM1,CIVIC V Coupe EJ,CIVIC VII Stufenheck ES,CIVIC V Stufenheck EG, EH,CITY Stufenheck GM,JAZZ IV GK; 45018SJFJ00, 45018SO4003, 45018SO4V01, 45018SR3V00, 45019S7AN02, 45019SJFJ00, 45019SJHE00, 45019SO4003, 45019SO4V01, 45019SR3V00, 45019SR3V01, 4501S7AN02, 4501SJHE00, 4501SR3V01, 45210SR3V12, 45210SR3V14, 45230SR3V12, 45230SR3V14, MR527978, 5510154G50, 5510254G50; Korjaussarja, Jarrusatula<\/p>\n","protected":false},"excerpt":{"rendered":"<p>FRENKIT Jarrusatula Korjaussarja 254932 Korjaussarja, Jarrusatula SUZUKI,HONDA,LIANA Schr\u00e4gheck,LIANA ER,CIVIC VIII Hatchback FN, FK<\/p>\n","protected":false},"featured_media":0,"template":"","meta":{"site-sidebar-layout":"default","site-content-layout":"default","ast-global-header-display":"","ast-main-header-display":"","ast-hfb-above-header-display":"","ast-hfb-below-header-display":"","ast-hfb-mobile-header-display":"","site-post-title":"","ast-breadcrumbs-content":"","ast-featured-img":"","footer-sml-layout":"","theme-transparent-header-meta":"","adv-header-id-meta":"","stick-header-meta":"","header-above-stick-meta":"","header-main-stick-meta":"","header-below-stick-meta":""},"pwb-brand":[474],"product_cat":[57],"product_tag":[],"class_list":{"0":"post-66383","1":"product","2":"type-product","3":"status-publish","5":"pwb-brand-frenkit","6":"product_cat-jarrusatula-korjaussarja","7":"desktop-align-left","8":"tablet-align-left","9":"mobile-align-left","11":"first","12":"instock","13":"product-type-external"},"brands":[{"id":474,"name":"FRENKIT","slug":"frenkit"}],"_links":{"self":[{"href":"https:\/\/www.autonvaraosahaku.fi\/index.php?rest_route=\/wp\/v2\/product\/66383","targetHints":{"allow":["GET"]}}],"collection":[{"href":"https:\/\/www.autonvaraosahaku.fi\/index.php?rest_route=\/wp\/v2\/product"}],"about":[{"href":"https:\/\/www.autonvaraosahaku.fi\/index.php?rest_route=\/wp\/v2\/types\/product"}],"wp:attachment":[{"href":"https:\/\/www.autonvaraosahaku.fi\/index.php?rest_route=%2Fwp%2Fv2%2Fmedia&parent=66383"}],"wp:term":[{"taxonomy":"pwb-brand","embeddable":true,"href":"https:\/\/www.autonvaraosahaku.fi\/index.php?rest_route=%2Fwp%2Fv2%2Fpwb-brand&post=66383"},{"taxonomy":"product_cat","embeddable":true,"href":"https:\/\/www.autonvaraosahaku.fi\/index.php?rest_route=%2Fwp%2Fv2%2Fproduct_cat&post=66383"},{"taxonomy":"product_tag","embeddable":true,"href":"https:\/\/www.autonvaraosahaku.fi\/index.php?rest_route=%2Fwp%2Fv2%2Fproduct_tag&post=66383"}],"curies":[{"name":"wp","href":"https:\/\/api.w.org\/{rel}","templated":true}]}}