{"id":66404,"date":"2021-02-21T18:48:53","date_gmt":"2021-02-21T18:48:53","guid":{"rendered":"https:\/\/www.autonvaraosahaku.fi\/?product=ridex-1145e0042-egr-venttiili"},"modified":"2021-02-21T18:48:54","modified_gmt":"2021-02-21T18:48:54","slug":"ridex-1145e0042-egr-venttiili","status":"publish","type":"product","link":"https:\/\/www.autonvaraosahaku.fi\/?product=ridex-1145e0042-egr-venttiili","title":{"rendered":"RIDEX 1145E0042 Egr venttiili"},"content":{"rendered":"<p>Liittimi\u00e4: 5; K\u00e4ytt\u00f6: s\u00e4hk\u00f6ohjattu; Lis\u00e4tarvike\/lis\u00e4tieto: Tiivisteill\u00e4; Moottorinumero: X 16 SZR; OPEL: CORSA B 73_, 78_, 79_,VECTRA B 36_,ASTRA F CC 53_, 54_, 58_, 59_,VECTRA B Caravan 31_,ASTRA F Caravan 51_, 52_,VECTRA A 86_, 87_,ASTRA F Cabriolet 53_B,ASTRA F 56_, 57_,TIGRA 95_,VECTRA A CC 88_, 89_,COMBO 71_,ASTRA F CLASSIC CC,ASTRA F CLASSIC Stufenheck,ASTRA F CLASSIC Caravan,CORSA B Kasten 73_,CORSA B Kombi F35,ASTRA F Van 55_; VAUXHALL: ASTRA Mk III F CC,CORSA Mk I B,VECTRA B CC,CAVALIER Mk III 87,VECTRA B,ASTRA Mk III F Estate,TIGRA Mk I F07; 17094050, 17095232, 5851005, 5851602, 851581; Venttiili, Pakokaasun Kierr\u00e4tys<\/p>\n","protected":false},"excerpt":{"rendered":"<p>RIDEX EGR Venttiili 1145E0042 Venttiili, Pakokaasun Kierr\u00e4tys OPEL,VAUXHALL,CORSA B 73_, 78_, 79_,VECTRA B 36_,ASTRA F CC 53_, 54_, 58_, 59_<\/p>\n","protected":false},"featured_media":0,"template":"","meta":{"site-sidebar-layout":"default","site-content-layout":"default","ast-global-header-display":"","ast-main-header-display":"","ast-hfb-above-header-display":"","ast-hfb-below-header-display":"","ast-hfb-mobile-header-display":"","site-post-title":"","ast-breadcrumbs-content":"","ast-featured-img":"","footer-sml-layout":"","theme-transparent-header-meta":"","adv-header-id-meta":"","stick-header-meta":"","header-above-stick-meta":"","header-main-stick-meta":"","header-below-stick-meta":""},"pwb-brand":[157],"product_cat":[35],"product_tag":[],"class_list":{"0":"post-66404","1":"product","2":"type-product","3":"status-publish","5":"pwb-brand-ridex","6":"product_cat-egr-venttiili","7":"desktop-align-left","8":"tablet-align-left","9":"mobile-align-left","11":"first","12":"instock","13":"product-type-external"},"brands":[{"id":157,"name":"RIDEX","slug":"ridex"}],"_links":{"self":[{"href":"https:\/\/www.autonvaraosahaku.fi\/index.php?rest_route=\/wp\/v2\/product\/66404","targetHints":{"allow":["GET"]}}],"collection":[{"href":"https:\/\/www.autonvaraosahaku.fi\/index.php?rest_route=\/wp\/v2\/product"}],"about":[{"href":"https:\/\/www.autonvaraosahaku.fi\/index.php?rest_route=\/wp\/v2\/types\/product"}],"wp:attachment":[{"href":"https:\/\/www.autonvaraosahaku.fi\/index.php?rest_route=%2Fwp%2Fv2%2Fmedia&parent=66404"}],"wp:term":[{"taxonomy":"pwb-brand","embeddable":true,"href":"https:\/\/www.autonvaraosahaku.fi\/index.php?rest_route=%2Fwp%2Fv2%2Fpwb-brand&post=66404"},{"taxonomy":"product_cat","embeddable":true,"href":"https:\/\/www.autonvaraosahaku.fi\/index.php?rest_route=%2Fwp%2Fv2%2Fproduct_cat&post=66404"},{"taxonomy":"product_tag","embeddable":true,"href":"https:\/\/www.autonvaraosahaku.fi\/index.php?rest_route=%2Fwp%2Fv2%2Fproduct_tag&post=66404"}],"curies":[{"name":"wp","href":"https:\/\/api.w.org\/{rel}","templated":true}]}}