{"id":66428,"date":"2021-02-21T18:48:58","date_gmt":"2021-02-21T18:48:58","guid":{"rendered":"https:\/\/www.autonvaraosahaku.fi\/?product=hella-5da-358-000-111-sytytyspuola"},"modified":"2021-02-21T18:49:00","modified_gmt":"2021-02-21T18:49:00","slug":"hella-5da-358-000-111-sytytyspuola","status":"publish","type":"product","link":"https:\/\/www.autonvaraosahaku.fi\/?product=hella-5da-358-000-111-sytytyspuola","title":{"rendered":"HELLA 5DA 358 000-111 Sytytyspuola"},"content":{"rendered":"<p>Asennusmalli: Poltti\/ruuvi; Kiinnitysreikien lukum\u00e4\u00e4r\u00e4: 2; Nimellisj\u00e4nnite (V): 12; Napojen m\u00e4\u00e4r\u00e4: 3; Sytytyspuola: COP-sytytyspuola (syt.tulpan p\u00e4\u00e4ll\u00e4); Tarvittava kappalem\u00e4\u00e4r\u00e4: 4; MERCEDES-BENZ: C-CLASS W203,E-CLASS W211,C-CLASS T-Model S203,E-CLASS T-Model S211,C-CLASS Coupe CL203,SLK R171,CLK C209,CLK Cabriolet A209; 0001502980, A0001502980<\/p>\n","protected":false},"excerpt":{"rendered":"<p>HELLA Sytytyspuola 5DA 358 000-111  MERCEDES-BENZ,C-CLASS W203,E-CLASS W211,C-CLASS T-Model S203,E-CLASS T-Model S211,C-CLASS Coupe CL203,SLK R171<\/p>\n","protected":false},"featured_media":0,"template":"","meta":{"site-sidebar-layout":"default","site-content-layout":"default","ast-global-header-display":"","ast-main-header-display":"","ast-hfb-above-header-display":"","ast-hfb-below-header-display":"","ast-hfb-mobile-header-display":"","site-post-title":"","ast-breadcrumbs-content":"","ast-featured-img":"","footer-sml-layout":"","theme-transparent-header-meta":"","adv-header-id-meta":"","stick-header-meta":"","header-above-stick-meta":"","header-main-stick-meta":"","header-below-stick-meta":""},"pwb-brand":[24],"product_cat":[25],"product_tag":[],"class_list":{"0":"post-66428","1":"product","2":"type-product","3":"status-publish","5":"pwb-brand-hella","6":"product_cat-sytytyspuola","7":"desktop-align-left","8":"tablet-align-left","9":"mobile-align-left","11":"first","12":"instock","13":"product-type-external"},"brands":[{"id":24,"name":"HELLA","slug":"hella"}],"_links":{"self":[{"href":"https:\/\/www.autonvaraosahaku.fi\/index.php?rest_route=\/wp\/v2\/product\/66428","targetHints":{"allow":["GET"]}}],"collection":[{"href":"https:\/\/www.autonvaraosahaku.fi\/index.php?rest_route=\/wp\/v2\/product"}],"about":[{"href":"https:\/\/www.autonvaraosahaku.fi\/index.php?rest_route=\/wp\/v2\/types\/product"}],"wp:attachment":[{"href":"https:\/\/www.autonvaraosahaku.fi\/index.php?rest_route=%2Fwp%2Fv2%2Fmedia&parent=66428"}],"wp:term":[{"taxonomy":"pwb-brand","embeddable":true,"href":"https:\/\/www.autonvaraosahaku.fi\/index.php?rest_route=%2Fwp%2Fv2%2Fpwb-brand&post=66428"},{"taxonomy":"product_cat","embeddable":true,"href":"https:\/\/www.autonvaraosahaku.fi\/index.php?rest_route=%2Fwp%2Fv2%2Fproduct_cat&post=66428"},{"taxonomy":"product_tag","embeddable":true,"href":"https:\/\/www.autonvaraosahaku.fi\/index.php?rest_route=%2Fwp%2Fv2%2Fproduct_tag&post=66428"}],"curies":[{"name":"wp","href":"https:\/\/api.w.org\/{rel}","templated":true}]}}