{"id":66446,"date":"2021-02-21T18:49:04","date_gmt":"2021-02-21T18:49:04","guid":{"rendered":"https:\/\/www.autonvaraosahaku.fi\/?product=jp-group-1194001600-lampokytkin-jaahdyttimen-puhallin"},"modified":"2021-02-21T18:49:05","modified_gmt":"2021-02-21T18:49:05","slug":"jp-group-1194001600-lampokytkin-jaahdyttimen-puhallin","status":"publish","type":"product","link":"https:\/\/www.autonvaraosahaku.fi\/?product=jp-group-1194001600-lampokytkin-jaahdyttimen-puhallin","title":{"rendered":"JP GROUP 1194001600 L\u00e4mp\u00f6kytkin j\u00e4\u00e4hdyttimen puhallin"},"content":{"rendered":"<p>K\u00e4ynnistyspiste [\u00b0C]: 85; Katkaisupiste (\u00b0C): 80; Moottorinumero: DS; VW: GOLF III 1H1,GOLF II 19E, 1G1,PASSAT Variant 3A5, 35I,GOLF III Variant 1H5,TRANSPORTER III Bus,POLO 86C, 80,POLO Coupe 86C, 80,PASSAT 3A2, 35I,VENTO 1H2,GOLF I 17,JETTA II 19E, 1G2, 165,PASSAT Variant 32B,TRANSPORTER III Kasten,POLO CLASSIC 86C, 80,TRANSPORTER III Pritsche\/Fahrgestell,PASSAT 32B,POLO 86,JETTA I 16,PASSAT 32,PASSAT Stufenheck 32B,PASSAT Variant 33; AUDI: 80 8C, B4,80 89, 89Q, 8A, B3,80 Avant 8C, B4,100 44, 44Q, C3,80 81, 85, B2,90 89, 89Q, 8A, B3,100 Avant 44, 44Q, C3,80 80, 82, B1,90 81, 85, B2,100 43, C2,100 Avant 43, C2; SEAT: IBIZA II 6K1,CORDOBA 6K1, 6K2; 811959481, 823959481G, 823959481H, 811959481, 823959481G, 823959481H, 811959481, 823959481G, 823959481H<\/p>\n","protected":false},"excerpt":{"rendered":"<p>JP GROUP L\u00e4mp\u00f6kytkin J\u00e4\u00e4hdyttimen Puhallin JP Group 1194001600  VW,AUDI,SEAT,GOLF III 1H1,GOLF II 19E, 1G1,PASSAT Variant 3A5, 35I<\/p>\n","protected":false},"featured_media":0,"template":"","meta":{"site-sidebar-layout":"default","site-content-layout":"default","ast-global-header-display":"","ast-main-header-display":"","ast-hfb-above-header-display":"","ast-hfb-below-header-display":"","ast-hfb-mobile-header-display":"","site-post-title":"","ast-breadcrumbs-content":"","ast-featured-img":"","footer-sml-layout":"","theme-transparent-header-meta":"","adv-header-id-meta":"","stick-header-meta":"","header-above-stick-meta":"","header-main-stick-meta":"","header-below-stick-meta":""},"pwb-brand":[131],"product_cat":[290],"product_tag":[],"class_list":{"0":"post-66446","1":"product","2":"type-product","3":"status-publish","5":"pwb-brand-jp-group","6":"product_cat-lampokytkin-jaahdyttimen-puhallin","7":"desktop-align-left","8":"tablet-align-left","9":"mobile-align-left","11":"first","12":"instock","13":"product-type-external"},"brands":[{"id":131,"name":"JP GROUP","slug":"jp-group"}],"_links":{"self":[{"href":"https:\/\/www.autonvaraosahaku.fi\/index.php?rest_route=\/wp\/v2\/product\/66446","targetHints":{"allow":["GET"]}}],"collection":[{"href":"https:\/\/www.autonvaraosahaku.fi\/index.php?rest_route=\/wp\/v2\/product"}],"about":[{"href":"https:\/\/www.autonvaraosahaku.fi\/index.php?rest_route=\/wp\/v2\/types\/product"}],"wp:attachment":[{"href":"https:\/\/www.autonvaraosahaku.fi\/index.php?rest_route=%2Fwp%2Fv2%2Fmedia&parent=66446"}],"wp:term":[{"taxonomy":"pwb-brand","embeddable":true,"href":"https:\/\/www.autonvaraosahaku.fi\/index.php?rest_route=%2Fwp%2Fv2%2Fpwb-brand&post=66446"},{"taxonomy":"product_cat","embeddable":true,"href":"https:\/\/www.autonvaraosahaku.fi\/index.php?rest_route=%2Fwp%2Fv2%2Fproduct_cat&post=66446"},{"taxonomy":"product_tag","embeddable":true,"href":"https:\/\/www.autonvaraosahaku.fi\/index.php?rest_route=%2Fwp%2Fv2%2Fproduct_tag&post=66446"}],"curies":[{"name":"wp","href":"https:\/\/api.w.org\/{rel}","templated":true}]}}