{"id":66458,"date":"2021-02-21T18:49:09","date_gmt":"2021-02-21T18:49:09","guid":{"rendered":"https:\/\/www.autonvaraosahaku.fi\/?product=eibach-s90-2-20-007-b-muut-luokat"},"modified":"2021-02-21T18:49:09","modified_gmt":"2021-02-21T18:49:09","slug":"eibach-s90-2-20-007-b-muut-luokat","status":"publish","type":"product","link":"https:\/\/www.autonvaraosahaku.fi\/?product=eibach-s90-2-20-007-b-muut-luokat","title":{"rendered":"EIBACH S90-2-20-007-B Muut luokat"},"content":{"rendered":"<p>Paksuus [mm]: 20; Raidev\u00e4lin suurennus per akseli: 40; keskitt\u00e4misl\u00e4pimitta [mm]: 66,45; Reik\u00e4ympyr\u00e4-\u00d8 [mm]: 112; Reikien m\u00e4\u00e4r\u00e4: 5; Pinta: eloksoitu; V\u00e4ri: Musta; Huomioi asennusohje: ; Tuotelinja: Pro-Spacer; Materiaali: Alumiini; Tuning: 1; Huomioi huolto-ohjeet: ; AUDI: A4 Avant 8K5, B8,A4 8K2, B8,Q5 8R,A6 Avant 4G5, C7, 4GD,A5 8T3,A5 Sportback 8TA,A6 4G2, C7, 4GC,A7 Sportback 4GA, 4GF,A4 Allroad 8KH, B8,A5 Cabriolet 8F7,A8 4H_,A6 Allroad 4GH, 4GJ,A4 Avant 8W5, B9,Q7 4M,A4 8W2, B9,Q5 FY,A5 Sportback F5A,A5 F53,A4 Allroad 8WH, B9,A5 Cabriolet F57,A8 4N2, 4N8; MERCEDES-BENZ: C-CLASS W203,E-CLASS W211,C-CLASS W204,A-CLASS W169,B-CLASS W245,C-CLASS T-Model S204,C-CLASS T-Model S203,C-CLASS W202,E-CLASS T-Model S211,190 W201,SLK R170,E-CLASS W210,E-CLASS W212,VIANO W639,B-CLASS W246, W242,M-CLASS W164,C-CLASS Coupe CL203,M-CLASS W163,Stufenheck W124,E-CLASS T-Model S212,GLK-CLASS X204,E-CLASS Kombi S210,VITO Bus W639,SLK R171,CLK C208,A-CLASS W176,SL R129,CLK C209,SL R107,C-CLASS Kombi S202,VITO \/ MIXTO Kasten W639,S-CLASS W126,CLS C219,VANEO 414,SL R230,KOMBI Kombi S124,E-CLASS W124,M-CLASS W166,VITO Bus 638,E-CLASS Coupe C207,CLK Cabriolet A208,COUPE C124,CLK Cabriolet A209,CLA Coupe C117,E-CLASS Kombi S124,C-CLASS Coupe C204,SLK R172,V-CLASS 638\/2,E-CLASS Cabriolet A207,S-CLASS Coupe C126,CLC-CLASS CL203,GL-CLASS X164,CLS C218,S-CLASS Coupe C215,VITO Kasten 638,E-CLASS Cabriolet A124,SL Coupe C107,E-CLASS Coupe C124,CLS Shooting Brake X218,CABRIOLET A124,GL-CLASS X166,SL R231,C-CLASS T-Model S205,C-CLASS W205,V-CLASS; CHRYSLER: CROSSFIRE,CROSSFIRE Roadster; PORSCHE: MACAN; Raidev\u00e4lilevennys<\/p>\n","protected":false},"excerpt":{"rendered":"<p>EIBACH Levikepalat S90-2-20-007-B Raidev\u00e4lilevennys AUDI,MERCEDES-BENZ,CHRYSLER,A4 Avant 8K5, B8,A4 8K2, B8,Q5 8R,A6 Avant 4G5, C7, 4GD,A5 8T3<\/p>\n","protected":false},"featured_media":0,"template":"","meta":{"site-sidebar-layout":"default","site-content-layout":"default","ast-global-header-display":"","ast-main-header-display":"","ast-hfb-above-header-display":"","ast-hfb-below-header-display":"","ast-hfb-mobile-header-display":"","site-post-title":"","ast-breadcrumbs-content":"","ast-featured-img":"","footer-sml-layout":"","theme-transparent-header-meta":"","adv-header-id-meta":"","stick-header-meta":"","header-above-stick-meta":"","header-main-stick-meta":"","header-below-stick-meta":""},"pwb-brand":[328],"product_cat":[37],"product_tag":[],"class_list":{"0":"post-66458","1":"product","2":"type-product","3":"status-publish","5":"pwb-brand-eibach","6":"product_cat-muut-luokat","7":"desktop-align-left","8":"tablet-align-left","9":"mobile-align-left","11":"first","12":"instock","13":"product-type-external"},"brands":[{"id":328,"name":"EIBACH","slug":"eibach"}],"_links":{"self":[{"href":"https:\/\/www.autonvaraosahaku.fi\/index.php?rest_route=\/wp\/v2\/product\/66458","targetHints":{"allow":["GET"]}}],"collection":[{"href":"https:\/\/www.autonvaraosahaku.fi\/index.php?rest_route=\/wp\/v2\/product"}],"about":[{"href":"https:\/\/www.autonvaraosahaku.fi\/index.php?rest_route=\/wp\/v2\/types\/product"}],"wp:attachment":[{"href":"https:\/\/www.autonvaraosahaku.fi\/index.php?rest_route=%2Fwp%2Fv2%2Fmedia&parent=66458"}],"wp:term":[{"taxonomy":"pwb-brand","embeddable":true,"href":"https:\/\/www.autonvaraosahaku.fi\/index.php?rest_route=%2Fwp%2Fv2%2Fpwb-brand&post=66458"},{"taxonomy":"product_cat","embeddable":true,"href":"https:\/\/www.autonvaraosahaku.fi\/index.php?rest_route=%2Fwp%2Fv2%2Fproduct_cat&post=66458"},{"taxonomy":"product_tag","embeddable":true,"href":"https:\/\/www.autonvaraosahaku.fi\/index.php?rest_route=%2Fwp%2Fv2%2Fproduct_tag&post=66458"}],"curies":[{"name":"wp","href":"https:\/\/api.w.org\/{rel}","templated":true}]}}