{"id":66466,"date":"2021-02-21T18:49:09","date_gmt":"2021-02-21T18:49:09","guid":{"rendered":"https:\/\/www.autonvaraosahaku.fi\/?product=ridex-78b0184-jarrusatula"},"modified":"2021-02-21T18:49:10","modified_gmt":"2021-02-21T18:49:10","slug":"ridex-78b0184-jarrusatula","status":"publish","type":"product","link":"https:\/\/www.autonvaraosahaku.fi\/?product=ridex-78b0184-jarrusatula","title":{"rendered":"RIDEX 78B0184 Jarrusatula"},"content":{"rendered":"<p>Asennuspuoli: Taka-akseli, vasen, Akselin takana; Jarrusatulatyyppi: Jarrusatula (1-m\u00e4nt\u00e4); Sylinterim\u00e4nn\u00e4n halkaisija [mm]: 38; Jarrulevyn paksuus (mm): 10; Jarrulevytyyppi: Vakiomalli; Materiaali: Ter\u00e4svalu; Nettopaino [kg]: 2; parilliset tuotenumerot: 78B0269; Valmistusvuosi alkaen: 09\/2010; PEUGEOT: 4007 GP_; CITRO\u00cbN: C-CROSSER EP_,C-CROSSER ENTERPRISE; MITSUBISHI: OUTLANDER XL II CW_W,GRANDIS NA_W,LANCER SPORTBACK CX_A; 4400V1, MN116309, 4400V1<\/p>\n","protected":false},"excerpt":{"rendered":"<p>RIDEX Jarrusatula 78B0184  PEUGEOT,CITRO\u00cbN,MITSUBISHI,4007 GP_,C-CROSSER EP_,C-CROSSER ENTERPRISE,OUTLANDER XL II CW_W,GRANDIS NA_W<\/p>\n","protected":false},"featured_media":0,"template":"","meta":{"site-sidebar-layout":"default","site-content-layout":"default","ast-global-header-display":"","ast-main-header-display":"","ast-hfb-above-header-display":"","ast-hfb-below-header-display":"","ast-hfb-mobile-header-display":"","site-post-title":"","ast-breadcrumbs-content":"","ast-featured-img":"","footer-sml-layout":"","theme-transparent-header-meta":"","adv-header-id-meta":"","stick-header-meta":"","header-above-stick-meta":"","header-main-stick-meta":"","header-below-stick-meta":""},"pwb-brand":[157],"product_cat":[177],"product_tag":[],"class_list":{"0":"post-66466","1":"product","2":"type-product","3":"status-publish","5":"pwb-brand-ridex","6":"product_cat-jarrusatula","7":"desktop-align-left","8":"tablet-align-left","9":"mobile-align-left","11":"first","12":"instock","13":"product-type-external"},"brands":[{"id":157,"name":"RIDEX","slug":"ridex"}],"_links":{"self":[{"href":"https:\/\/www.autonvaraosahaku.fi\/index.php?rest_route=\/wp\/v2\/product\/66466","targetHints":{"allow":["GET"]}}],"collection":[{"href":"https:\/\/www.autonvaraosahaku.fi\/index.php?rest_route=\/wp\/v2\/product"}],"about":[{"href":"https:\/\/www.autonvaraosahaku.fi\/index.php?rest_route=\/wp\/v2\/types\/product"}],"wp:attachment":[{"href":"https:\/\/www.autonvaraosahaku.fi\/index.php?rest_route=%2Fwp%2Fv2%2Fmedia&parent=66466"}],"wp:term":[{"taxonomy":"pwb-brand","embeddable":true,"href":"https:\/\/www.autonvaraosahaku.fi\/index.php?rest_route=%2Fwp%2Fv2%2Fpwb-brand&post=66466"},{"taxonomy":"product_cat","embeddable":true,"href":"https:\/\/www.autonvaraosahaku.fi\/index.php?rest_route=%2Fwp%2Fv2%2Fproduct_cat&post=66466"},{"taxonomy":"product_tag","embeddable":true,"href":"https:\/\/www.autonvaraosahaku.fi\/index.php?rest_route=%2Fwp%2Fv2%2Fproduct_tag&post=66466"}],"curies":[{"name":"wp","href":"https:\/\/api.w.org\/{rel}","templated":true}]}}