{"id":66481,"date":"2021-02-21T18:49:14","date_gmt":"2021-02-21T18:49:14","guid":{"rendered":"https:\/\/www.autonvaraosahaku.fi\/?product=topran-113-901-tyhjakayntimoottori"},"modified":"2021-02-21T18:49:15","modified_gmt":"2021-02-21T18:49:15","slug":"topran-113-901-tyhjakayntimoottori","status":"publish","type":"product","link":"https:\/\/www.autonvaraosahaku.fi\/?product=topran-113-901-tyhjakayntimoottori","title":{"rendered":"TOPRAN 113 901 Tyhj\u00e4k\u00e4yntimoottori"},"content":{"rendered":"<p>Muoto: Y-muoto; Venttiilimalli: Ilmaventtiili; K\u00e4ytt\u00f6: alipaineohjattu, Pneumaattinen; Moottorinumero: AHL; VW: GOLF IV 1J1,POLO 9N_,PASSAT Variant 3B6,GOLF IV Variant 1J5,PASSAT Variant 3B5,BORA 1J2,PASSAT 3B2,NEW BEETLE 9C1, 1C1,PASSAT 3B3,BORA Kombi 1J6; AUDI: A3 8L1,A4 8D2, B5,A4 Avant 8ED, B7,A4 Avant 8E5, B6,A4 Avant 8D5, B5,A4 8E2, B6,A4 8EC, B7,TT 8N3,A8 4E_,TT Roadster 8N9; 058133753B, 058133753D, 058133753B, 058133753D<\/p>\n","protected":false},"excerpt":{"rendered":"<p>TOPRAN Venttiili, Ilmanohjaus-Imuilma 113 901  VW,AUDI,GOLF IV 1J1,POLO 9N_,PASSAT Variant 3B6,GOLF IV Variant 1J5,PASSAT Variant 3B5,BORA 1J2<\/p>\n","protected":false},"featured_media":0,"template":"","meta":{"site-sidebar-layout":"default","site-content-layout":"default","ast-global-header-display":"","ast-main-header-display":"","ast-hfb-above-header-display":"","ast-hfb-below-header-display":"","ast-hfb-mobile-header-display":"","site-post-title":"","ast-breadcrumbs-content":"","ast-featured-img":"","footer-sml-layout":"","theme-transparent-header-meta":"","adv-header-id-meta":"","stick-header-meta":"","header-above-stick-meta":"","header-main-stick-meta":"","header-below-stick-meta":""},"pwb-brand":[18],"product_cat":[254],"product_tag":[],"class_list":{"0":"post-66481","1":"product","2":"type-product","3":"status-publish","5":"pwb-brand-topran","6":"product_cat-tyhjakayntimoottori","7":"desktop-align-left","8":"tablet-align-left","9":"mobile-align-left","11":"first","12":"instock","13":"product-type-external"},"brands":[{"id":18,"name":"TOPRAN","slug":"topran"}],"_links":{"self":[{"href":"https:\/\/www.autonvaraosahaku.fi\/index.php?rest_route=\/wp\/v2\/product\/66481","targetHints":{"allow":["GET"]}}],"collection":[{"href":"https:\/\/www.autonvaraosahaku.fi\/index.php?rest_route=\/wp\/v2\/product"}],"about":[{"href":"https:\/\/www.autonvaraosahaku.fi\/index.php?rest_route=\/wp\/v2\/types\/product"}],"wp:attachment":[{"href":"https:\/\/www.autonvaraosahaku.fi\/index.php?rest_route=%2Fwp%2Fv2%2Fmedia&parent=66481"}],"wp:term":[{"taxonomy":"pwb-brand","embeddable":true,"href":"https:\/\/www.autonvaraosahaku.fi\/index.php?rest_route=%2Fwp%2Fv2%2Fpwb-brand&post=66481"},{"taxonomy":"product_cat","embeddable":true,"href":"https:\/\/www.autonvaraosahaku.fi\/index.php?rest_route=%2Fwp%2Fv2%2Fproduct_cat&post=66481"},{"taxonomy":"product_tag","embeddable":true,"href":"https:\/\/www.autonvaraosahaku.fi\/index.php?rest_route=%2Fwp%2Fv2%2Fproduct_tag&post=66481"}],"curies":[{"name":"wp","href":"https:\/\/api.w.org\/{rel}","templated":true}]}}