{"id":66486,"date":"2021-02-21T18:49:14","date_gmt":"2021-02-21T18:49:14","guid":{"rendered":"https:\/\/www.autonvaraosahaku.fi\/?product=topran-115-995-automaattivaihteiston-suodatin"},"modified":"2021-02-21T18:49:16","modified_gmt":"2021-02-21T18:49:16","slug":"topran-115-995-automaattivaihteiston-suodatin","status":"publish","type":"product","link":"https:\/\/www.autonvaraosahaku.fi\/?product=topran-115-995-automaattivaihteiston-suodatin","title":{"rendered":"TOPRAN 115 995 Automaattivaihteiston suodatin"},"content":{"rendered":"<p>Yksitt\u00e4isosat luettelossa: ; Lis\u00e4tarvike\/lis\u00e4tieto: Tiivisteill\u00e4; Korvaava tuote\/korvaava tiedote 2: Suodattimella; Huomioi j\u00e4rjestelm\u00e4-t\u00e4ytt\u00f6m\u00e4\u00e4r\u00e4: ; Suodatintyyppi: Siivil\u00e4suodatin; Moottorinumero: AEB; VW: PASSAT Variant 3B6,PASSAT Variant 3B5,PASSAT 3B2,PASSAT 3B3; AUDI: A4 8D2, B5,A4 Avant 8ED, B7,A4 Avant 8E5, B6,A6 Avant 4B5, C5,A4 Avant 8D5, B5,A4 8E2, B6,A6 4B2, C5,A4 8EC, B7; SKODA: SUPERB 3U4; 01V398KIT01, 01V398KIT01, 01V398KIT01; Hydrauliikkasuodatinsarja, Automaattivaihteisto<\/p>\n","protected":false},"excerpt":{"rendered":"<p>TOPRAN Automaattivaihteiston Suodatin 115 995 Hydrauliikkasuodatinsarja, Automaattivaihteisto VW,AUDI,SKODA,PASSAT Variant 3B6,PASSAT Variant 3B5<\/p>\n","protected":false},"featured_media":0,"template":"","meta":{"site-sidebar-layout":"default","site-content-layout":"default","ast-global-header-display":"","ast-main-header-display":"","ast-hfb-above-header-display":"","ast-hfb-below-header-display":"","ast-hfb-mobile-header-display":"","site-post-title":"","ast-breadcrumbs-content":"","ast-featured-img":"","footer-sml-layout":"","theme-transparent-header-meta":"","adv-header-id-meta":"","stick-header-meta":"","header-above-stick-meta":"","header-main-stick-meta":"","header-below-stick-meta":""},"pwb-brand":[18],"product_cat":[141],"product_tag":[],"class_list":{"0":"post-66486","1":"product","2":"type-product","3":"status-publish","5":"pwb-brand-topran","6":"product_cat-automaattivaihteiston-suodatin","7":"desktop-align-left","8":"tablet-align-left","9":"mobile-align-left","11":"first","12":"instock","13":"product-type-external"},"brands":[{"id":18,"name":"TOPRAN","slug":"topran"}],"_links":{"self":[{"href":"https:\/\/www.autonvaraosahaku.fi\/index.php?rest_route=\/wp\/v2\/product\/66486","targetHints":{"allow":["GET"]}}],"collection":[{"href":"https:\/\/www.autonvaraosahaku.fi\/index.php?rest_route=\/wp\/v2\/product"}],"about":[{"href":"https:\/\/www.autonvaraosahaku.fi\/index.php?rest_route=\/wp\/v2\/types\/product"}],"wp:attachment":[{"href":"https:\/\/www.autonvaraosahaku.fi\/index.php?rest_route=%2Fwp%2Fv2%2Fmedia&parent=66486"}],"wp:term":[{"taxonomy":"pwb-brand","embeddable":true,"href":"https:\/\/www.autonvaraosahaku.fi\/index.php?rest_route=%2Fwp%2Fv2%2Fpwb-brand&post=66486"},{"taxonomy":"product_cat","embeddable":true,"href":"https:\/\/www.autonvaraosahaku.fi\/index.php?rest_route=%2Fwp%2Fv2%2Fproduct_cat&post=66486"},{"taxonomy":"product_tag","embeddable":true,"href":"https:\/\/www.autonvaraosahaku.fi\/index.php?rest_route=%2Fwp%2Fv2%2Fproduct_tag&post=66486"}],"curies":[{"name":"wp","href":"https:\/\/api.w.org\/{rel}","templated":true}]}}