{"id":66488,"date":"2021-02-21T18:49:14","date_gmt":"2021-02-21T18:49:14","guid":{"rendered":"https:\/\/www.autonvaraosahaku.fi\/?product=topran-820-879-raitisilmasuodatin"},"modified":"2021-02-21T18:49:16","modified_gmt":"2021-02-21T18:49:16","slug":"topran-820-879-raitisilmasuodatin","status":"publish","type":"product","link":"https:\/\/www.autonvaraosahaku.fi\/?product=topran-820-879-raitisilmasuodatin","title":{"rendered":"TOPRAN 820 879 Raitisilmasuodatin"},"content":{"rendered":"<p>Suodatintyyppi: Siitep\u00f6lysuodin, Suodatinpanos; Muoto: suorakulmainen (rectangular); M\u00e4\u00e4r\u00e4: 2; T\u00e4yssarja: ; Runkomateriaali: Solumuovi; Pituus (mm): 200; Leveys (mm): 116; Korkeus (mm): 20; Vasen \/ oikea liikenne: f\u00fcr Linkslenker; HYUNDAI: H-1 Travel TQ,H-1 Cargo TQ; 976174H000; Sis\u00e4ilmansuodatin,Suodatin, Sis\u00e4ilma<\/p>\n","protected":false},"excerpt":{"rendered":"<p>TOPRAN Raitisilmasuodatin 820 879 Sis\u00e4ilmansuodatin,Suodatin, Sis\u00e4ilma HYUNDAI,H-1 Travel TQ,H-1 Cargo TQ<\/p>\n","protected":false},"featured_media":0,"template":"","meta":{"site-sidebar-layout":"default","site-content-layout":"default","ast-global-header-display":"","ast-main-header-display":"","ast-hfb-above-header-display":"","ast-hfb-below-header-display":"","ast-hfb-mobile-header-display":"","site-post-title":"","ast-breadcrumbs-content":"","ast-featured-img":"","footer-sml-layout":"","theme-transparent-header-meta":"","adv-header-id-meta":"","stick-header-meta":"","header-above-stick-meta":"","header-main-stick-meta":"","header-below-stick-meta":""},"pwb-brand":[18],"product_cat":[19],"product_tag":[],"class_list":{"0":"post-66488","1":"product","2":"type-product","3":"status-publish","5":"pwb-brand-topran","6":"product_cat-raitisilmasuodatin","7":"desktop-align-left","8":"tablet-align-left","9":"mobile-align-left","11":"first","12":"instock","13":"product-type-external"},"brands":[{"id":18,"name":"TOPRAN","slug":"topran"}],"_links":{"self":[{"href":"https:\/\/www.autonvaraosahaku.fi\/index.php?rest_route=\/wp\/v2\/product\/66488","targetHints":{"allow":["GET"]}}],"collection":[{"href":"https:\/\/www.autonvaraosahaku.fi\/index.php?rest_route=\/wp\/v2\/product"}],"about":[{"href":"https:\/\/www.autonvaraosahaku.fi\/index.php?rest_route=\/wp\/v2\/types\/product"}],"wp:attachment":[{"href":"https:\/\/www.autonvaraosahaku.fi\/index.php?rest_route=%2Fwp%2Fv2%2Fmedia&parent=66488"}],"wp:term":[{"taxonomy":"pwb-brand","embeddable":true,"href":"https:\/\/www.autonvaraosahaku.fi\/index.php?rest_route=%2Fwp%2Fv2%2Fpwb-brand&post=66488"},{"taxonomy":"product_cat","embeddable":true,"href":"https:\/\/www.autonvaraosahaku.fi\/index.php?rest_route=%2Fwp%2Fv2%2Fproduct_cat&post=66488"},{"taxonomy":"product_tag","embeddable":true,"href":"https:\/\/www.autonvaraosahaku.fi\/index.php?rest_route=%2Fwp%2Fv2%2Fproduct_tag&post=66488"}],"curies":[{"name":"wp","href":"https:\/\/api.w.org\/{rel}","templated":true}]}}