{"id":66489,"date":"2021-02-21T18:49:14","date_gmt":"2021-02-21T18:49:14","guid":{"rendered":"https:\/\/www.autonvaraosahaku.fi\/?product=calorstat-by-vernet-ts6994-lampokytkin-jaahdyttimen-puhallin"},"modified":"2021-02-21T18:49:17","modified_gmt":"2021-02-21T18:49:17","slug":"calorstat-by-vernet-ts6994-lampokytkin-jaahdyttimen-puhallin","status":"publish","type":"product","link":"https:\/\/www.autonvaraosahaku.fi\/?product=calorstat-by-vernet-ts6994-lampokytkin-jaahdyttimen-puhallin","title":{"rendered":"CALORSTAT by Vernet TS6994 L\u00e4mp\u00f6kytkin j\u00e4\u00e4hdyttimen puhallin"},"content":{"rendered":"<p>Katkaisupiste (\u00b0C): 87; Kierremitta: M22x1.5; Teknisten tietojen numero: Circuit N.O.; Valmistusvuoteen: 03\/1992; VW: GOLF I 17,PASSAT Variant 32B,PASSAT 32B,POLO 86,SCIROCCO 53,PASSAT 32,DERBY 86,PASSAT Variant 33; AUDI: 80 80, 82, B1,100 C1,100 43, C2,100 Avant 43, C2; SEAT: TERRA Kasten 024A,127 127A,124,TERRA 24,131,124 Kombi,128; DAEWOO: NEXIA KLETN,NEXIA Stufenheck KLETN; LADA: NIVA 2121,SAMARA 2108, 2109, 2115, 2113, 2114,SAMARA Stufenheck 21099, 2115; SAAB: 900 I Cabriolet,900 I Combi Coupe,900 I AC4, AM4,99,90,99 Combi Coupe; FIAT: 132,FIORINO 147,FIORINO 127; CITRO\u00cbN: CX II,CX I MA,C15 VD-_,CX II Break,CX I Break MA; ALFA ROMEO: 33 907A,33 Sportwagon 907B; PORSCHE: 944; 0060564432, 60549313, 60564432, 0060564432, 60564432, 96181814, 81NU14806A, 033473, 054891, 055490, 4318331, 4340878, 53331172, 21033808800, 21083808800, 31030380820000, 81255056083, 81255056134, 0065453124, 94460648100, 4086708, 8533226, 8547572, 8561367, 856923, 8569238, 9526518, 4318331, FC95260000, FC95260003, GE95260000, GE95260001, GR95260000, HB95260000, HB95260001, LF95260000, LF95260001, SE127952600A<\/p>\n","protected":false},"excerpt":{"rendered":"<p>CALORSTAT by Vernet L\u00e4mp\u00f6kytkin J\u00e4\u00e4hdyttimen Puhallin TS6994  VW,AUDI,SEAT,GOLF I 17,PASSAT Variant 32B,PASSAT 32B,POLO 86,SCIROCCO 53,PASSAT 32<\/p>\n","protected":false},"featured_media":0,"template":"","meta":{"site-sidebar-layout":"default","site-content-layout":"default","ast-global-header-display":"","ast-main-header-display":"","ast-hfb-above-header-display":"","ast-hfb-below-header-display":"","ast-hfb-mobile-header-display":"","site-post-title":"","ast-breadcrumbs-content":"","ast-featured-img":"","footer-sml-layout":"","theme-transparent-header-meta":"","adv-header-id-meta":"","stick-header-meta":"","header-above-stick-meta":"","header-main-stick-meta":"","header-below-stick-meta":""},"pwb-brand":[343],"product_cat":[290],"product_tag":[],"class_list":{"0":"post-66489","1":"product","2":"type-product","3":"status-publish","5":"pwb-brand-calorstat-by-vernet","6":"product_cat-lampokytkin-jaahdyttimen-puhallin","7":"desktop-align-left","8":"tablet-align-left","9":"mobile-align-left","11":"first","12":"instock","13":"product-type-external"},"brands":[{"id":343,"name":"CALORSTAT by Vernet","slug":"calorstat-by-vernet"}],"_links":{"self":[{"href":"https:\/\/www.autonvaraosahaku.fi\/index.php?rest_route=\/wp\/v2\/product\/66489","targetHints":{"allow":["GET"]}}],"collection":[{"href":"https:\/\/www.autonvaraosahaku.fi\/index.php?rest_route=\/wp\/v2\/product"}],"about":[{"href":"https:\/\/www.autonvaraosahaku.fi\/index.php?rest_route=\/wp\/v2\/types\/product"}],"wp:attachment":[{"href":"https:\/\/www.autonvaraosahaku.fi\/index.php?rest_route=%2Fwp%2Fv2%2Fmedia&parent=66489"}],"wp:term":[{"taxonomy":"pwb-brand","embeddable":true,"href":"https:\/\/www.autonvaraosahaku.fi\/index.php?rest_route=%2Fwp%2Fv2%2Fpwb-brand&post=66489"},{"taxonomy":"product_cat","embeddable":true,"href":"https:\/\/www.autonvaraosahaku.fi\/index.php?rest_route=%2Fwp%2Fv2%2Fproduct_cat&post=66489"},{"taxonomy":"product_tag","embeddable":true,"href":"https:\/\/www.autonvaraosahaku.fi\/index.php?rest_route=%2Fwp%2Fv2%2Fproduct_tag&post=66489"}],"curies":[{"name":"wp","href":"https:\/\/api.w.org\/{rel}","templated":true}]}}