{"id":66498,"date":"2021-02-21T18:49:20","date_gmt":"2021-02-21T18:49:20","guid":{"rendered":"https:\/\/www.autonvaraosahaku.fi\/?product=ridex-689c0249-sytytyspuola"},"modified":"2021-02-21T18:49:20","modified_gmt":"2021-02-21T18:49:20","slug":"ridex-689c0249-sytytyspuola","status":"publish","type":"product","link":"https:\/\/www.autonvaraosahaku.fi\/?product=ridex-689c0249-sytytyspuola","title":{"rendered":"RIDEX 689C0249 Sytytyspuola"},"content":{"rendered":"<p>J\u00e4nnite (V): 12; K\u00e4yt\u00f6ss\u00e4 koskettimia: 6; TECDOC-moottorinumero: 18020; OPEL: ZAFIRA B A05,VECTRA C Caravan,SIGNUM,VECTRA C,VECTRA C GTS,ZAFIRA B Van; ALFA ROMEO: 159 Sportwagon 939,159 939,BRERA,SPIDER 939; VAUXHALL: ZAFIRA Mk II B M75,VECTRA Mk II C CC,VECTRA Mk II C Estate,VECTRA Mk II C,SIGNUM; 71739702, 71739715, 6235124, 9153250, 93172030, 6235124, 9153250, 93172030<\/p>\n","protected":false},"excerpt":{"rendered":"<p>RIDEX Sytytyspuola 689C0249  OPEL,ALFA ROMEO,VAUXHALL,ZAFIRA B A05,VECTRA C Caravan,SIGNUM,VECTRA C,VECTRA C GTS,ZAFIRA B Van,159 Sportwagon 939<\/p>\n","protected":false},"featured_media":0,"template":"","meta":{"site-sidebar-layout":"default","site-content-layout":"default","ast-global-header-display":"","ast-main-header-display":"","ast-hfb-above-header-display":"","ast-hfb-below-header-display":"","ast-hfb-mobile-header-display":"","site-post-title":"","ast-breadcrumbs-content":"","ast-featured-img":"","footer-sml-layout":"","theme-transparent-header-meta":"","adv-header-id-meta":"","stick-header-meta":"","header-above-stick-meta":"","header-main-stick-meta":"","header-below-stick-meta":""},"pwb-brand":[157],"product_cat":[25],"product_tag":[],"class_list":{"0":"post-66498","1":"product","2":"type-product","3":"status-publish","5":"pwb-brand-ridex","6":"product_cat-sytytyspuola","7":"desktop-align-left","8":"tablet-align-left","9":"mobile-align-left","11":"first","12":"instock","13":"product-type-external"},"brands":[{"id":157,"name":"RIDEX","slug":"ridex"}],"_links":{"self":[{"href":"https:\/\/www.autonvaraosahaku.fi\/index.php?rest_route=\/wp\/v2\/product\/66498","targetHints":{"allow":["GET"]}}],"collection":[{"href":"https:\/\/www.autonvaraosahaku.fi\/index.php?rest_route=\/wp\/v2\/product"}],"about":[{"href":"https:\/\/www.autonvaraosahaku.fi\/index.php?rest_route=\/wp\/v2\/types\/product"}],"wp:attachment":[{"href":"https:\/\/www.autonvaraosahaku.fi\/index.php?rest_route=%2Fwp%2Fv2%2Fmedia&parent=66498"}],"wp:term":[{"taxonomy":"pwb-brand","embeddable":true,"href":"https:\/\/www.autonvaraosahaku.fi\/index.php?rest_route=%2Fwp%2Fv2%2Fpwb-brand&post=66498"},{"taxonomy":"product_cat","embeddable":true,"href":"https:\/\/www.autonvaraosahaku.fi\/index.php?rest_route=%2Fwp%2Fv2%2Fproduct_cat&post=66498"},{"taxonomy":"product_tag","embeddable":true,"href":"https:\/\/www.autonvaraosahaku.fi\/index.php?rest_route=%2Fwp%2Fv2%2Fproduct_tag&post=66498"}],"curies":[{"name":"wp","href":"https:\/\/api.w.org\/{rel}","templated":true}]}}