{"id":66525,"date":"2021-02-21T18:49:25","date_gmt":"2021-02-21T18:49:25","guid":{"rendered":"https:\/\/www.autonvaraosahaku.fi\/?product=beru-zef1604-sytytysjohto"},"modified":"2021-02-21T18:49:27","modified_gmt":"2021-02-21T18:49:27","slug":"beru-zef1604-sytytysjohto","status":"publish","type":"product","link":"https:\/\/www.autonvaraosahaku.fi\/?product=beru-zef1604-sytytysjohto","title":{"rendered":"BERU ZEF1604 Sytytysjohto"},"content":{"rendered":"<p>DIN \/ ISO: D; Varusteet: ajoneuvoille ilman virranjakajaa; Sytytystulppa: Liit\u00e4nt\u00e4 SAE; Sytytyspuola: Liit\u00e4nt\u00e4 sahahammas; Pituus 1 (mm): 540; Pituus 2 (mm): 490; johtojen lukum\u00e4\u00e4r\u00e4: 4; Pituus 3 [mm]: 490; Pituus 4 [mm]: 492; Valmistusvuosi alkaen: 06\/2008; DACIA: SANDERO,LOGAN MCV II; RENAULT: TWINGO I C06_,CLIO II BB0\/1\/2_, CB0\/1\/2_,CLIO III BR0\/1, CR0\/1,KANGOO KC0\/1_,TWINGO II CN0_,MODUS \/ GRAND MODUS F\/JP0_,CLIO IV,KANGOO Express FC0\/1_,CLIO Grandtour KR0\/1_,TWINGO I Kasten S06_,WIND E4M_,THALIA I LB0\/1\/2_,THALIA II LU1\/2_; TALBOT: SIMCA 1000; 22440659R, 8200486877, 8200713680; Sytytysjohtosarja,Sytytyskaapeli<\/p>\n","protected":false},"excerpt":{"rendered":"<p>BERU Sytytysjohto ZEF1604 Sytytysjohtosarja,Sytytyskaapeli DACIA,RENAULT,TALBOT,SANDERO,LOGAN MCV II,TWINGO I C06_,CLIO II BB0\/1\/2_, CB0\/1\/2_<\/p>\n","protected":false},"featured_media":0,"template":"","meta":{"site-sidebar-layout":"default","site-content-layout":"default","ast-global-header-display":"","ast-main-header-display":"","ast-hfb-above-header-display":"","ast-hfb-below-header-display":"","ast-hfb-mobile-header-display":"","site-post-title":"","ast-breadcrumbs-content":"","ast-featured-img":"","footer-sml-layout":"","theme-transparent-header-meta":"","adv-header-id-meta":"","stick-header-meta":"","header-above-stick-meta":"","header-main-stick-meta":"","header-below-stick-meta":""},"pwb-brand":[327],"product_cat":[198],"product_tag":[],"class_list":{"0":"post-66525","1":"product","2":"type-product","3":"status-publish","5":"pwb-brand-beru","6":"product_cat-sytytysjohto","7":"desktop-align-left","8":"tablet-align-left","9":"mobile-align-left","11":"first","12":"instock","13":"product-type-external"},"brands":[{"id":327,"name":"BERU","slug":"beru"}],"_links":{"self":[{"href":"https:\/\/www.autonvaraosahaku.fi\/index.php?rest_route=\/wp\/v2\/product\/66525","targetHints":{"allow":["GET"]}}],"collection":[{"href":"https:\/\/www.autonvaraosahaku.fi\/index.php?rest_route=\/wp\/v2\/product"}],"about":[{"href":"https:\/\/www.autonvaraosahaku.fi\/index.php?rest_route=\/wp\/v2\/types\/product"}],"wp:attachment":[{"href":"https:\/\/www.autonvaraosahaku.fi\/index.php?rest_route=%2Fwp%2Fv2%2Fmedia&parent=66525"}],"wp:term":[{"taxonomy":"pwb-brand","embeddable":true,"href":"https:\/\/www.autonvaraosahaku.fi\/index.php?rest_route=%2Fwp%2Fv2%2Fpwb-brand&post=66525"},{"taxonomy":"product_cat","embeddable":true,"href":"https:\/\/www.autonvaraosahaku.fi\/index.php?rest_route=%2Fwp%2Fv2%2Fproduct_cat&post=66525"},{"taxonomy":"product_tag","embeddable":true,"href":"https:\/\/www.autonvaraosahaku.fi\/index.php?rest_route=%2Fwp%2Fv2%2Fproduct_tag&post=66525"}],"curies":[{"name":"wp","href":"https:\/\/api.w.org\/{rel}","templated":true}]}}