{"id":66542,"date":"2021-02-21T18:49:31","date_gmt":"2021-02-21T18:49:31","guid":{"rendered":"https:\/\/www.autonvaraosahaku.fi\/?product=elring-050-260-kampiakselin-tiiviste"},"modified":"2021-02-21T18:49:32","modified_gmt":"2021-02-21T18:49:32","slug":"elring-050-260-kampiakselin-tiiviste","status":"publish","type":"product","link":"https:\/\/www.autonvaraosahaku.fi\/?product=elring-050-260-kampiakselin-tiiviste","title":{"rendered":"ELRING 050.260 Kampiakselin tiiviste"},"content":{"rendered":"<p>Sis\u00e4l\u00e4pimitta [mm]: 48; Ulkol\u00e4pimitta [mm]: 65; Korkeus (mm): 10; Akselitiivisteen malli: AS; Rihlamalli: Oikea kierre; Materiaali: PTFE (polytetrafluorietyleeni)\/ACM (polyakryyli-kumi); Suojavaippa: Suojakumilla; Huomioi asennusoohje: ; Asennuspuoli: stirnseitig; LAND ROVER: FREELANDER LN,DEFENDER Station Wagon LD,FREELANDER Soft Top,DEFENDER Pick-up LD_; ROVER: 75 RJ,75 Tourer RJ; BMW: 3 E46,5 E39,5 E60,5 Touring E61,3 Touring E46,X3 E83,5 Touring E39,3 Compact E46,3 Coupe E46,X5 E53,3 Cabriolet E46,7 E38,Z3 E36,Z4 E85,5 E34,7 E65, E66, E67,6 E63,Z3 Coupe E36,Z4 Coupe E86,6 Cabriolet E64; MG: MG ZT- T,MG ZT; WIESMANN: MF3 Roadster,GT MF5 Coupe,MF5 Roadster; 11142247117, 11142249532, LUF100530, STC4397; Akselitiiviste, Kampiakseli<\/p>\n","protected":false},"excerpt":{"rendered":"<p>ELRING Kampiakselin Tiiviste 050.260 Akselitiiviste, Kampiakseli LAND ROVER,ROVER,BMW,FREELANDER LN,DEFENDER Station Wagon LD,FREELANDER Soft Top<\/p>\n","protected":false},"featured_media":0,"template":"","meta":{"site-sidebar-layout":"default","site-content-layout":"default","ast-global-header-display":"","ast-main-header-display":"","ast-hfb-above-header-display":"","ast-hfb-below-header-display":"","ast-hfb-mobile-header-display":"","site-post-title":"","ast-breadcrumbs-content":"","ast-featured-img":"","footer-sml-layout":"","theme-transparent-header-meta":"","adv-header-id-meta":"","stick-header-meta":"","header-above-stick-meta":"","header-main-stick-meta":"","header-below-stick-meta":""},"pwb-brand":[26],"product_cat":[88],"product_tag":[],"class_list":{"0":"post-66542","1":"product","2":"type-product","3":"status-publish","5":"pwb-brand-elring","6":"product_cat-kampiakselin-tiiviste","7":"desktop-align-left","8":"tablet-align-left","9":"mobile-align-left","11":"first","12":"instock","13":"product-type-external"},"brands":[{"id":26,"name":"ELRING","slug":"elring"}],"_links":{"self":[{"href":"https:\/\/www.autonvaraosahaku.fi\/index.php?rest_route=\/wp\/v2\/product\/66542","targetHints":{"allow":["GET"]}}],"collection":[{"href":"https:\/\/www.autonvaraosahaku.fi\/index.php?rest_route=\/wp\/v2\/product"}],"about":[{"href":"https:\/\/www.autonvaraosahaku.fi\/index.php?rest_route=\/wp\/v2\/types\/product"}],"wp:attachment":[{"href":"https:\/\/www.autonvaraosahaku.fi\/index.php?rest_route=%2Fwp%2Fv2%2Fmedia&parent=66542"}],"wp:term":[{"taxonomy":"pwb-brand","embeddable":true,"href":"https:\/\/www.autonvaraosahaku.fi\/index.php?rest_route=%2Fwp%2Fv2%2Fpwb-brand&post=66542"},{"taxonomy":"product_cat","embeddable":true,"href":"https:\/\/www.autonvaraosahaku.fi\/index.php?rest_route=%2Fwp%2Fv2%2Fproduct_cat&post=66542"},{"taxonomy":"product_tag","embeddable":true,"href":"https:\/\/www.autonvaraosahaku.fi\/index.php?rest_route=%2Fwp%2Fv2%2Fproduct_tag&post=66542"}],"curies":[{"name":"wp","href":"https:\/\/api.w.org\/{rel}","templated":true}]}}