{"id":66586,"date":"2021-02-21T18:49:46","date_gmt":"2021-02-21T18:49:46","guid":{"rendered":"https:\/\/www.autonvaraosahaku.fi\/?product=japanparts-pa-803af-jarrupalat"},"modified":"2021-02-21T18:49:47","modified_gmt":"2021-02-21T18:49:47","slug":"japanparts-pa-803af-jarrupalat","status":"publish","type":"product","link":"https:\/\/www.autonvaraosahaku.fi\/?product=japanparts-pa-803af-jarrupalat","title":{"rendered":"JAPANPARTS PA-803AF Jarrupalat"},"content":{"rendered":"<p>Asennuspuoli: Etuakseli; Jarrutyyppi: Levyjarru; Pituus (mm): 110,4; Korkeus (mm): 41,5; Paksuus [mm]: 14,8; WVA-numero: 21142; Tarkistuskilpi: ECE R90 APPROVED; Jarruj\u00e4rjestelm\u00e4: Sumitomo; M\u00e4\u00e4r\u00e4yksikk\u00f6: Akselisarja; Valmistusvuosi alkaen: 06\/1983; SUZUKI: JIMNY FJ,SAMURAI SJ,SJ 413,SJ 410 Cabrio,SJ 410,SUPER CARRY Bus ED; SANTANA: SAMURAI; 1A073323Z, 1A123323Z, 1A123323ZA, 1V643328Z, V9118S010, 1A013323Z, 5511070A00, 5511080000, 5511080001, 5511080010, 5511080020, 5520070810, 5520070811, 5520070812, 5520070812PPS, 5520070813000, 5520070AA0, 5520081A10, 5520081A10000, 5520081A30, 5520081A30000, 5520081A31, 5520081A31000, 5540162G00000, 5540162G01000, 5540262G00000, 5540262G01000, 5580062G10000, 5580062G11000, AY040KE111; Jarrupalasarja,Jarrupala, Levyjarru<\/p>\n","protected":false},"excerpt":{"rendered":"<p>JAPANPARTS Jarrupalat PA-803AF Jarrupalasarja,Jarrupala, Levyjarru SUZUKI,SANTANA,JIMNY FJ,SAMURAI SJ,SJ 413,SJ 410 Cabrio,SJ 410,SUPER CARRY Bus ED<\/p>\n","protected":false},"featured_media":0,"template":"","meta":{"site-sidebar-layout":"default","site-content-layout":"default","ast-global-header-display":"","ast-main-header-display":"","ast-hfb-above-header-display":"","ast-hfb-below-header-display":"","ast-hfb-mobile-header-display":"","site-post-title":"","ast-breadcrumbs-content":"","ast-featured-img":"","footer-sml-layout":"","theme-transparent-header-meta":"","adv-header-id-meta":"","stick-header-meta":"","header-above-stick-meta":"","header-main-stick-meta":"","header-below-stick-meta":""},"pwb-brand":[334],"product_cat":[100],"product_tag":[],"class_list":{"0":"post-66586","1":"product","2":"type-product","3":"status-publish","5":"pwb-brand-japanparts","6":"product_cat-jarrupalat","7":"desktop-align-left","8":"tablet-align-left","9":"mobile-align-left","11":"first","12":"instock","13":"product-type-external"},"brands":[{"id":334,"name":"JAPANPARTS","slug":"japanparts"}],"_links":{"self":[{"href":"https:\/\/www.autonvaraosahaku.fi\/index.php?rest_route=\/wp\/v2\/product\/66586","targetHints":{"allow":["GET"]}}],"collection":[{"href":"https:\/\/www.autonvaraosahaku.fi\/index.php?rest_route=\/wp\/v2\/product"}],"about":[{"href":"https:\/\/www.autonvaraosahaku.fi\/index.php?rest_route=\/wp\/v2\/types\/product"}],"wp:attachment":[{"href":"https:\/\/www.autonvaraosahaku.fi\/index.php?rest_route=%2Fwp%2Fv2%2Fmedia&parent=66586"}],"wp:term":[{"taxonomy":"pwb-brand","embeddable":true,"href":"https:\/\/www.autonvaraosahaku.fi\/index.php?rest_route=%2Fwp%2Fv2%2Fpwb-brand&post=66586"},{"taxonomy":"product_cat","embeddable":true,"href":"https:\/\/www.autonvaraosahaku.fi\/index.php?rest_route=%2Fwp%2Fv2%2Fproduct_cat&post=66586"},{"taxonomy":"product_tag","embeddable":true,"href":"https:\/\/www.autonvaraosahaku.fi\/index.php?rest_route=%2Fwp%2Fv2%2Fproduct_tag&post=66586"}],"curies":[{"name":"wp","href":"https:\/\/api.w.org\/{rel}","templated":true}]}}