{"id":66590,"date":"2021-02-21T18:49:46","date_gmt":"2021-02-21T18:49:46","guid":{"rendered":"https:\/\/www.autonvaraosahaku.fi\/?product=japanparts-mm-55501-iskunvaimennin"},"modified":"2021-02-21T18:49:48","modified_gmt":"2021-02-21T18:49:48","slug":"japanparts-mm-55501-iskunvaimennin","status":"publish","type":"product","link":"https:\/\/www.autonvaraosahaku.fi\/?product=japanparts-mm-55501-iskunvaimennin","title":{"rendered":"JAPANPARTS MM-55501 Iskunvaimennin"},"content":{"rendered":"<p>Asennuspuoli: Etuakseli; Iskunvaimennin tyyppi: Kaasupaine; v\u00e4h. pituus [mm]: 305; suurin pituus [mm]: 420; Sylinterim\u00e4nn\u00e4n halkaisija [mm]: 45; HYUNDAI: GALLOPER II JK-01; MITSUBISHI: PAJERO I L04_G, L14_G,PAJERO I Canvas Top L04_G; 54300M1070, 55099, HB217100A, HB217300, MB109661A, MB303366, MB303369, MB303740, MB303741, MB303850, MB303851, MB339213, MB339214, MB349076, MB430224, MB430225, MB584688; Iskarit,Iskunvaimennin<\/p>\n","protected":false},"excerpt":{"rendered":"<p>JAPANPARTS Iskunvaimentimet MM-55501 Iskarit,Iskunvaimennin HYUNDAI,MITSUBISHI,GALLOPER II JK-01,PAJERO I L04_G, L14_G,PAJERO I Canvas Top L04_G<\/p>\n","protected":false},"featured_media":0,"template":"","meta":{"site-sidebar-layout":"default","site-content-layout":"default","ast-global-header-display":"","ast-main-header-display":"","ast-hfb-above-header-display":"","ast-hfb-below-header-display":"","ast-hfb-mobile-header-display":"","site-post-title":"","ast-breadcrumbs-content":"","ast-featured-img":"","footer-sml-layout":"","theme-transparent-header-meta":"","adv-header-id-meta":"","stick-header-meta":"","header-above-stick-meta":"","header-main-stick-meta":"","header-below-stick-meta":""},"pwb-brand":[334],"product_cat":[80],"product_tag":[],"class_list":{"0":"post-66590","1":"product","2":"type-product","3":"status-publish","5":"pwb-brand-japanparts","6":"product_cat-iskunvaimennin","7":"desktop-align-left","8":"tablet-align-left","9":"mobile-align-left","11":"first","12":"instock","13":"product-type-external"},"brands":[{"id":334,"name":"JAPANPARTS","slug":"japanparts"}],"_links":{"self":[{"href":"https:\/\/www.autonvaraosahaku.fi\/index.php?rest_route=\/wp\/v2\/product\/66590","targetHints":{"allow":["GET"]}}],"collection":[{"href":"https:\/\/www.autonvaraosahaku.fi\/index.php?rest_route=\/wp\/v2\/product"}],"about":[{"href":"https:\/\/www.autonvaraosahaku.fi\/index.php?rest_route=\/wp\/v2\/types\/product"}],"wp:attachment":[{"href":"https:\/\/www.autonvaraosahaku.fi\/index.php?rest_route=%2Fwp%2Fv2%2Fmedia&parent=66590"}],"wp:term":[{"taxonomy":"pwb-brand","embeddable":true,"href":"https:\/\/www.autonvaraosahaku.fi\/index.php?rest_route=%2Fwp%2Fv2%2Fpwb-brand&post=66590"},{"taxonomy":"product_cat","embeddable":true,"href":"https:\/\/www.autonvaraosahaku.fi\/index.php?rest_route=%2Fwp%2Fv2%2Fproduct_cat&post=66590"},{"taxonomy":"product_tag","embeddable":true,"href":"https:\/\/www.autonvaraosahaku.fi\/index.php?rest_route=%2Fwp%2Fv2%2Fproduct_tag&post=66590"}],"curies":[{"name":"wp","href":"https:\/\/api.w.org\/{rel}","templated":true}]}}