{"id":66608,"date":"2021-02-21T18:49:53","date_gmt":"2021-02-21T18:49:53","guid":{"rendered":"https:\/\/www.autonvaraosahaku.fi\/?product=vaico-v20-0716-oljynsuodatin"},"modified":"2021-02-21T18:49:54","modified_gmt":"2021-02-21T18:49:54","slug":"vaico-v20-0716-oljynsuodatin","status":"publish","type":"product","link":"https:\/\/www.autonvaraosahaku.fi\/?product=vaico-v20-0716-oljynsuodatin","title":{"rendered":"VAICO V20-0716 \u00d6ljynsuodatin"},"content":{"rendered":"<p>Ulkol\u00e4pimitta [mm]: 72; Sis\u00e4l\u00e4pimitta 1 [mm]: 32; Korkeus (mm): 82,5; Sis\u00e4l\u00e4pimitta [mm]: 22,4; Ulkol\u00e4pimitta 1 [mm]: 72; Suodatintyyppi: Suodatinpanos; Paino [kg]: 0,1885; Pakkausleveys [cm]: 8,2; Pakkauskorkeus [mm]: 9,4; Pakkaussyvyys [cm]: 8,2; lis\u00e4tieto: CST99; JEEP: RENEGADE Gel\u00e4ndewagen geschlossen BU; MINI: MINI R50, R53,MINI Cabriolet R52; FIAT: LINEA 323,500X,TIPO Schr\u00e4gheck 356_,TIPO Kombi 356_,TIPO Stufenheck 356_; 04693101AA, 04693140AA, 04693140AB, 05015901AA, 4693101AA, 4693140AA, 4693140AB, 5015901AA, 11420026787, 11427509208, 11427512446<\/p>\n","protected":false},"excerpt":{"rendered":"<p>VAICO \u00d6ljynsuodatin V20-0716  JEEP,MINI,FIAT,RENEGADE Gel\u00e4ndewagen geschlossen BU,MINI R50, R53,MINI Cabriolet R52,LINEA 323,500X,TIPO Schr\u00e4gheck 356_<\/p>\n","protected":false},"featured_media":0,"template":"","meta":{"site-sidebar-layout":"default","site-content-layout":"default","ast-global-header-display":"","ast-main-header-display":"","ast-hfb-above-header-display":"","ast-hfb-below-header-display":"","ast-hfb-mobile-header-display":"","site-post-title":"","ast-breadcrumbs-content":"","ast-featured-img":"","footer-sml-layout":"","theme-transparent-header-meta":"","adv-header-id-meta":"","stick-header-meta":"","header-above-stick-meta":"","header-main-stick-meta":"","header-below-stick-meta":""},"pwb-brand":[330],"product_cat":[30],"product_tag":[],"class_list":{"0":"post-66608","1":"product","2":"type-product","3":"status-publish","5":"pwb-brand-vaico","6":"product_cat-oljynsuodatin","7":"desktop-align-left","8":"tablet-align-left","9":"mobile-align-left","11":"first","12":"instock","13":"product-type-external"},"brands":[{"id":330,"name":"VAICO","slug":"vaico"}],"_links":{"self":[{"href":"https:\/\/www.autonvaraosahaku.fi\/index.php?rest_route=\/wp\/v2\/product\/66608","targetHints":{"allow":["GET"]}}],"collection":[{"href":"https:\/\/www.autonvaraosahaku.fi\/index.php?rest_route=\/wp\/v2\/product"}],"about":[{"href":"https:\/\/www.autonvaraosahaku.fi\/index.php?rest_route=\/wp\/v2\/types\/product"}],"wp:attachment":[{"href":"https:\/\/www.autonvaraosahaku.fi\/index.php?rest_route=%2Fwp%2Fv2%2Fmedia&parent=66608"}],"wp:term":[{"taxonomy":"pwb-brand","embeddable":true,"href":"https:\/\/www.autonvaraosahaku.fi\/index.php?rest_route=%2Fwp%2Fv2%2Fpwb-brand&post=66608"},{"taxonomy":"product_cat","embeddable":true,"href":"https:\/\/www.autonvaraosahaku.fi\/index.php?rest_route=%2Fwp%2Fv2%2Fproduct_cat&post=66608"},{"taxonomy":"product_tag","embeddable":true,"href":"https:\/\/www.autonvaraosahaku.fi\/index.php?rest_route=%2Fwp%2Fv2%2Fproduct_tag&post=66608"}],"curies":[{"name":"wp","href":"https:\/\/api.w.org\/{rel}","templated":true}]}}