{"id":66625,"date":"2021-02-21T18:49:58","date_gmt":"2021-02-21T18:49:58","guid":{"rendered":"https:\/\/www.autonvaraosahaku.fi\/?product=vaico-v10-1664-jousilautanen"},"modified":"2021-02-21T18:50:00","modified_gmt":"2021-02-21T18:50:00","slug":"vaico-v10-1664-jousilautanen","status":"publish","type":"product","link":"https:\/\/www.autonvaraosahaku.fi\/?product=vaico-v10-1664-jousilautanen","title":{"rendered":"VAICO V10-1664 Jousilautanen"},"content":{"rendered":"<p>Sis\u00e4l\u00e4pimitta [mm]: 22; Ulkol\u00e4pimitta [mm]: 92; Asennuspuoli: Yl\u00e4puolella, Etuakseli; Paino [kg]: 0,144; Pakkausleveys [cm]: 9,2; Pakkauskorkeus [mm]: 2,05; Pakkaussyvyys [cm]: 9,2; lis\u00e4tieto: CST99; Valmistusvuosi alkaen: 01\/1993; VW: GOLF IV 1J1,LUPO 6X1, 6E1,GOLF III 1H1,GOLF IV Variant 1J5,POLO 6N1,PASSAT Variant 3A5, 35I,BORA 1J2,NEW BEETLE 9C1, 1C1,BORA Kombi 1J6,GOLF III Variant 1H5,NEW BEETLE Cabriolet 1Y7,PASSAT 3A2, 35I,CORRADO 53I,VENTO 1H2; AUDI: A3 8L1,TT 8N3,TT Roadster 8N9; SKODA: OCTAVIA Combi 1Z5,OCTAVIA Combi 1U5,OCTAVIA 1Z3,OCTAVIA 1U2; SEAT: LEON 1P1,IBIZA V 6J5, 6P5,LEON 1M1,AROSA 6H,TOLEDO II 1M2; 1J0412341, 357412341A, 1J0412341, 357412341A, 1J0412341, 357412341A, 1J0412341, 357412341A<\/p>\n","protected":false},"excerpt":{"rendered":"<p>VAICO Jousilautanen V10-1664  VW,AUDI,SKODA,GOLF IV 1J1,LUPO 6X1, 6E1,GOLF III 1H1,GOLF IV Variant 1J5,POLO 6N1,PASSAT Variant 3A5, 35I,BORA 1J2<\/p>\n","protected":false},"featured_media":0,"template":"","meta":{"site-sidebar-layout":"default","site-content-layout":"default","ast-global-header-display":"","ast-main-header-display":"","ast-hfb-above-header-display":"","ast-hfb-below-header-display":"","ast-hfb-mobile-header-display":"","site-post-title":"","ast-breadcrumbs-content":"","ast-featured-img":"","footer-sml-layout":"","theme-transparent-header-meta":"","adv-header-id-meta":"","stick-header-meta":"","header-above-stick-meta":"","header-main-stick-meta":"","header-below-stick-meta":""},"pwb-brand":[330],"product_cat":[188],"product_tag":[],"class_list":{"0":"post-66625","1":"product","2":"type-product","3":"status-publish","5":"pwb-brand-vaico","6":"product_cat-jousilautanen","7":"desktop-align-left","8":"tablet-align-left","9":"mobile-align-left","11":"first","12":"instock","13":"product-type-external"},"brands":[{"id":330,"name":"VAICO","slug":"vaico"}],"_links":{"self":[{"href":"https:\/\/www.autonvaraosahaku.fi\/index.php?rest_route=\/wp\/v2\/product\/66625","targetHints":{"allow":["GET"]}}],"collection":[{"href":"https:\/\/www.autonvaraosahaku.fi\/index.php?rest_route=\/wp\/v2\/product"}],"about":[{"href":"https:\/\/www.autonvaraosahaku.fi\/index.php?rest_route=\/wp\/v2\/types\/product"}],"wp:attachment":[{"href":"https:\/\/www.autonvaraosahaku.fi\/index.php?rest_route=%2Fwp%2Fv2%2Fmedia&parent=66625"}],"wp:term":[{"taxonomy":"pwb-brand","embeddable":true,"href":"https:\/\/www.autonvaraosahaku.fi\/index.php?rest_route=%2Fwp%2Fv2%2Fpwb-brand&post=66625"},{"taxonomy":"product_cat","embeddable":true,"href":"https:\/\/www.autonvaraosahaku.fi\/index.php?rest_route=%2Fwp%2Fv2%2Fproduct_cat&post=66625"},{"taxonomy":"product_tag","embeddable":true,"href":"https:\/\/www.autonvaraosahaku.fi\/index.php?rest_route=%2Fwp%2Fv2%2Fproduct_tag&post=66625"}],"curies":[{"name":"wp","href":"https:\/\/api.w.org\/{rel}","templated":true}]}}