{"id":66630,"date":"2021-02-21T18:49:58","date_gmt":"2021-02-21T18:49:58","guid":{"rendered":"https:\/\/www.autonvaraosahaku.fi\/?product=trw-jgt233t-iskunvaimennin"},"modified":"2021-02-21T18:50:01","modified_gmt":"2021-02-21T18:50:01","slug":"trw-jgt233t-iskunvaimennin","status":"publish","type":"product","link":"https:\/\/www.autonvaraosahaku.fi\/?product=trw-jgt233t-iskunvaimennin","title":{"rendered":"TRW JGT233T Iskunvaimennin"},"content":{"rendered":"<p>Lukum\u00e4\u00e4r\u00e4 akselille: 1; Asennuspuoli: Taka-akseli; Iskunvaimennin tyyppi: Kaasupaine; Iskunvaimennin malli: Teleskooppi-iskunvaimentaja; Iskunvaimennusj\u00e4rjestelm\u00e4: Kaksiputki; Iskunvaimennin asennustapa: Silmukka ylh\u00e4\u00e4ll\u00e4, Silmukka alhaalla; L\u00e4pimitta [mm]: 39; Pituus 1 (mm): 319; Pituus 2 (mm): 222; Huomioi tekniset tiedot: ; Tuotelinja: TWIN; Alustarakenne: f\u00fcr Fahrzeuge ohne elektr. D\u00e4mpferregulierung; LANCIA: DELTA II 836,DEDRA 835,DEDRA SW 835; FIAT: BRAVO I 182,BRAVA 182,MAREA Weekend 185,PALIO Weekend 178DX,TIPO 160,MAREA 185,TEMPRA 159,TEMPRA S.W. 159; ALFA ROMEO: 145 930,155 167,146 930; 60500393, 60540772, 60602722, 60607640, 60620082, 60620083, 60621468, 60624149, 60812884, 0000007678636, 0000046463795, 0000046471503, 0000046477065, 0000046518129, 0000071716546, 0000082464259, 0007642277, 0007648479, 0007648481, 0046405781, 0046421624, 0046437776, 0046439456, 0046442794, 0046442796, 0060806455, 46402631, 46405783, 46409717, 46417134, 46424224, 46444663, 46455144, 46463792, 46463793, 46463794, 46463796, 46468146, 46519455, 46747928, 46766471, 46803344, 71712474, 71712478, 71712488, 71712641, 71716544, 7610120, 7610121, 7613698, 7619437, 7638163, 7640931, 7642982, 7648317, 7648482, 7658106, 7658317, 7668431, 7727529, 7777585, 7777948, 7782234, 7782284, 0000007642277, 0000007648479, 0000007648481, 0000007648482, 0000007690033, 0000046405781, 0000046421624, 0000046421626, 0000046424224, 0000046437778, 0000046439456, 0000046439462, 0000046442794, 0000046537041, 0007640930, 46405783, 46414480, 46415599, 46424224, 46437776, 46444663, 46459363, 46528791, 71712474, 71712478&#8230;; Iskarit,Iskunvaimennin<\/p>\n","protected":false},"excerpt":{"rendered":"<p>TRW Iskunvaimentimet JGT233T Iskarit,Iskunvaimennin LANCIA,FIAT,ALFA ROMEO,DELTA II 836,DEDRA 835,DEDRA SW 835,BRAVO I 182,BRAVA 182,MAREA Weekend 185<\/p>\n","protected":false},"featured_media":0,"template":"","meta":{"site-sidebar-layout":"default","site-content-layout":"default","ast-global-header-display":"","ast-main-header-display":"","ast-hfb-above-header-display":"","ast-hfb-below-header-display":"","ast-hfb-mobile-header-display":"","site-post-title":"","ast-breadcrumbs-content":"","ast-featured-img":"","footer-sml-layout":"","theme-transparent-header-meta":"","adv-header-id-meta":"","stick-header-meta":"","header-above-stick-meta":"","header-main-stick-meta":"","header-below-stick-meta":""},"pwb-brand":[332],"product_cat":[80],"product_tag":[],"class_list":{"0":"post-66630","1":"product","2":"type-product","3":"status-publish","5":"pwb-brand-trw","6":"product_cat-iskunvaimennin","7":"desktop-align-left","8":"tablet-align-left","9":"mobile-align-left","11":"first","12":"instock","13":"product-type-external"},"brands":[{"id":332,"name":"TRW","slug":"trw"}],"_links":{"self":[{"href":"https:\/\/www.autonvaraosahaku.fi\/index.php?rest_route=\/wp\/v2\/product\/66630","targetHints":{"allow":["GET"]}}],"collection":[{"href":"https:\/\/www.autonvaraosahaku.fi\/index.php?rest_route=\/wp\/v2\/product"}],"about":[{"href":"https:\/\/www.autonvaraosahaku.fi\/index.php?rest_route=\/wp\/v2\/types\/product"}],"wp:attachment":[{"href":"https:\/\/www.autonvaraosahaku.fi\/index.php?rest_route=%2Fwp%2Fv2%2Fmedia&parent=66630"}],"wp:term":[{"taxonomy":"pwb-brand","embeddable":true,"href":"https:\/\/www.autonvaraosahaku.fi\/index.php?rest_route=%2Fwp%2Fv2%2Fpwb-brand&post=66630"},{"taxonomy":"product_cat","embeddable":true,"href":"https:\/\/www.autonvaraosahaku.fi\/index.php?rest_route=%2Fwp%2Fv2%2Fproduct_cat&post=66630"},{"taxonomy":"product_tag","embeddable":true,"href":"https:\/\/www.autonvaraosahaku.fi\/index.php?rest_route=%2Fwp%2Fv2%2Fproduct_tag&post=66630"}],"curies":[{"name":"wp","href":"https:\/\/api.w.org\/{rel}","templated":true}]}}