{"id":66639,"date":"2021-02-21T18:49:58","date_gmt":"2021-02-21T18:49:58","guid":{"rendered":"https:\/\/www.autonvaraosahaku.fi\/?product=trw-gdb3437-jarrupalat"},"modified":"2021-02-21T18:50:02","modified_gmt":"2021-02-21T18:50:02","slug":"trw-gdb3437-jarrupalat","status":"publish","type":"product","link":"https:\/\/www.autonvaraosahaku.fi\/?product=trw-gdb3437-jarrupalat","title":{"rendered":"TRW GDB3437 Jarrupalat"},"content":{"rendered":"<p>Valmistaja rajaus: TRW; Pituus (mm): 125,6; Korkeus (mm): 51,7; Paksuus [mm]: 15,3; Kulumisenilmaisimen liitos: akustisella kulumavaroittimella; Tarkistuskilpi: E9 90R &#8211; 01107\/2189; M\u00e4\u00e4r\u00e4yksikk\u00f6: Akselisarja; Tuotelinja: COTEC; Asennuspuoli: Vorderachse; FORD: FIESTA VI,FIESTA Stufenheck JA8 JR8,FIESTA VI Van; MAZDA: 2 DE,2 Stufenheck DE; SUZUKI: SWIFT IV FZ, NZ; SUBARU: JUSTY IV; DAIHATSU: SIRION M3_,MATERIA M4_; 04465B1120, 04465B1190, 04465B1191, 04465B1320, 04465B1320000, 1550219, 8V512K021AA, D6BC2001AA, DFY13328Z, DFY13328ZA, DFY13329Z, DFY13329ZA, 04465B1320, 5581068L00, 5581068L50, 5581071L50000, 5581071L51; Jarrupalasarja,Jarrupala, Levyjarru<\/p>\n","protected":false},"excerpt":{"rendered":"<p>TRW Jarrupalat GDB3437 Jarrupalasarja,Jarrupala, Levyjarru FORD,MAZDA,SUZUKI,FIESTA VI,FIESTA Stufenheck JA8 JR8,FIESTA VI Van,2 DE,2 Stufenheck DE<\/p>\n","protected":false},"featured_media":0,"template":"","meta":{"site-sidebar-layout":"default","site-content-layout":"default","ast-global-header-display":"","ast-main-header-display":"","ast-hfb-above-header-display":"","ast-hfb-below-header-display":"","ast-hfb-mobile-header-display":"","site-post-title":"","ast-breadcrumbs-content":"","ast-featured-img":"","footer-sml-layout":"","theme-transparent-header-meta":"","adv-header-id-meta":"","stick-header-meta":"","header-above-stick-meta":"","header-main-stick-meta":"","header-below-stick-meta":""},"pwb-brand":[332],"product_cat":[100],"product_tag":[],"class_list":{"0":"post-66639","1":"product","2":"type-product","3":"status-publish","5":"pwb-brand-trw","6":"product_cat-jarrupalat","7":"desktop-align-left","8":"tablet-align-left","9":"mobile-align-left","11":"first","12":"instock","13":"product-type-external"},"brands":[{"id":332,"name":"TRW","slug":"trw"}],"_links":{"self":[{"href":"https:\/\/www.autonvaraosahaku.fi\/index.php?rest_route=\/wp\/v2\/product\/66639","targetHints":{"allow":["GET"]}}],"collection":[{"href":"https:\/\/www.autonvaraosahaku.fi\/index.php?rest_route=\/wp\/v2\/product"}],"about":[{"href":"https:\/\/www.autonvaraosahaku.fi\/index.php?rest_route=\/wp\/v2\/types\/product"}],"wp:attachment":[{"href":"https:\/\/www.autonvaraosahaku.fi\/index.php?rest_route=%2Fwp%2Fv2%2Fmedia&parent=66639"}],"wp:term":[{"taxonomy":"pwb-brand","embeddable":true,"href":"https:\/\/www.autonvaraosahaku.fi\/index.php?rest_route=%2Fwp%2Fv2%2Fpwb-brand&post=66639"},{"taxonomy":"product_cat","embeddable":true,"href":"https:\/\/www.autonvaraosahaku.fi\/index.php?rest_route=%2Fwp%2Fv2%2Fproduct_cat&post=66639"},{"taxonomy":"product_tag","embeddable":true,"href":"https:\/\/www.autonvaraosahaku.fi\/index.php?rest_route=%2Fwp%2Fv2%2Fproduct_tag&post=66639"}],"curies":[{"name":"wp","href":"https:\/\/api.w.org\/{rel}","templated":true}]}}