{"id":66646,"date":"2021-02-21T18:50:04","date_gmt":"2021-02-21T18:50:04","guid":{"rendered":"https:\/\/www.autonvaraosahaku.fi\/?product=trw-gdb1205-jarrupalat"},"modified":"2021-02-21T18:50:05","modified_gmt":"2021-02-21T18:50:05","slug":"trw-gdb1205-jarrupalat","status":"publish","type":"product","link":"https:\/\/www.autonvaraosahaku.fi\/?product=trw-gdb1205-jarrupalat","title":{"rendered":"TRW GDB1205 Jarrupalat"},"content":{"rendered":"<p>Valmistaja rajaus: ATE; Pituus 2 (mm): 151,5; Paksuus [mm]: 19,5; Kulumisenilmaisimen liitos: Kulumisenilmaisemelle; Tarkistuskilpi: E1 90R 01024\/163; Pituus 1 (mm): 150,1; Korkeus 1 (mm): 66,3; Korkeus 2 (mm): 60; M\u00e4\u00e4r\u00e4yksikk\u00f6: Akselisarja; Tuotelinja: COTEC; Asennuspuoli: Vorderachse; MERCEDES-BENZ: C-CLASS W202,SLK R170,E-CLASS W210,E-CLASS Kombi S210,CLK C208,C-CLASS Kombi S202,CLK Cabriolet A208,S-CLASS Coupe C140; 0024204420, 0024209620, 0044200220, 004420022041, 0054204720, A0024204420, A0024209620, A0044200220, A004420022041, A0054204720; Jarrupalasarja,Jarrupala, Levyjarru<\/p>\n","protected":false},"excerpt":{"rendered":"<p>TRW Jarrupalat GDB1205 Jarrupalasarja,Jarrupala, Levyjarru MERCEDES-BENZ,C-CLASS W202,SLK R170,E-CLASS W210,E-CLASS Kombi S210,CLK C208<\/p>\n","protected":false},"featured_media":0,"template":"","meta":{"site-sidebar-layout":"default","site-content-layout":"default","ast-global-header-display":"","ast-main-header-display":"","ast-hfb-above-header-display":"","ast-hfb-below-header-display":"","ast-hfb-mobile-header-display":"","site-post-title":"","ast-breadcrumbs-content":"","ast-featured-img":"","footer-sml-layout":"","theme-transparent-header-meta":"","adv-header-id-meta":"","stick-header-meta":"","header-above-stick-meta":"","header-main-stick-meta":"","header-below-stick-meta":""},"pwb-brand":[332],"product_cat":[100],"product_tag":[],"class_list":{"0":"post-66646","1":"product","2":"type-product","3":"status-publish","5":"pwb-brand-trw","6":"product_cat-jarrupalat","7":"desktop-align-left","8":"tablet-align-left","9":"mobile-align-left","11":"first","12":"instock","13":"product-type-external"},"brands":[{"id":332,"name":"TRW","slug":"trw"}],"_links":{"self":[{"href":"https:\/\/www.autonvaraosahaku.fi\/index.php?rest_route=\/wp\/v2\/product\/66646","targetHints":{"allow":["GET"]}}],"collection":[{"href":"https:\/\/www.autonvaraosahaku.fi\/index.php?rest_route=\/wp\/v2\/product"}],"about":[{"href":"https:\/\/www.autonvaraosahaku.fi\/index.php?rest_route=\/wp\/v2\/types\/product"}],"wp:attachment":[{"href":"https:\/\/www.autonvaraosahaku.fi\/index.php?rest_route=%2Fwp%2Fv2%2Fmedia&parent=66646"}],"wp:term":[{"taxonomy":"pwb-brand","embeddable":true,"href":"https:\/\/www.autonvaraosahaku.fi\/index.php?rest_route=%2Fwp%2Fv2%2Fpwb-brand&post=66646"},{"taxonomy":"product_cat","embeddable":true,"href":"https:\/\/www.autonvaraosahaku.fi\/index.php?rest_route=%2Fwp%2Fv2%2Fproduct_cat&post=66646"},{"taxonomy":"product_tag","embeddable":true,"href":"https:\/\/www.autonvaraosahaku.fi\/index.php?rest_route=%2Fwp%2Fv2%2Fproduct_tag&post=66646"}],"curies":[{"name":"wp","href":"https:\/\/api.w.org\/{rel}","templated":true}]}}