{"id":66648,"date":"2021-02-21T18:50:04","date_gmt":"2021-02-21T18:50:04","guid":{"rendered":"https:\/\/www.autonvaraosahaku.fi\/?product=trw-jgm5789t-iskunvaimennin"},"modified":"2021-02-21T18:50:05","modified_gmt":"2021-02-21T18:50:05","slug":"trw-jgm5789t-iskunvaimennin","status":"publish","type":"product","link":"https:\/\/www.autonvaraosahaku.fi\/?product=trw-jgm5789t-iskunvaimennin","title":{"rendered":"TRW JGM5789T Iskunvaimennin"},"content":{"rendered":"<p>Lukum\u00e4\u00e4r\u00e4 akselille: 1; Asennuspuoli: Etuakseli; Iskunvaimennin tyyppi: Kaasupaine; Iskunvaimennin malli: Joustintuki; Iskunvaimennusj\u00e4rjestelm\u00e4: Kaksiputki; Iskunvaimennin asennustapa: Tappi ylh\u00e4\u00e4ll\u00e4; L\u00e4pimitta [mm]: 51; Kierremitta: M14x1,5; Pituus 1 (mm): 584; Pituus 2 (mm): 390; M\u00e4nn\u00e4nvarren l\u00e4pimitta [mm]: 22; Huomioi tekniset tiedot: ; Tuotelinja: TWIN; Valmistusvuoteen: 09\/2003; LANCIA: PHEDRA 179; FIAT: ULYSSE 179AX; CITRO\u00cbN: C8 EA_, EB_; PEUGEOT: 807 E; 5202FY, 5202FZ, 5202PF, 5202PH, 5202PL, 5202PN, 5202QT, 5202QV, 5202RR, 5202RS, 520839, 520840, 5208P7, 5208P8, 5208Q6, 5208Q7, 1400033180, 1400033280, 1401277480, 1401277580, 1488773080, 1488774080, 1494035080, 1494036080, 1494215080, 1494216080, 1498471087, 1498472087, 1499898087, 1499899087, 0001488773080, 0001488774080, 1400033180, 1400033280, 1401277480, 1401277580, 1488773080, 1488774080, 1494035080, 1494036080, 1494215080, 1494216080, 1498471087, 1498472087, 1499898087, 1499899087, 5202FW, 5202FX, 5202FY, 5202FZ, 5202LK, 5202LL, 5202PE, 5202PG, 5202PL, 5202PN, 5202RR, 5202RS, 520831, 520833, 520839, 520840, 5208P7, 5208P8, 5208Q6, 5208Q7; Iskarit,Iskunvaimennin<\/p>\n","protected":false},"excerpt":{"rendered":"<p>TRW Iskunvaimentimet JGM5789T Iskarit,Iskunvaimennin LANCIA,FIAT,CITRO\u00cbN,PHEDRA 179,ULYSSE 179AX,C8 EA_, EB_,807 E<\/p>\n","protected":false},"featured_media":0,"template":"","meta":{"site-sidebar-layout":"default","site-content-layout":"default","ast-global-header-display":"","ast-main-header-display":"","ast-hfb-above-header-display":"","ast-hfb-below-header-display":"","ast-hfb-mobile-header-display":"","site-post-title":"","ast-breadcrumbs-content":"","ast-featured-img":"","footer-sml-layout":"","theme-transparent-header-meta":"","adv-header-id-meta":"","stick-header-meta":"","header-above-stick-meta":"","header-main-stick-meta":"","header-below-stick-meta":""},"pwb-brand":[332],"product_cat":[80],"product_tag":[],"class_list":{"0":"post-66648","1":"product","2":"type-product","3":"status-publish","5":"pwb-brand-trw","6":"product_cat-iskunvaimennin","7":"desktop-align-left","8":"tablet-align-left","9":"mobile-align-left","11":"first","12":"instock","13":"product-type-external"},"brands":[{"id":332,"name":"TRW","slug":"trw"}],"_links":{"self":[{"href":"https:\/\/www.autonvaraosahaku.fi\/index.php?rest_route=\/wp\/v2\/product\/66648","targetHints":{"allow":["GET"]}}],"collection":[{"href":"https:\/\/www.autonvaraosahaku.fi\/index.php?rest_route=\/wp\/v2\/product"}],"about":[{"href":"https:\/\/www.autonvaraosahaku.fi\/index.php?rest_route=\/wp\/v2\/types\/product"}],"wp:attachment":[{"href":"https:\/\/www.autonvaraosahaku.fi\/index.php?rest_route=%2Fwp%2Fv2%2Fmedia&parent=66648"}],"wp:term":[{"taxonomy":"pwb-brand","embeddable":true,"href":"https:\/\/www.autonvaraosahaku.fi\/index.php?rest_route=%2Fwp%2Fv2%2Fpwb-brand&post=66648"},{"taxonomy":"product_cat","embeddable":true,"href":"https:\/\/www.autonvaraosahaku.fi\/index.php?rest_route=%2Fwp%2Fv2%2Fproduct_cat&post=66648"},{"taxonomy":"product_tag","embeddable":true,"href":"https:\/\/www.autonvaraosahaku.fi\/index.php?rest_route=%2Fwp%2Fv2%2Fproduct_tag&post=66648"}],"curies":[{"name":"wp","href":"https:\/\/api.w.org\/{rel}","templated":true}]}}