{"id":66649,"date":"2021-02-21T18:50:04","date_gmt":"2021-02-21T18:50:04","guid":{"rendered":"https:\/\/www.autonvaraosahaku.fi\/?product=trw-gdb102-jarrupalat"},"modified":"2021-02-21T18:50:06","modified_gmt":"2021-02-21T18:50:06","slug":"trw-gdb102-jarrupalat","status":"publish","type":"product","link":"https:\/\/www.autonvaraosahaku.fi\/?product=trw-gdb102-jarrupalat","title":{"rendered":"TRW GDB102 Jarrupalat"},"content":{"rendered":"<p>Valmistaja rajaus: ATE; Kulumisenilmaisimen liitos: Ei kulumisenilmaisimelle; Korkeus (mm): 53; Pituus (mm): 55,7; Paksuus [mm]: 15; M\u00e4\u00e4r\u00e4yksikk\u00f6: Akselisarja; Tuotelinja: COTEC; Asennuspuoli: Hinterachse; VW: KAEFER,KAEFER Cabriolet 15,KARMANN GHIA Coupe 14, 34; VOLVO: 66,66 Kombi; SAAB: 9000 Schr\u00e4gheck,900 I Cabriolet,900 I Combi Coupe,900 I AC4, AM4,99,90,99 Combi Coupe; OPEL: VECTRA B 36_,VECTRA B Caravan 31_,VECTRA B CC 38_,KADETT B,KADETT B Coupe,KADETT B Caravan,OLYMPIA A Coupe,OLYMPIA A; ALFA ROMEO: SPIDER 115,SPIDER 105,GIULIA,GT,1750-2000,MONTREAL,GIULIA GT,GTA Coupe; PORSCHE: 911,911 Targa,356 Coupe,356 Cabriolet\/Speedster,912 Targa; VAUXHALL: VECTRA B CC,VECTRA B Estate,VECTRA B; TALBOT: SIMCA 1000,SIMCA 1100 Schr\u00e4gheck; NSU: RO 80; DAF: 55 Kombi,66; 0000060712607, 0000060724236, 0060712608, 0060714402, 0060714404, 0060723585, 0060724237, 105262600300, 10526260030025, 105482600301, 10548260030125, 60712608, 60714402, 60714404, 60723585, 60724237, 311698151B, 311698151D, 33438380, 1605005, 1605147, 1605148, 1605204, 1605324, 1605707, 424891, 311698151D, 91435292300, 8961856, 8993230, 8994832, 9101916, 9102716, 311698151B, 311698151B, 0016837400, 13582800, 424891, 1605324, 33438380, 311698151B, 311698151D; Jarrupalasarja,Jarrupala, Levyjarru<\/p>\n","protected":false},"excerpt":{"rendered":"<p>TRW Jarrupalat GDB102 Jarrupalasarja,Jarrupala, Levyjarru VW,VOLVO,SAAB,KAEFER,KAEFER Cabriolet 15,KARMANN GHIA Coupe 14, 34,66,66 Kombi<\/p>\n","protected":false},"featured_media":0,"template":"","meta":{"site-sidebar-layout":"default","site-content-layout":"default","ast-global-header-display":"","ast-main-header-display":"","ast-hfb-above-header-display":"","ast-hfb-below-header-display":"","ast-hfb-mobile-header-display":"","site-post-title":"","ast-breadcrumbs-content":"","ast-featured-img":"","footer-sml-layout":"","theme-transparent-header-meta":"","adv-header-id-meta":"","stick-header-meta":"","header-above-stick-meta":"","header-main-stick-meta":"","header-below-stick-meta":""},"pwb-brand":[332],"product_cat":[100],"product_tag":[],"class_list":{"0":"post-66649","1":"product","2":"type-product","3":"status-publish","5":"pwb-brand-trw","6":"product_cat-jarrupalat","7":"desktop-align-left","8":"tablet-align-left","9":"mobile-align-left","11":"first","12":"instock","13":"product-type-external"},"brands":[{"id":332,"name":"TRW","slug":"trw"}],"_links":{"self":[{"href":"https:\/\/www.autonvaraosahaku.fi\/index.php?rest_route=\/wp\/v2\/product\/66649","targetHints":{"allow":["GET"]}}],"collection":[{"href":"https:\/\/www.autonvaraosahaku.fi\/index.php?rest_route=\/wp\/v2\/product"}],"about":[{"href":"https:\/\/www.autonvaraosahaku.fi\/index.php?rest_route=\/wp\/v2\/types\/product"}],"wp:attachment":[{"href":"https:\/\/www.autonvaraosahaku.fi\/index.php?rest_route=%2Fwp%2Fv2%2Fmedia&parent=66649"}],"wp:term":[{"taxonomy":"pwb-brand","embeddable":true,"href":"https:\/\/www.autonvaraosahaku.fi\/index.php?rest_route=%2Fwp%2Fv2%2Fpwb-brand&post=66649"},{"taxonomy":"product_cat","embeddable":true,"href":"https:\/\/www.autonvaraosahaku.fi\/index.php?rest_route=%2Fwp%2Fv2%2Fproduct_cat&post=66649"},{"taxonomy":"product_tag","embeddable":true,"href":"https:\/\/www.autonvaraosahaku.fi\/index.php?rest_route=%2Fwp%2Fv2%2Fproduct_tag&post=66649"}],"curies":[{"name":"wp","href":"https:\/\/api.w.org\/{rel}","templated":true}]}}