{"id":66654,"date":"2021-02-21T18:50:04","date_gmt":"2021-02-21T18:50:04","guid":{"rendered":"https:\/\/www.autonvaraosahaku.fi\/?product=febi-bilstein-28437-jarrulevyt"},"modified":"2021-02-21T18:50:07","modified_gmt":"2021-02-21T18:50:07","slug":"febi-bilstein-28437-jarrulevyt","status":"publish","type":"product","link":"https:\/\/www.autonvaraosahaku.fi\/?product=febi-bilstein-28437-jarrulevyt","title":{"rendered":"FEBI BILSTEIN 28437 Jarrulevyt"},"content":{"rendered":"<p>Jarrulevyn paksuus (mm): 28; Kiinnitysreikien lukum\u00e4\u00e4r\u00e4: 6, 2; Paksuus [mm]: 46,3; Ulkol\u00e4pimitta [mm]: 294,0; Reik\u00e4ympyr\u00e4-\u00d8 [mm]: 139,7; Pinta: pinnoitettu; Jarrulevytyyppi: Tuuletettu, sis\u00e4; Asennuspuoli: Etuakseli; V\u00e4himm\u00e4ispaksuus (mm): 26,4; Paino [kg]: 7,320; keskitt\u00e4misl\u00e4pimitta [mm]: 94, 94; Moottorinumero: 4D56; FIAT: FULLBACK Pick-up 502_, 503_; MITSUBISHI: L 200 KB_T, KA_T,PAJERO SPORT K90,L 200 Pritsche\/Fahrgestell KA_T, KB_T,PAJERO SPORT II KH_, KG_; 6000609712, 6000611049, 4615A147, MN102276, TS200209; Jarrulevy<\/p>\n","protected":false},"excerpt":{"rendered":"<p>FEBI BILSTEIN Jarrulevyt 28437 Jarrulevy FIAT,MITSUBISHI,FULLBACK Pick-up 502_, 503_,L 200 KB_T, KA_T,PAJERO SPORT K90<\/p>\n","protected":false},"featured_media":0,"template":"","meta":{"site-sidebar-layout":"default","site-content-layout":"default","ast-global-header-display":"","ast-main-header-display":"","ast-hfb-above-header-display":"","ast-hfb-below-header-display":"","ast-hfb-mobile-header-display":"","site-post-title":"","ast-breadcrumbs-content":"","ast-featured-img":"","footer-sml-layout":"","theme-transparent-header-meta":"","adv-header-id-meta":"","stick-header-meta":"","header-above-stick-meta":"","header-main-stick-meta":"","header-below-stick-meta":""},"pwb-brand":[50],"product_cat":[66],"product_tag":[],"class_list":{"0":"post-66654","1":"product","2":"type-product","3":"status-publish","5":"pwb-brand-febi-bilstein","6":"product_cat-jarrulevyt","7":"desktop-align-left","8":"tablet-align-left","9":"mobile-align-left","11":"first","12":"instock","13":"product-type-external"},"brands":[{"id":50,"name":"FEBI BILSTEIN","slug":"febi-bilstein"}],"_links":{"self":[{"href":"https:\/\/www.autonvaraosahaku.fi\/index.php?rest_route=\/wp\/v2\/product\/66654","targetHints":{"allow":["GET"]}}],"collection":[{"href":"https:\/\/www.autonvaraosahaku.fi\/index.php?rest_route=\/wp\/v2\/product"}],"about":[{"href":"https:\/\/www.autonvaraosahaku.fi\/index.php?rest_route=\/wp\/v2\/types\/product"}],"wp:attachment":[{"href":"https:\/\/www.autonvaraosahaku.fi\/index.php?rest_route=%2Fwp%2Fv2%2Fmedia&parent=66654"}],"wp:term":[{"taxonomy":"pwb-brand","embeddable":true,"href":"https:\/\/www.autonvaraosahaku.fi\/index.php?rest_route=%2Fwp%2Fv2%2Fpwb-brand&post=66654"},{"taxonomy":"product_cat","embeddable":true,"href":"https:\/\/www.autonvaraosahaku.fi\/index.php?rest_route=%2Fwp%2Fv2%2Fproduct_cat&post=66654"},{"taxonomy":"product_tag","embeddable":true,"href":"https:\/\/www.autonvaraosahaku.fi\/index.php?rest_route=%2Fwp%2Fv2%2Fproduct_tag&post=66654"}],"curies":[{"name":"wp","href":"https:\/\/api.w.org\/{rel}","templated":true}]}}