{"id":66656,"date":"2021-02-21T18:50:04","date_gmt":"2021-02-21T18:50:04","guid":{"rendered":"https:\/\/www.autonvaraosahaku.fi\/?product=trw-jgm566t-iskunvaimennin"},"modified":"2021-02-21T18:50:07","modified_gmt":"2021-02-21T18:50:07","slug":"trw-jgm566t-iskunvaimennin","status":"publish","type":"product","link":"https:\/\/www.autonvaraosahaku.fi\/?product=trw-jgm566t-iskunvaimennin","title":{"rendered":"TRW JGM566T Iskunvaimennin"},"content":{"rendered":"<p>Lukum\u00e4\u00e4r\u00e4 akselille: 1; Asennuspuoli: Etuakseli; Iskunvaimennin tyyppi: Kaasupaine; Iskunvaimennin malli: Joustintuki; Iskunvaimennusj\u00e4rjestelm\u00e4: Kaksiputki; Iskunvaimennin asennustapa: Tappi ylh\u00e4\u00e4ll\u00e4; L\u00e4pimitta [mm]: 39; Kierremitta: M10x1,0; Pituus 1 (mm): 412; Pituus 2 (mm): 281; M\u00e4nn\u00e4nvarren l\u00e4pimitta [mm]: 12; Huomioi tekniset tiedot: ; Tuotelinja: TWIN; Alustarakenne: f\u00fcr Fahrzeuge mit Standard Fahrwerk; HONDA: CIVIC VI Hatchback EJ, EK,CIVIC VI Fastback MA, MB,CRX III EH, EG,CIVIC VI Aerodeck MB, MC,CIVIC V Hatchback EG,CIVIC VI Stufenheck EJ, EK,CIVIC VI Coupe EJ, EM1,INTEGRA Coupe DC2, DC4,CIVIC V Coupe EJ,CIVIC V Stufenheck EG, EH; ROVER: 200 RF,45 Stufenheck RT,45 RT,400 RT,CABRIOLET XW,400 Hatchback RT,200 Coupe XW,400 Tourer XW,COUPE; RND103480, 51601SR3A21, 51601SR3A31, 51601SR3A41, 51601SR3B11, 51601SR3C01, 51601SR3C21, 51602SR3A21, 51602SR3A31, 51602SR3A41, 51602SR3B11, 51602SR3C01, 51602SR3C21, 51605S04J01, 51605S04N01, 51605S1EE01, 51605S1EE02, 51605S1EE11, 51605S1EE12, 51605S74E00, 51605SR0003, 51605SR0013, 51605SR0023, 51605SR2N01, 51605SR3003, 51605SR3013, 51605SR3J01, 51605SR3J02, 51605SR3J03, 51605SR3N01, 51605SR3N02, 51605SR3N03, 51605SR7003, 51605SR7013, 51605SR7023, 51605SR8J01, 51605SR8J03, 51605ST3E01, 51605ST3E11, 51605ST7J02, 51605ST7N01, 51605ST7N02, 51606S1EE01, 51606S1EE02, 51606S1EE11, 51606S1EE12, 51606S74E00, 51606SR0003, 51606SR0023, 51606SR2N01, 51606SR3003, 51606SR3013, 51606SR3J01, 51606SR3J02, 51606SR3J03, 51606SR3N01, 51606SR3N02, 51606SR3N03, 51606SR7003, 51606SR7013, 51606SR7023, 51606SR8J01, 51606SR8J03, 51606ST3E01, 51606ST3E11, 51606ST7J02, 51606ST7N01, 51606ST7N02, GSA972803, GSA972805, 982317, 982319, GSA972803, GSA972805, GSA972811, GSA982317, GSA982318, GSA982320, GSA982338, G&#8230;; Iskarit,Iskunvaimennin<\/p>\n","protected":false},"excerpt":{"rendered":"<p>TRW Iskunvaimentimet JGM566T Iskarit,Iskunvaimennin HONDA,ROVER,CIVIC VI Hatchback EJ, EK,CIVIC VI Fastback MA, MB,CRX III EH, EG<\/p>\n","protected":false},"featured_media":0,"template":"","meta":{"site-sidebar-layout":"default","site-content-layout":"default","ast-global-header-display":"","ast-main-header-display":"","ast-hfb-above-header-display":"","ast-hfb-below-header-display":"","ast-hfb-mobile-header-display":"","site-post-title":"","ast-breadcrumbs-content":"","ast-featured-img":"","footer-sml-layout":"","theme-transparent-header-meta":"","adv-header-id-meta":"","stick-header-meta":"","header-above-stick-meta":"","header-main-stick-meta":"","header-below-stick-meta":""},"pwb-brand":[332],"product_cat":[80],"product_tag":[],"class_list":{"0":"post-66656","1":"product","2":"type-product","3":"status-publish","5":"pwb-brand-trw","6":"product_cat-iskunvaimennin","7":"desktop-align-left","8":"tablet-align-left","9":"mobile-align-left","11":"first","12":"instock","13":"product-type-external"},"brands":[{"id":332,"name":"TRW","slug":"trw"}],"_links":{"self":[{"href":"https:\/\/www.autonvaraosahaku.fi\/index.php?rest_route=\/wp\/v2\/product\/66656","targetHints":{"allow":["GET"]}}],"collection":[{"href":"https:\/\/www.autonvaraosahaku.fi\/index.php?rest_route=\/wp\/v2\/product"}],"about":[{"href":"https:\/\/www.autonvaraosahaku.fi\/index.php?rest_route=\/wp\/v2\/types\/product"}],"wp:attachment":[{"href":"https:\/\/www.autonvaraosahaku.fi\/index.php?rest_route=%2Fwp%2Fv2%2Fmedia&parent=66656"}],"wp:term":[{"taxonomy":"pwb-brand","embeddable":true,"href":"https:\/\/www.autonvaraosahaku.fi\/index.php?rest_route=%2Fwp%2Fv2%2Fpwb-brand&post=66656"},{"taxonomy":"product_cat","embeddable":true,"href":"https:\/\/www.autonvaraosahaku.fi\/index.php?rest_route=%2Fwp%2Fv2%2Fproduct_cat&post=66656"},{"taxonomy":"product_tag","embeddable":true,"href":"https:\/\/www.autonvaraosahaku.fi\/index.php?rest_route=%2Fwp%2Fv2%2Fproduct_tag&post=66656"}],"curies":[{"name":"wp","href":"https:\/\/api.w.org\/{rel}","templated":true}]}}