{"id":66673,"date":"2021-02-21T18:50:09","date_gmt":"2021-02-21T18:50:09","guid":{"rendered":"https:\/\/www.autonvaraosahaku.fi\/?product=optimal-101027-pyoranlaakerit"},"modified":"2021-02-21T18:50:11","modified_gmt":"2021-02-21T18:50:11","slug":"optimal-101027-pyoranlaakerit","status":"publish","type":"product","link":"https:\/\/www.autonvaraosahaku.fi\/?product=optimal-101027-pyoranlaakerit","title":{"rendered":"OPTIMAL 101027 Py\u00f6r\u00e4nlaakerit"},"content":{"rendered":"<p>Leveys (mm): 82,8; Sis\u00e4l\u00e4pimitta [mm]: 30; Ulkol\u00e4pimitta [mm]: 126,6; Korvaava tuote\/korvaava tiedote 2: Erikoisty\u00f6kalu tarpeen asennuksessa, sis\u00e4\u00e4nrakennetulla magneetti sensorirenkaalla, sis\u00e4\u00e4nrakennetulla magneetti sensorirenkaalla; Ulkol\u00e4pimitta 2 [mm]: 72, 72; Sis\u00e4l\u00e4pimitta 2 [mm]: 51,5, 51,5; Asennuspuoli: Vorderachse; VW: POLO 9N_,POLO 6R, 6C,FOX 5Z1, 5Z3,POLO Stufenheck,POLO Stufenheck 9A4,POLO AW1, BZ1; AUDI: A2 8Z0,A1 8X1, 8XF,A1 Sportback 8XA, 8XK; SKODA: FABIA Combi 6Y5,FABIA,FABIA 6Y2,FABIA Combi,ROOMSTER 5J,RAPID Spaceback NH1,FABIA Stufenheck 6Y3,ROOMSTER Praktik 5J,RAPID NH3,FABIA Praktik,FABIA NJ3,FABIA Kombi NJ5; SEAT: IBIZA IV 6L1,IBIZA V 6J5, 6P5,IBIZA V ST 6J8, 6P8,IBIZA V SPORTCOUPE 6J1, 6P1,CORDOBA 6K1, 6K2,CORDOBA Vario 6K1,CORDOBA 6L2,TOLEDO IV KG3,IBIZA V KJ1,ARONA KJ7; 2Q0407621A, 6C0407621, 6Q0407621, 6Q0407621AC, 6Q0407621AD, 6Q0407621AH, 6Q0407621AJ, 6Q0407621BE, 6Q0407621BF, 6Q0407621BR, 6Q0407621C, 6Q0407621H, 6Q0407621R, 6R0407621A, 6R0407621E, 6R0407621E, 2Q0407621A, 6C0407621, 6Q0407621AC, 6Q0407621AD, 6Q0407621AH, 6Q0407621AJ, 6Q0407621BE, 6Q0407621BF, 6Q0407621BR, 6Q0407621C, 6Q0407621H, 6Q0407621R, 6R0407621A, 6R0407621E, 2Q0407621A, 6C0407621, 6Q0407621, 6Q0407621AC, 6Q0407621AD, 6Q0407621AH, 6Q0407621AJ, 6Q0407621BE, 6Q0407621BF, 6Q0407621BH, 6Q0407621BR, 6R0407621A, 6R0407621E, 2Q0407621A, 5Z0407615, 6C0407621, 6Q0407621, 6Q0407621AC, 6Q0407621AD, 6Q0407621AH, 6Q0407621AJ, 6Q0407621BE, 6Q0407621BF, 6Q0407621BR, 6Q0407621C, 6Q0407621H, 6Q0407621R, 6R0407621A, 6R0407621E; Py\u00f6r\u00e4nlaakerisarja<\/p>\n","protected":false},"excerpt":{"rendered":"<p>OPTIMAL Py\u00f6r\u00e4nlaakerit 101027 Py\u00f6r\u00e4nlaakerisarja VW,AUDI,SKODA,POLO 9N_,POLO 6R, 6C,FOX 5Z1, 5Z3,POLO Stufenheck,POLO Stufenheck 9A4,POLO AW1, BZ1<\/p>\n","protected":false},"featured_media":0,"template":"","meta":{"site-sidebar-layout":"default","site-content-layout":"default","ast-global-header-display":"","ast-main-header-display":"","ast-hfb-above-header-display":"","ast-hfb-below-header-display":"","ast-hfb-mobile-header-display":"","site-post-title":"","ast-breadcrumbs-content":"","ast-featured-img":"","footer-sml-layout":"","theme-transparent-header-meta":"","adv-header-id-meta":"","stick-header-meta":"","header-above-stick-meta":"","header-main-stick-meta":"","header-below-stick-meta":""},"pwb-brand":[307],"product_cat":[83],"product_tag":[],"class_list":{"0":"post-66673","1":"product","2":"type-product","3":"status-publish","5":"pwb-brand-optimal","6":"product_cat-pyoranlaakerit","7":"desktop-align-left","8":"tablet-align-left","9":"mobile-align-left","11":"first","12":"instock","13":"product-type-external"},"brands":[{"id":307,"name":"OPTIMAL","slug":"optimal"}],"_links":{"self":[{"href":"https:\/\/www.autonvaraosahaku.fi\/index.php?rest_route=\/wp\/v2\/product\/66673","targetHints":{"allow":["GET"]}}],"collection":[{"href":"https:\/\/www.autonvaraosahaku.fi\/index.php?rest_route=\/wp\/v2\/product"}],"about":[{"href":"https:\/\/www.autonvaraosahaku.fi\/index.php?rest_route=\/wp\/v2\/types\/product"}],"wp:attachment":[{"href":"https:\/\/www.autonvaraosahaku.fi\/index.php?rest_route=%2Fwp%2Fv2%2Fmedia&parent=66673"}],"wp:term":[{"taxonomy":"pwb-brand","embeddable":true,"href":"https:\/\/www.autonvaraosahaku.fi\/index.php?rest_route=%2Fwp%2Fv2%2Fpwb-brand&post=66673"},{"taxonomy":"product_cat","embeddable":true,"href":"https:\/\/www.autonvaraosahaku.fi\/index.php?rest_route=%2Fwp%2Fv2%2Fproduct_cat&post=66673"},{"taxonomy":"product_tag","embeddable":true,"href":"https:\/\/www.autonvaraosahaku.fi\/index.php?rest_route=%2Fwp%2Fv2%2Fproduct_tag&post=66673"}],"curies":[{"name":"wp","href":"https:\/\/api.w.org\/{rel}","templated":true}]}}