{"id":66690,"date":"2021-02-21T18:50:16","date_gmt":"2021-02-21T18:50:16","guid":{"rendered":"https:\/\/www.autonvaraosahaku.fi\/?product=hepu-pk05420-vesipumppu-jakohihnasarja"},"modified":"2021-02-21T18:50:20","modified_gmt":"2021-02-21T18:50:20","slug":"hepu-pk05420-vesipumppu-jakohihnasarja","status":"publish","type":"product","link":"https:\/\/www.autonvaraosahaku.fi\/?product=hepu-pk05420-vesipumppu-jakohihnasarja","title":{"rendered":"HEPU PK05420 Vesipumppu + jakohihnasarja"},"content":{"rendered":"<p>Hihnojen m\u00e4\u00e4r\u00e4: 1; Leveys (mm): 25; Hammasluku: 137; Sis\u00e4lt\u00e4\u00e4 rullat: 2; TECDOC-moottorinumero: 214; VW: PASSAT Variant 3B5,PASSAT Variant 3A5, 35I,PASSAT 3B2; AUDI: A4 8D2, B5,A6 Avant 4B5, C5,A4 Avant 8D5, B5,A6 4B2, C5; 028121004, 028121004V, 028121004X, 28121004, 028121004, 028121004V, 028121004X, 28121004, 028121004, 028121004V, 028121004X, 28121004, 028121004, 028121004V, 028121004X, 28121004<\/p>\n","protected":false},"excerpt":{"rendered":"<p>HEPU Vesipumppu + Jakohihnasarja PK05420  VW,AUDI,PASSAT Variant 3B5,PASSAT Variant 3A5, 35I,PASSAT 3B2,A4 8D2, B5,A6 Avant 4B5, C5,A4 Avant 8D5, B5<\/p>\n","protected":false},"featured_media":0,"template":"","meta":{"site-sidebar-layout":"default","site-content-layout":"default","ast-global-header-display":"","ast-main-header-display":"","ast-hfb-above-header-display":"","ast-hfb-below-header-display":"","ast-hfb-mobile-header-display":"","site-post-title":"","ast-breadcrumbs-content":"","ast-featured-img":"","footer-sml-layout":"","theme-transparent-header-meta":"","adv-header-id-meta":"","stick-header-meta":"","header-above-stick-meta":"","header-main-stick-meta":"","header-below-stick-meta":""},"pwb-brand":[413],"product_cat":[321],"product_tag":[],"class_list":{"0":"post-66690","1":"product","2":"type-product","3":"status-publish","5":"pwb-brand-hepu","6":"product_cat-vesipumppu-jakohihnasarja","7":"desktop-align-left","8":"tablet-align-left","9":"mobile-align-left","11":"first","12":"instock","13":"product-type-external"},"brands":[{"id":413,"name":"HEPU","slug":"hepu"}],"_links":{"self":[{"href":"https:\/\/www.autonvaraosahaku.fi\/index.php?rest_route=\/wp\/v2\/product\/66690","targetHints":{"allow":["GET"]}}],"collection":[{"href":"https:\/\/www.autonvaraosahaku.fi\/index.php?rest_route=\/wp\/v2\/product"}],"about":[{"href":"https:\/\/www.autonvaraosahaku.fi\/index.php?rest_route=\/wp\/v2\/types\/product"}],"wp:attachment":[{"href":"https:\/\/www.autonvaraosahaku.fi\/index.php?rest_route=%2Fwp%2Fv2%2Fmedia&parent=66690"}],"wp:term":[{"taxonomy":"pwb-brand","embeddable":true,"href":"https:\/\/www.autonvaraosahaku.fi\/index.php?rest_route=%2Fwp%2Fv2%2Fpwb-brand&post=66690"},{"taxonomy":"product_cat","embeddable":true,"href":"https:\/\/www.autonvaraosahaku.fi\/index.php?rest_route=%2Fwp%2Fv2%2Fproduct_cat&post=66690"},{"taxonomy":"product_tag","embeddable":true,"href":"https:\/\/www.autonvaraosahaku.fi\/index.php?rest_route=%2Fwp%2Fv2%2Fproduct_tag&post=66690"}],"curies":[{"name":"wp","href":"https:\/\/api.w.org\/{rel}","templated":true}]}}