{"id":66708,"date":"2021-02-21T18:50:25","date_gmt":"2021-02-21T18:50:25","guid":{"rendered":"https:\/\/www.autonvaraosahaku.fi\/?product=febi-bilstein-14868-hydraulinen-venttiilinnostin"},"modified":"2021-02-21T18:50:26","modified_gmt":"2021-02-21T18:50:26","slug":"febi-bilstein-14868-hydraulinen-venttiilinnostin","status":"publish","type":"product","link":"https:\/\/www.autonvaraosahaku.fi\/?product=febi-bilstein-14868-hydraulinen-venttiilinnostin","title":{"rendered":"FEBI BILSTEIN 14868 Hydraulinen venttiilinnostin"},"content":{"rendered":"<p>Paksuus [mm]: 30,5; Ulkol\u00e4pimitta [mm]: 37,0; K\u00e4ytt\u00f6: Mekaaninen; Paino [kg]: 0,05; Huomioi huolto-ohjeet: , ; Huomioi tekniset tiedot: ; SAAB: 9-3 YS3F,9-3 Kombi YS3F; SUZUKI: SX4 EY, GY; OPEL: ZAFIRA B A05,ASTRA H Caravan L35,ASTRA H L48,VECTRA C Caravan,ASTRA H GTC L08,SIGNUM,VECTRA C,VECTRA C GTS,ASTRA H Kasten L70; LANCIA: MUSA 350,THESIS 841AX,LYBRA SW 839BX,DELTA I 831AB0,KAPPA 838A,LYBRA 839AX,THEMA 834,DELTA II 836,KAPPA SW 838B,KAPPA Coupe 838,DEDRA 835,Y10 156,DEDRA SW 835,THEMA SW 834; FIAT: GRANDE PUNTO 199,PUNTO 188,STILO 192,BRAVO II 198,DUCATO Pritsche\/Fahrgestell 230,DUCATO Bus 230,DOBLO Cargo 223,PUNTO 176,STILO Multi Wagon 192,DOBLO 119,CROMA 194,DUCATO Kasten 290,DUCATO Pritsche\/Fahrgestell 290,DUCATO Kasten 230L,DUCATO Kasten 280,DUCATO Pritsche\/Fahrgestell 280,PANDA 141A_,IDEA,COUPE FA\/175,SEDICI,STRADA Pick-up 178E,MULTIPLA 186,PUNTO Van 188AX,DUCATO Panorama 280,BRAVO I 182,BRAVA 182,PUNTO Cabriolet 176C,SCUDO Kasten 220L,MAREA Weekend 185,UNO 146A\/E,DUCATO Panorama 290,SCUDO Combinato 220P,PALIO Weekend 178DX,FIORINO Kasten 146,TIPO 160,CROMA 154,MAREA 185,TALENTO Pritsche\/Fahrgestell 290,TEMPRA 159,PUNTO Van 176L,TEMPRA S.W. 159,FIORINO Pick up 146,TALENTO Bus 290,TALENTO Kasten 290,PALIO 178BX,SIENA 178_,FIORINO Pick up 147,DUNA 146 B,ELBA 146_,SCUDO Pritsche\/Fahrgestell 220_,DUNA Weekend 146 B; CITRO\u00cbN: JUMPY U6U,JUMPY Kasten BS_, BT_, BY_, BZ_; ALFA ROMEO: 147 937,159 Sportwagon 939,156 Sportwagon 932,156 932,159 939,166 936,164 164,145 930,155 167,146 930; PEUGEOT: EXPERT Kasten 222,EXPERT 224,EXPERT Pritsche\/Fahrgestell 223; VAUXHALL: ZAFIRA Mk II B M75,ASTRA Mk V H CC,VECTRA Mk II C CC,ASTRA Mk V H Estate,VECTRA Mk II C Estate,VECTRA Mk II C,SIGNUM; INNOCENTI: ELBA 146; 4152447, 60800018, 094229, 94229, 4152447, 60800018, 4152447, 60800018, 05640018, 5640018, 094229, 94229, 93178546, 1289179J50000, 093178546, 93178546; Venttiilinnostin<\/p>\n","protected":false},"excerpt":{"rendered":"<p>FEBI BILSTEIN Hydraulinen Venttiilinnostin 14868 Venttiilinnostin SAAB,SUZUKI,OPEL,9-3 YS3F,9-3 Kombi YS3F,SX4 EY, GY,ZAFIRA B A05,ASTRA H Caravan L35<\/p>\n","protected":false},"featured_media":0,"template":"","meta":{"site-sidebar-layout":"default","site-content-layout":"default","ast-global-header-display":"","ast-main-header-display":"","ast-hfb-above-header-display":"","ast-hfb-below-header-display":"","ast-hfb-mobile-header-display":"","site-post-title":"","ast-breadcrumbs-content":"","ast-featured-img":"","footer-sml-layout":"","theme-transparent-header-meta":"","adv-header-id-meta":"","stick-header-meta":"","header-above-stick-meta":"","header-main-stick-meta":"","header-below-stick-meta":""},"pwb-brand":[50],"product_cat":[126],"product_tag":[],"class_list":{"0":"post-66708","1":"product","2":"type-product","3":"status-publish","5":"pwb-brand-febi-bilstein","6":"product_cat-hydraulinen-venttiilinnostin","7":"desktop-align-left","8":"tablet-align-left","9":"mobile-align-left","11":"first","12":"instock","13":"product-type-external"},"brands":[{"id":50,"name":"FEBI BILSTEIN","slug":"febi-bilstein"}],"_links":{"self":[{"href":"https:\/\/www.autonvaraosahaku.fi\/index.php?rest_route=\/wp\/v2\/product\/66708","targetHints":{"allow":["GET"]}}],"collection":[{"href":"https:\/\/www.autonvaraosahaku.fi\/index.php?rest_route=\/wp\/v2\/product"}],"about":[{"href":"https:\/\/www.autonvaraosahaku.fi\/index.php?rest_route=\/wp\/v2\/types\/product"}],"wp:attachment":[{"href":"https:\/\/www.autonvaraosahaku.fi\/index.php?rest_route=%2Fwp%2Fv2%2Fmedia&parent=66708"}],"wp:term":[{"taxonomy":"pwb-brand","embeddable":true,"href":"https:\/\/www.autonvaraosahaku.fi\/index.php?rest_route=%2Fwp%2Fv2%2Fpwb-brand&post=66708"},{"taxonomy":"product_cat","embeddable":true,"href":"https:\/\/www.autonvaraosahaku.fi\/index.php?rest_route=%2Fwp%2Fv2%2Fproduct_cat&post=66708"},{"taxonomy":"product_tag","embeddable":true,"href":"https:\/\/www.autonvaraosahaku.fi\/index.php?rest_route=%2Fwp%2Fv2%2Fproduct_tag&post=66708"}],"curies":[{"name":"wp","href":"https:\/\/api.w.org\/{rel}","templated":true}]}}