{"id":66735,"date":"2021-02-21T18:50:30","date_gmt":"2021-02-21T18:50:30","guid":{"rendered":"https:\/\/www.autonvaraosahaku.fi\/?product=meyle-014-041-0066-kardaanin-kuminivel"},"modified":"2021-02-21T18:50:33","modified_gmt":"2021-02-21T18:50:33","slug":"meyle-014-041-0066-kardaanin-kuminivel","status":"publish","type":"product","link":"https:\/\/www.autonvaraosahaku.fi\/?product=meyle-014-041-0066-kardaanin-kuminivel","title":{"rendered":"MEYLE 014 041 0066 Kardaanin kuminivel"},"content":{"rendered":"<p>Asennuspuoli: P\u00e4\u00e4akseli; L\u00e4pimitta [mm]: 24; Lis\u00e4tarvike\/lis\u00e4tieto: Tarvikkeilla; Nivelmalli: Murrosnivel; M\u00e4\u00e4r\u00e4yksikk\u00f6: Sarja; Ulkol\u00e4pimitta [mm]: 24; Pituus (mm): 74,5; lis\u00e4tieto: ORIGINAL Quality; MERCEDES-BENZ: Stufenheck W123,KOMBI Kombi S123,T1 Bus 601,T1 Pritsche\/Fahrgestell 602,T1 Kasten 602,T1 Pritsche\/Fahrgestell 601,T1 Kasten 601,T1 Bus 602; 6014100231; R\u00e4ttinivel,Nivel, Pitkitt\u00e4isakseli<\/p>\n","protected":false},"excerpt":{"rendered":"<p>MEYLE Kardaanin Kuminivel 014 041 0066 R\u00e4ttinivel,Nivel, Pitkitt\u00e4isakseli MERCEDES-BENZ,Stufenheck W123,KOMBI Kombi S123,T1 Bus 601<\/p>\n","protected":false},"featured_media":0,"template":"","meta":{"site-sidebar-layout":"default","site-content-layout":"default","ast-global-header-display":"","ast-main-header-display":"","ast-hfb-above-header-display":"","ast-hfb-below-header-display":"","ast-hfb-mobile-header-display":"","site-post-title":"","ast-breadcrumbs-content":"","ast-featured-img":"","footer-sml-layout":"","theme-transparent-header-meta":"","adv-header-id-meta":"","stick-header-meta":"","header-above-stick-meta":"","header-main-stick-meta":"","header-below-stick-meta":""},"pwb-brand":[84],"product_cat":[56],"product_tag":[],"class_list":{"0":"post-66735","1":"product","2":"type-product","3":"status-publish","5":"pwb-brand-meyle","6":"product_cat-kardaanin-kuminivel","7":"desktop-align-left","8":"tablet-align-left","9":"mobile-align-left","11":"first","12":"instock","13":"product-type-external"},"brands":[{"id":84,"name":"MEYLE","slug":"meyle"}],"_links":{"self":[{"href":"https:\/\/www.autonvaraosahaku.fi\/index.php?rest_route=\/wp\/v2\/product\/66735","targetHints":{"allow":["GET"]}}],"collection":[{"href":"https:\/\/www.autonvaraosahaku.fi\/index.php?rest_route=\/wp\/v2\/product"}],"about":[{"href":"https:\/\/www.autonvaraosahaku.fi\/index.php?rest_route=\/wp\/v2\/types\/product"}],"wp:attachment":[{"href":"https:\/\/www.autonvaraosahaku.fi\/index.php?rest_route=%2Fwp%2Fv2%2Fmedia&parent=66735"}],"wp:term":[{"taxonomy":"pwb-brand","embeddable":true,"href":"https:\/\/www.autonvaraosahaku.fi\/index.php?rest_route=%2Fwp%2Fv2%2Fpwb-brand&post=66735"},{"taxonomy":"product_cat","embeddable":true,"href":"https:\/\/www.autonvaraosahaku.fi\/index.php?rest_route=%2Fwp%2Fv2%2Fproduct_cat&post=66735"},{"taxonomy":"product_tag","embeddable":true,"href":"https:\/\/www.autonvaraosahaku.fi\/index.php?rest_route=%2Fwp%2Fv2%2Fproduct_tag&post=66735"}],"curies":[{"name":"wp","href":"https:\/\/api.w.org\/{rel}","templated":true}]}}