{"id":6675,"date":"2021-02-21T13:57:58","date_gmt":"2021-02-21T13:57:58","guid":{"rendered":"https:\/\/www.autonvaraosahaku.fi\/?product=valeo-578565-pyyhkijansulat"},"modified":"2021-02-21T13:57:59","modified_gmt":"2021-02-21T13:57:59","slug":"valeo-578565-pyyhkijansulat","status":"publish","type":"product","link":"https:\/\/www.autonvaraosahaku.fi\/?product=valeo-578565-pyyhkijansulat","title":{"rendered":"VALEO 578565 Pyyhkij\u00e4nsulat"},"content":{"rendered":"<p>Asennuspuoli: Takana; M\u00e4\u00e4r\u00e4: 1; Pituus (mm): 400; Pituus (tuumaa): 17; Lis\u00e4adapteri: R,S,T; Paino [kg]: 0,08; Tuotelinja: HYDROCONNECT; Pyyhkij\u00e4nsulkatyyppi: Rungottomat; Oviluku: 5; VW: CADDY III Kombi 2KB, 2KJ, 2CB, 2CJ,TRANSPORTER V Kasten 7HA, 7HH, 7EA, 7EH,MULTIVAN VI SGF, SGM, SGN,CADDY IV Kombi SAB, SAJ,TRANSPORTER VI Bus SGB, SGG, SGJ,TRANSPORTER VI Kasten SGA, SGH,CADDY ALLTRACK Kasten SAA,CADDY ALLTRACK Kombi SAB; AUDI: A4 Avant 8K5, B8,A6 Avant 4G5, C7, 4GD,Q3 8U,A4 Allroad 8KH, B8; SKODA: FABIA Combi,RAPID Spaceback NH1,OCTAVIA 5E3,RAPID NH3,FABIA Kombi NJ5; SEAT: TOLEDO IV KG3; VOLVO: C30; MERCEDES-BENZ: VIANO W639; OPEL: VECTRA C GTS,COMBO Kasten\/Kombi X12,COMBO Tour X12; FIAT: DOBLO Kasten\/Kombi 263; PORSCHE: PANAMERA,MACAN; 4G9955425, 8K9955425, 61627474264, 0018202545, 18202545, A0018202545, 5JA955425, 5E5955425, 5J9955425A, 5J9955425B, 5JA955425, 657955427, 6V9955425, 7E0955425, 2K5955425A, 5JA955425, 7E0955425, 7E0955425C; Tuulilasinpyyhkimet,Pyyhkij\u00e4t,Pyyhkij\u00e4nsulka<\/p>\n","protected":false},"excerpt":{"rendered":"<p>VALEO Pyyhkij\u00e4nsulat 578565 Tuulilasinpyyhkimet,Pyyhkij\u00e4t VW,AUDI,SKODA,CADDY III Kombi 2KB, 2KJ, 2CB, 2CJ,TRANSPORTER V Kasten 7HA, 7HH, 7EA, 7EH<\/p>\n","protected":false},"featured_media":0,"template":"","meta":{"site-sidebar-layout":"default","site-content-layout":"default","ast-global-header-display":"","ast-main-header-display":"","ast-hfb-above-header-display":"","ast-hfb-below-header-display":"","ast-hfb-mobile-header-display":"","site-post-title":"","ast-breadcrumbs-content":"","ast-featured-img":"","footer-sml-layout":"","theme-transparent-header-meta":"","adv-header-id-meta":"","stick-header-meta":"","header-above-stick-meta":"","header-main-stick-meta":"","header-below-stick-meta":""},"pwb-brand":[28],"product_cat":[33],"product_tag":[],"class_list":{"0":"post-6675","1":"product","2":"type-product","3":"status-publish","5":"pwb-brand-valeo","6":"product_cat-pyyhkijansulat","7":"desktop-align-left","8":"tablet-align-left","9":"mobile-align-left","11":"first","12":"instock","13":"product-type-external"},"brands":[{"id":28,"name":"VALEO","slug":"valeo"}],"_links":{"self":[{"href":"https:\/\/www.autonvaraosahaku.fi\/index.php?rest_route=\/wp\/v2\/product\/6675","targetHints":{"allow":["GET"]}}],"collection":[{"href":"https:\/\/www.autonvaraosahaku.fi\/index.php?rest_route=\/wp\/v2\/product"}],"about":[{"href":"https:\/\/www.autonvaraosahaku.fi\/index.php?rest_route=\/wp\/v2\/types\/product"}],"wp:attachment":[{"href":"https:\/\/www.autonvaraosahaku.fi\/index.php?rest_route=%2Fwp%2Fv2%2Fmedia&parent=6675"}],"wp:term":[{"taxonomy":"pwb-brand","embeddable":true,"href":"https:\/\/www.autonvaraosahaku.fi\/index.php?rest_route=%2Fwp%2Fv2%2Fpwb-brand&post=6675"},{"taxonomy":"product_cat","embeddable":true,"href":"https:\/\/www.autonvaraosahaku.fi\/index.php?rest_route=%2Fwp%2Fv2%2Fproduct_cat&post=6675"},{"taxonomy":"product_tag","embeddable":true,"href":"https:\/\/www.autonvaraosahaku.fi\/index.php?rest_route=%2Fwp%2Fv2%2Fproduct_tag&post=6675"}],"curies":[{"name":"wp","href":"https:\/\/api.w.org\/{rel}","templated":true}]}}