{"id":66757,"date":"2021-02-21T18:50:36","date_gmt":"2021-02-21T18:50:36","guid":{"rendered":"https:\/\/www.autonvaraosahaku.fi\/?product=vegaz-cg-106-pakoputken-asennussarja"},"modified":"2021-02-21T18:50:39","modified_gmt":"2021-02-21T18:50:39","slug":"vegaz-cg-106-pakoputken-asennussarja","status":"publish","type":"product","link":"https:\/\/www.autonvaraosahaku.fi\/?product=vegaz-cg-106-pakoputken-asennussarja","title":{"rendered":"VEGAZ CG-106 Pakoputken asennussarja"},"content":{"rendered":"<p>L\u00e4pimitta [mm]: 9, 9; Materiaali: EPDM (eteenipropeeni-dieeni-kumi); Katalysaattorimalli: f\u00fcr Fahrzeuge ohne Katalysator; CITRO\u00cbN: XSARA PICASSO N68,XSARA N1,XSARA Break N2,XM Y4,XANTIA X2,XSARA Coupe N0,XANTIA X1,XANTIA Break X2,ZX N2,XM Y3,XANTIA Break X1,ZX Break N2,XM Break Y4,XM Break Y3; PEUGEOT: 306 Schr\u00e4gheck 7A, 7C, N3, N5,306 Cabriolet 7D, N3, N5,306 Break 7E, N3, N5,306 7B, N3, N5,605 6B,405 II 4B,405 II Break 4E; RENAULT: CLIO I B\/C57_, 5\/357_; MITSUBISHI: PAJERO III V7_W, V6_W,PAJERO III Gel\u00e4ndewagen offen V6_W, V7_W; AUSTIN: METRO; 96037651, 175555, 175559, 175555, 175559<\/p>\n","protected":false},"excerpt":{"rendered":"<p>VEGAZ Pidike, Pakoputkisto CG-106  CITRO\u00cbN,PEUGEOT,RENAULT,XSARA PICASSO N68,XSARA N1,XSARA Break N2,XM Y4,XANTIA X2,XSARA Coupe N0,XANTIA X1<\/p>\n","protected":false},"featured_media":0,"template":"","meta":{"site-sidebar-layout":"default","site-content-layout":"default","ast-global-header-display":"","ast-main-header-display":"","ast-hfb-above-header-display":"","ast-hfb-below-header-display":"","ast-hfb-mobile-header-display":"","site-post-title":"","ast-breadcrumbs-content":"","ast-featured-img":"","footer-sml-layout":"","theme-transparent-header-meta":"","adv-header-id-meta":"","stick-header-meta":"","header-above-stick-meta":"","header-main-stick-meta":"","header-below-stick-meta":""},"pwb-brand":[306],"product_cat":[101],"product_tag":[],"class_list":{"0":"post-66757","1":"product","2":"type-product","3":"status-publish","5":"pwb-brand-vegaz","6":"product_cat-pakoputken-asennussarja","7":"desktop-align-left","8":"tablet-align-left","9":"mobile-align-left","11":"first","12":"instock","13":"product-type-external"},"brands":[{"id":306,"name":"VEGAZ","slug":"vegaz"}],"_links":{"self":[{"href":"https:\/\/www.autonvaraosahaku.fi\/index.php?rest_route=\/wp\/v2\/product\/66757","targetHints":{"allow":["GET"]}}],"collection":[{"href":"https:\/\/www.autonvaraosahaku.fi\/index.php?rest_route=\/wp\/v2\/product"}],"about":[{"href":"https:\/\/www.autonvaraosahaku.fi\/index.php?rest_route=\/wp\/v2\/types\/product"}],"wp:attachment":[{"href":"https:\/\/www.autonvaraosahaku.fi\/index.php?rest_route=%2Fwp%2Fv2%2Fmedia&parent=66757"}],"wp:term":[{"taxonomy":"pwb-brand","embeddable":true,"href":"https:\/\/www.autonvaraosahaku.fi\/index.php?rest_route=%2Fwp%2Fv2%2Fpwb-brand&post=66757"},{"taxonomy":"product_cat","embeddable":true,"href":"https:\/\/www.autonvaraosahaku.fi\/index.php?rest_route=%2Fwp%2Fv2%2Fproduct_cat&post=66757"},{"taxonomy":"product_tag","embeddable":true,"href":"https:\/\/www.autonvaraosahaku.fi\/index.php?rest_route=%2Fwp%2Fv2%2Fproduct_tag&post=66757"}],"curies":[{"name":"wp","href":"https:\/\/api.w.org\/{rel}","templated":true}]}}