{"id":66762,"date":"2021-02-21T18:50:41","date_gmt":"2021-02-21T18:50:41","guid":{"rendered":"https:\/\/www.autonvaraosahaku.fi\/?product=corteco-07019090b-tiivisteet"},"modified":"2021-02-21T18:50:41","modified_gmt":"2021-02-21T18:50:41","slug":"corteco-07019090b-tiivisteet","status":"publish","type":"product","link":"https:\/\/www.autonvaraosahaku.fi\/?product=corteco-07019090b-tiivisteet","title":{"rendered":"CORTECO 07019090B Tiivisteet"},"content":{"rendered":"<p>Sis\u00e4l\u00e4pimitta 1 [mm]: 34,9; Ulkol\u00e4pimitta 1 [mm]: 54; Korkeus 1 (mm): 8,5; Materiaali: PTFE (polytetrafluorietyleeni)\/ACM (polyakryyli-kumi); Rihlamalli: Oikea kierre; Suojavaippa: Suojakumilla; Asennuspuoli: Ausgang; FIAT: DUCATO Kasten 250,DUCATO Pritsche\/Fahrgestell 250,DUCATO Pritsche\/Fahrgestell 230,DUCATO Bus 250,DUCATO Bus 230,DUCATO Kasten 244,DUCATO Pritsche\/Fahrgestell 244,DUCATO Kasten 230L,DUCATO Bus 244, Z_; PEUGEOT: BOXER Kasten,BOXER Kasten 230L,BOXER Kasten 244,BOXER Bus,BOXER Pritsche\/Fahrgestell,BOXER Bus 230P,BOXER Bus 244, Z_,BOXER Pritsche\/Fahrgestell ZCT_,605 6B,BOXER Pritsche\/Fahrgestell 244; CITRO\u00cbN: JUMPER Kasten,JUMPER Kasten 244,XM Y4,JUMPER Bus,JUMPER Pritsche\/Fahrgestell,JUMPER Kasten 230L,JUMPER Bus 244, Z_,JUMPER Bus 230P,JUMPER Pritsche\/Fahrgestell 244,XM Break Y4,JUMPER Pritsche\/Fahrgestell 230; 301028, 301033, 9616785780, 9616785780, 9616785790, 9649569280, 9806740980, 301028, 301033, 9616785780<\/p>\n","protected":false},"excerpt":{"rendered":"<p>CORTECO Akselitiiviste, Tasauspy\u00f6r\u00e4st\u00f6 07019090B  FIAT,PEUGEOT,CITRO\u00cbN,DUCATO Kasten 250,DUCATO Pritsche\/Fahrgestell 250<\/p>\n","protected":false},"featured_media":0,"template":"","meta":{"site-sidebar-layout":"default","site-content-layout":"default","ast-global-header-display":"","ast-main-header-display":"","ast-hfb-above-header-display":"","ast-hfb-below-header-display":"","ast-hfb-mobile-header-display":"","site-post-title":"","ast-breadcrumbs-content":"","ast-featured-img":"","footer-sml-layout":"","theme-transparent-header-meta":"","adv-header-id-meta":"","stick-header-meta":"","header-above-stick-meta":"","header-main-stick-meta":"","header-below-stick-meta":""},"pwb-brand":[53],"product_cat":[27],"product_tag":[],"class_list":{"0":"post-66762","1":"product","2":"type-product","3":"status-publish","5":"pwb-brand-corteco","6":"product_cat-tiivisteet","7":"desktop-align-left","8":"tablet-align-left","9":"mobile-align-left","11":"first","12":"instock","13":"product-type-external"},"brands":[{"id":53,"name":"CORTECO","slug":"corteco"}],"_links":{"self":[{"href":"https:\/\/www.autonvaraosahaku.fi\/index.php?rest_route=\/wp\/v2\/product\/66762","targetHints":{"allow":["GET"]}}],"collection":[{"href":"https:\/\/www.autonvaraosahaku.fi\/index.php?rest_route=\/wp\/v2\/product"}],"about":[{"href":"https:\/\/www.autonvaraosahaku.fi\/index.php?rest_route=\/wp\/v2\/types\/product"}],"wp:attachment":[{"href":"https:\/\/www.autonvaraosahaku.fi\/index.php?rest_route=%2Fwp%2Fv2%2Fmedia&parent=66762"}],"wp:term":[{"taxonomy":"pwb-brand","embeddable":true,"href":"https:\/\/www.autonvaraosahaku.fi\/index.php?rest_route=%2Fwp%2Fv2%2Fpwb-brand&post=66762"},{"taxonomy":"product_cat","embeddable":true,"href":"https:\/\/www.autonvaraosahaku.fi\/index.php?rest_route=%2Fwp%2Fv2%2Fproduct_cat&post=66762"},{"taxonomy":"product_tag","embeddable":true,"href":"https:\/\/www.autonvaraosahaku.fi\/index.php?rest_route=%2Fwp%2Fv2%2Fproduct_tag&post=66762"}],"curies":[{"name":"wp","href":"https:\/\/api.w.org\/{rel}","templated":true}]}}