{"id":6677,"date":"2021-02-21T13:57:58","date_gmt":"2021-02-21T13:57:58","guid":{"rendered":"https:\/\/www.autonvaraosahaku.fi\/?product=valeo-578561-pyyhkijansulat"},"modified":"2021-02-21T13:57:59","modified_gmt":"2021-02-21T13:57:59","slug":"valeo-578561-pyyhkijansulat","status":"publish","type":"product","link":"https:\/\/www.autonvaraosahaku.fi\/?product=valeo-578561-pyyhkijansulat","title":{"rendered":"VALEO 578561 Pyyhkij\u00e4nsulat"},"content":{"rendered":"<p>Asennuspuoli: Takana; M\u00e4\u00e4r\u00e4: 1; Pituus (mm): 280; Pituus (tuumaa): 11; Lis\u00e4adapteri: R,S,T; Paino [kg]: 0,07; Tuotelinja: HYDROCONNECT; Pyyhkij\u00e4nsulkatyyppi: Rungottomat; Oviluku: 5; VW: POLO 9N_,GOLF VI 5K1,PASSAT Variant 3C5,POLO 6R, 6C,PASSAT Variant 365,GOLF VII 5G1, BE1,GOLF VII Kombi BA5,PASSAT ALLTRACK 365,GOLF SPORTSVAN AM1,TOURAN,POLO AW1, BZ1,GOLF ALLTRACK BA5; SKODA: FABIA,YETI 5L; BMW: 1 E87,1 E81,2 Gran Tourer F46; SEAT: LEON 1P1,ARONA KJ7; INFINITI: Q30,QX30; MERCEDES-BENZ: GLA-CLASS X156; MINI: MINI R56,MINI CLUBMAN R55,MINI PACEMAN R61,MINI CLUBVAN R55; FORD: KUGA II DM2,MONDEO V Turnier,FIESTA VII,MONDEO V Schr\u00e4gheck; 61620036625, 61627138508, 61627366060, 5101217, 5324649, 5324650, 1568200045, 61620036625, 61629809964, 3C9955425, 575955427, 575955427A, 1T0955427B, 5J6955425, 5J6955425B, 5L6955425, 1T0955427B, 3C9955425, 510955427A, 5G2998002, 5G6955427B, 5G6955427C, 5G6955427D, 5K6955427A, 5TA955427A; Tuulilasinpyyhkimet,Pyyhkij\u00e4t,Pyyhkij\u00e4nsulka<\/p>\n","protected":false},"excerpt":{"rendered":"<p>VALEO Pyyhkij\u00e4nsulat 578561 Tuulilasinpyyhkimet,Pyyhkij\u00e4t VW,SKODA,BMW,POLO 9N_,GOLF VI 5K1,PASSAT Variant 3C5,POLO 6R, 6C,PASSAT Variant 365<\/p>\n","protected":false},"featured_media":0,"template":"","meta":{"site-sidebar-layout":"default","site-content-layout":"default","ast-global-header-display":"","ast-main-header-display":"","ast-hfb-above-header-display":"","ast-hfb-below-header-display":"","ast-hfb-mobile-header-display":"","site-post-title":"","ast-breadcrumbs-content":"","ast-featured-img":"","footer-sml-layout":"","theme-transparent-header-meta":"","adv-header-id-meta":"","stick-header-meta":"","header-above-stick-meta":"","header-main-stick-meta":"","header-below-stick-meta":""},"pwb-brand":[28],"product_cat":[33],"product_tag":[],"class_list":{"0":"post-6677","1":"product","2":"type-product","3":"status-publish","5":"pwb-brand-valeo","6":"product_cat-pyyhkijansulat","7":"desktop-align-left","8":"tablet-align-left","9":"mobile-align-left","11":"first","12":"instock","13":"product-type-external"},"brands":[{"id":28,"name":"VALEO","slug":"valeo"}],"_links":{"self":[{"href":"https:\/\/www.autonvaraosahaku.fi\/index.php?rest_route=\/wp\/v2\/product\/6677","targetHints":{"allow":["GET"]}}],"collection":[{"href":"https:\/\/www.autonvaraosahaku.fi\/index.php?rest_route=\/wp\/v2\/product"}],"about":[{"href":"https:\/\/www.autonvaraosahaku.fi\/index.php?rest_route=\/wp\/v2\/types\/product"}],"wp:attachment":[{"href":"https:\/\/www.autonvaraosahaku.fi\/index.php?rest_route=%2Fwp%2Fv2%2Fmedia&parent=6677"}],"wp:term":[{"taxonomy":"pwb-brand","embeddable":true,"href":"https:\/\/www.autonvaraosahaku.fi\/index.php?rest_route=%2Fwp%2Fv2%2Fpwb-brand&post=6677"},{"taxonomy":"product_cat","embeddable":true,"href":"https:\/\/www.autonvaraosahaku.fi\/index.php?rest_route=%2Fwp%2Fv2%2Fproduct_cat&post=6677"},{"taxonomy":"product_tag","embeddable":true,"href":"https:\/\/www.autonvaraosahaku.fi\/index.php?rest_route=%2Fwp%2Fv2%2Fproduct_tag&post=6677"}],"curies":[{"name":"wp","href":"https:\/\/api.w.org\/{rel}","templated":true}]}}