{"id":66784,"date":"2021-02-21T18:50:47","date_gmt":"2021-02-21T18:50:47","guid":{"rendered":"https:\/\/www.autonvaraosahaku.fi\/?product=vaico-v42-80007-jarrulevyt"},"modified":"2021-02-21T18:50:48","modified_gmt":"2021-02-21T18:50:48","slug":"vaico-v42-80007-jarrulevyt","status":"publish","type":"product","link":"https:\/\/www.autonvaraosahaku.fi\/?product=vaico-v42-80007-jarrulevyt","title":{"rendered":"VAICO V42-80007 Jarrulevyt"},"content":{"rendered":"<p>Asennuspuoli: Etuakseli; Jarrulevyn navan korkeus [mm]: 21,9; Vanne, aukkoja: 5; Korkeus (mm): 48,3; Jarrulevytyyppi: Tuuletettu; Jarrulevyn paksuus (mm): 26; V\u00e4himm\u00e4ispaksuus (mm): 24; Ulkol\u00e4pimitta [mm]: 283; keskitt\u00e4misl\u00e4pimitta [mm]: 71,1; Reik\u00e4ympyr\u00e4-\u00d8 [mm]: 108; Pakkausleveys [cm]: 30, 30; Pakkauskorkeus [mm]: 10, 10; Pakkaussyvyys [cm]: 30, 30; lis\u00e4tieto: CST99; Valmistusvuoteen: 11\/2004; CITRO\u00cbN: XM Y4,XM Y3,XM Break Y4,XM Break Y3; PEUGEOT: 407 SW 6E_,508 SW,607 9D, 9U,407 6D_,508,407 Coupe 6C_,605 6B; 4246N8, 4246P7, 4246V4, 4249L3, 95661813, 96099616, E169513, 4246F4, 4246F6, 4246N8, 4246P7, 4246V4, 424947, 4249L3, 95661813, E169147, E169513; Jarrulevy<\/p>\n","protected":false},"excerpt":{"rendered":"<p>VAICO Jarrulevyt V42-80007 Jarrulevy CITRO\u00cbN,PEUGEOT,XM Y4,XM Y3,XM Break Y4,XM Break Y3,407 SW 6E_,508 SW,607 9D, 9U,407 6D_,508,407 Coupe 6C_,605 6B<\/p>\n","protected":false},"featured_media":0,"template":"","meta":{"site-sidebar-layout":"default","site-content-layout":"default","ast-global-header-display":"","ast-main-header-display":"","ast-hfb-above-header-display":"","ast-hfb-below-header-display":"","ast-hfb-mobile-header-display":"","site-post-title":"","ast-breadcrumbs-content":"","ast-featured-img":"","footer-sml-layout":"","theme-transparent-header-meta":"","adv-header-id-meta":"","stick-header-meta":"","header-above-stick-meta":"","header-main-stick-meta":"","header-below-stick-meta":""},"pwb-brand":[330],"product_cat":[66],"product_tag":[],"class_list":{"0":"post-66784","1":"product","2":"type-product","3":"status-publish","5":"pwb-brand-vaico","6":"product_cat-jarrulevyt","7":"desktop-align-left","8":"tablet-align-left","9":"mobile-align-left","11":"first","12":"instock","13":"product-type-external"},"brands":[{"id":330,"name":"VAICO","slug":"vaico"}],"_links":{"self":[{"href":"https:\/\/www.autonvaraosahaku.fi\/index.php?rest_route=\/wp\/v2\/product\/66784","targetHints":{"allow":["GET"]}}],"collection":[{"href":"https:\/\/www.autonvaraosahaku.fi\/index.php?rest_route=\/wp\/v2\/product"}],"about":[{"href":"https:\/\/www.autonvaraosahaku.fi\/index.php?rest_route=\/wp\/v2\/types\/product"}],"wp:attachment":[{"href":"https:\/\/www.autonvaraosahaku.fi\/index.php?rest_route=%2Fwp%2Fv2%2Fmedia&parent=66784"}],"wp:term":[{"taxonomy":"pwb-brand","embeddable":true,"href":"https:\/\/www.autonvaraosahaku.fi\/index.php?rest_route=%2Fwp%2Fv2%2Fpwb-brand&post=66784"},{"taxonomy":"product_cat","embeddable":true,"href":"https:\/\/www.autonvaraosahaku.fi\/index.php?rest_route=%2Fwp%2Fv2%2Fproduct_cat&post=66784"},{"taxonomy":"product_tag","embeddable":true,"href":"https:\/\/www.autonvaraosahaku.fi\/index.php?rest_route=%2Fwp%2Fv2%2Fproduct_tag&post=66784"}],"curies":[{"name":"wp","href":"https:\/\/api.w.org\/{rel}","templated":true}]}}