{"id":66795,"date":"2021-02-21T18:50:47","date_gmt":"2021-02-21T18:50:47","guid":{"rendered":"https:\/\/www.autonvaraosahaku.fi\/?product=vaico-v32-0018-oljynsuodatin"},"modified":"2021-02-21T18:50:50","modified_gmt":"2021-02-21T18:50:50","slug":"vaico-v32-0018-oljynsuodatin","status":"publish","type":"product","link":"https:\/\/www.autonvaraosahaku.fi\/?product=vaico-v32-0018-oljynsuodatin","title":{"rendered":"VAICO V32-0018 \u00d6ljynsuodatin"},"content":{"rendered":"<p>Suodatintyyppi: Ruuvattava suodatin; L\u00e4pimitta [mm]: 84; Korkeus (mm): 75; Sis\u00e4l\u00e4pimitta 2 [mm]: 65; Avauspaine ohitusventtiili [bar]: 1; Kierremitta: M 20 X 1,5; Ulkol\u00e4pimitta [mm]: 80; Korvaava tuote\/korvaava tiedote 2: yhdell\u00e4 peruutuksenestoventtiilill\u00e4; Sis\u00e4l\u00e4pimitta 1 [mm]: 57; Paino [kg]: 0,294; Pakkausleveys [cm]: 8,4; Pakkauskorkeus [mm]: 7,4; Pakkaussyvyys [cm]: 8,4; lis\u00e4tieto: CST99; Moottorinumero: 6VDI; MAZDA: 5 CR19,3 BK,6 Station Wagon GY,6 Kombi GH,323 F VI BJ,CX-7 ER,6 Hatchback GG,6 GG,3 BL,6 Schr\u00e4gheck GH,3 Stufenheck BK,6 GH,MPV II LW,323 P V BA,3 Stufenheck BL,FAMILIA VI BJ,FAMILIA V BG8,323 III Hatchback BF,RX 7 I SA,E-SERIE Kasten SR2,626 III Station Wagon GV,626 II GC,626 II Hatchback GC,B-SERIE UF,323 III BF,323 III Station Wagon BW,929 I LA,E-SERIE Kasten,RX 5; KIA: SORENTO I JC,SPORTAGE SL,CEE&#8217;D SW ED,CEE&#8217;D Schr\u00e4gheck ED,SPORTAGE JE_, KM_,VENGA YN,SORENTO II XM,CARENS II FJ,RIO III UB,RIO II JB,CEE&#8217;D JD,CARENS III UN,CARNIVAL II GQ,CARNIVAL \/ GRAND CARNIVAL III VQ,PRO CEE&#8217;D ED,SOUL AM,CERATO LD,MAGENTIS GD,MAGENTIS MG,PRO CEE\u00b4D JD,OPIRUS GH,SPORTAGE K00,CERATO Stufenheck LD,RIO II Stufenheck JB,OPTIMA,JOICE,RETONA CE,RIO III Stufenheck UB,CERATO II Stufenheck TD,BESTA Bus,CERATO KOUP TD,CERATO YD Stufenheck; HONDA: CIVIC VI Hatchback EJ, EK,ACCORD VI CG, CK,CR-V I RD,CRX II ED, EE,ACCORD VI Coupe CG,CIVIC VI Stufenheck EJ, EK,PRELUDE IV BB,SHUTTLE RA,INTEGRA Coupe DC2, DC4,PRELUDE III BA,ACCORD IV CB,CIVIC V Stufenheck EG, EH,CONCERTO HW,CIVIC IV Stufenheck ED,ACCORD III CA,ACCORD IV Aerodeck CB,ACCORD III Aerodeck CA; HYUNDAI: ix35 LM, EL, ELH,i30 FD,GETZ TB,i20 PB, PBT,TUCSON JM,i30 CW FD,i40 CW VF,SANTA F\u00c9 I SM,SANTA F\u00c9 II CM,MATRIX FC,TERRACAN HP,COUPE GK,TRAJET FO,SONATA V NF,GALLOPER II JK-01,SONATA IV EF,GENESIS Coupe,ACCENT II LC,COUPE RD,VELOSTER FS,H-1 Kasten,ACCENT III MC,H-1 \/ STAREX,ELANTRA XD,ACCENT III Stufenheck MC,ELANTRA Stufenheck XD,ACCENT I X-3,ACCENT II Stufenheck LC,GRANDEUR TG,XG XG,LANTRA II Wagon J-2,LANTRA II J-2,SANTAMO,ACCENT Stufenheck X-3,SONATA III Y-3,GALLOPER I,PONY X-2,LANTRA I J-1,S COUPE SLC,ELANTRA Stufenheck MD, UD,H100 Bus P,ACCENT IV RB,HIGHWAY VAN,H100 Kasten,SONATA VI YF,ELANTRA Stufenheck HD,PONY \/ EXCEL Stufenheck X-2,SONATA II Y-2,ACCENT IV Stufenheck RB,H100 Pritsche\/Fahrgestell,GRANDEUR HG; OPEL: CAMPO TF_,MONTEREY A UBS_; SUBARU: LEGACY IV Station Wagon BL, BP, B13_,OUTBACK BL, BP,LEGACY III Station Wagon BE, BH,LEGACY IV BL, BP,OUTBACK BE, BH,OUTBACK BM, BR,TRIBECA B9; MITSUBISHI: COLT VI Z3_A, Z2_A,CARISMA DA_,GRANDIS NA_W,COLT V CJ_, CP_,OUTLANDER I CU_W,LANCER Kombi CS_W,LANCER SPORTBACK CX_A,PAJERO PININ H6_W, H7_W,COLT CZC Cabriolet RG,LANCER Stufenheck CY\/Z_A,CARISMA Stufenheck DA_,PAJERO III V7_W, V6_W,GALANT VI Station Wagon EA_,GALANT VI EA_,PAJERO IV V8_W, V9_W,SPACE WAGON N9_W, N8_W,L 200 K7_T, K6_T,PAJERO II V3_W, V2_W, V4_W,LANCER Stufenheck CS_A, CT0,L 300 Bus P0_W, P1_W, P2_W,PAJERO SPORT K90,ECLIPSE II D3_A,ECLIPSE I D2_A,SPACE RUNNER N6_W,PAJERO I L04_G, L14_G,PAJERO CLASSIC V2_W,SPACE RUNNER N1_W, N2_W,L 400 \/ SPACE GEAR Bus PD_W, PC_W, PA_V, PB_V,GALLOPER JK-01,LANCER VI CJ-CP_,3000 GT Z16A,L 300 Pritsche\/Fahrgestell L03_P,L 300 Kasten L03_P,SIGMA F2_A, F1_A,LANCER V Station Wagon CB_W, CD_W,GALANT IV E3_A,LANCER V CB\/D_A,SPACE WAGON N3_W, N4_W,GALANT IV Stufenheck E3_A,PAJERO SPORT VAN K90,LANCER IV C6_A, C7_A,PAJERO III Gel\u00e4ndewagen offen V6_W, V7_W,L 300 Kasten P0_W, P1_W,PAJERO I Canvas Top L04_G,L 200 K3_T, K2_T, K1_T; VAUXHALL: MONTEREY,BRAVA Pick-up; ISUZU: TROOPER UBS,TROOPER Soft Top UBS; BEDFORD: MIDI Kasten; 3252742, 5012574, 5021023, 2630011100, 2630021000, 2630021010, 2630021A00, 2630035004, 2630035014, 2630035054, 2630035056, 2630035156, 2630035500, 2630035501, 2630035502, 2630035503, 2630035504, 2630035A00, 263003E010, 8941357471, 894201942, 8942019422, 8942019423, 8942432700, 894243502, 8942435020, 8942435021, 8942511100, 8942511101, 8944110840, 894430411, 8944304111, 8944304112, 8944567412, 8972093060, 94201942, 0RF0323802, 0RF0323802A, 0RF0323802B, K71023820, ORF0323802, ORF0323802A, ORF0323802B, 2630035501, 86623802, 8FG1238029B, AM0114300, B6Y014302, F802238029B, RF0123802, RF01238029A, RF01238029B, RF0123802A, RF0123802A9A, RF2A14302, RF2A14302A, RF7914302, RFY214302, RFY2143029A, RFY514302, RFY614302, Y70114302, Y70114302A, 2630021010, 4063396, 630021A00, 630035014, 630035054, 630035056, AW343979, D001450, D136790, K4662010, K486201, K9665400, MD001445, MD007095, MD007360, MD017440, MD030795, MD031805, MD061445, MD069982, MD071462, MD084693, MD097003, MD136466, MD136790, MD322&#8230;<\/p>\n","protected":false},"excerpt":{"rendered":"<p>VAICO \u00d6ljynsuodatin V32-0018  MAZDA,KIA,HONDA,5 CR19,3 BK,6 Station Wagon GY,6 Kombi GH,323 F VI BJ,CX-7 ER,6 Hatchback GG,6 GG,3 BL,6 Schr\u00e4gheck GH<\/p>\n","protected":false},"featured_media":0,"template":"","meta":{"site-sidebar-layout":"default","site-content-layout":"default","ast-global-header-display":"","ast-main-header-display":"","ast-hfb-above-header-display":"","ast-hfb-below-header-display":"","ast-hfb-mobile-header-display":"","site-post-title":"","ast-breadcrumbs-content":"","ast-featured-img":"","footer-sml-layout":"","theme-transparent-header-meta":"","adv-header-id-meta":"","stick-header-meta":"","header-above-stick-meta":"","header-main-stick-meta":"","header-below-stick-meta":""},"pwb-brand":[330],"product_cat":[30],"product_tag":[],"class_list":{"0":"post-66795","1":"product","2":"type-product","3":"status-publish","5":"pwb-brand-vaico","6":"product_cat-oljynsuodatin","7":"desktop-align-left","8":"tablet-align-left","9":"mobile-align-left","11":"first","12":"instock","13":"product-type-external"},"brands":[{"id":330,"name":"VAICO","slug":"vaico"}],"_links":{"self":[{"href":"https:\/\/www.autonvaraosahaku.fi\/index.php?rest_route=\/wp\/v2\/product\/66795","targetHints":{"allow":["GET"]}}],"collection":[{"href":"https:\/\/www.autonvaraosahaku.fi\/index.php?rest_route=\/wp\/v2\/product"}],"about":[{"href":"https:\/\/www.autonvaraosahaku.fi\/index.php?rest_route=\/wp\/v2\/types\/product"}],"wp:attachment":[{"href":"https:\/\/www.autonvaraosahaku.fi\/index.php?rest_route=%2Fwp%2Fv2%2Fmedia&parent=66795"}],"wp:term":[{"taxonomy":"pwb-brand","embeddable":true,"href":"https:\/\/www.autonvaraosahaku.fi\/index.php?rest_route=%2Fwp%2Fv2%2Fpwb-brand&post=66795"},{"taxonomy":"product_cat","embeddable":true,"href":"https:\/\/www.autonvaraosahaku.fi\/index.php?rest_route=%2Fwp%2Fv2%2Fproduct_cat&post=66795"},{"taxonomy":"product_tag","embeddable":true,"href":"https:\/\/www.autonvaraosahaku.fi\/index.php?rest_route=%2Fwp%2Fv2%2Fproduct_tag&post=66795"}],"curies":[{"name":"wp","href":"https:\/\/api.w.org\/{rel}","templated":true}]}}