{"id":6680,"date":"2021-02-21T13:58:01","date_gmt":"2021-02-21T13:58:01","guid":{"rendered":"https:\/\/www.autonvaraosahaku.fi\/?product=valeo-578502-pyyhkijansulat"},"modified":"2021-02-21T13:58:01","modified_gmt":"2021-02-21T13:58:01","slug":"valeo-578502-pyyhkijansulat","status":"publish","type":"product","link":"https:\/\/www.autonvaraosahaku.fi\/?product=valeo-578502-pyyhkijansulat","title":{"rendered":"VALEO 578502 Pyyhkij\u00e4nsulat"},"content":{"rendered":"<p>Vasen \/ oikea liikenne: Ohjaus vasemmalla; M\u00e4\u00e4r\u00e4: 1; Pituus (mm): 400; Pituus (tuumaa): 16; Lis\u00e4adapteri: A,B,C; Paino [kg]: 0,15; Tuotelinja: HYDROCONNECT; Pyyhkij\u00e4nsulkatyyppi: Rungottomat; Valmistusvuoteen: 10\/2009; VW: POLO 6R, 6C,UP,SHARAN 7N1, 7N2,POLO Stufenheck,GOLF SPORTSVAN AM1,TOURAN,POLO Van 6R,LOAD UP; SKODA: CITIGO,RAPID Spaceback NH1,RAPID NH3,FABIA NJ3,FABIA Kombi NJ5; BMW: 3 E90,3 Coupe E92,3 Cabriolet E93,X1 F48; SEAT: IBIZA V 6J5, 6P5,LEON 5F1,LEON ST 5F8,IBIZA V ST 6J8, 6P8,ALHAMBRA 710, 711,Mii KF1_,IBIZA V SPORTCOUPE 6J1, 6P1,LEON SC 5F5,TOLEDO IV KG3; NISSAN: NV300 Kombi X82; OPEL: CORSA D,ADAM,CORSA D Van,COMBO Kasten\/Kombi X12,COMBO Tour X12,CORSA E,VIVARO Combi,CROSSLAND X,CORSA E Van; FORD: FIESTA VI,RANGER TKE,ECOSPORT,FIESTA VI Van,KA,KA + Stufenheck; FIAT: DOBLO Kasten\/Kombi 263,DOBLO Gro\u00dfraumlimousine 152, 263,DOBLO Pritsche\/Fahrgestell 263,TIPO Schr\u00e4gheck 356_,TIPO Kombi 356_,TIPO Stufenheck 356_,TALENTO Bus 296_; CITRO\u00cbN: C3 I FC_,BERLINGO B9,DS3,C3 Picasso,C3 II,BERLINGO Kasten B9,DS3 Cabriolet,BERLINGO Pritsche\/Fahrgestell B9,C-ELYSEE,C3 III SX,C3 AIRCROSS II; ALFA ROMEO: 147 937,MITO 955,GT 937; 71805776, 61612159629, 61612407288, 61612455437, 1611348480, 1613157180, 1618843180, 1618843480, 642349, 6423J2, 6423J3, 6423J6, 6423J8, 6423K0, YQ00138980, YQ00139080, 6423J2, 6423J3, 6423K0, 1832132, 2026779, 5352684, 1613158080, 1613158380, 1613159180, 288819784R, 288905309R, 288905450R, 288908085R, 7711424718, 1S1998002, 1ST998001, 5F1955426, 5F1955426A, 5JB998001, 6J1955426, 6J1955426A, 7N1998002, 1S1998002, 1ST998001, 5F1955426, 5JB998001, 6V1998001, 1S1998002, 1ST998001, 517998002, 5TB998002, 6R1998002, 7N1998002; Tuulilasinpyyhkimet,Pyyhkij\u00e4t,Pyyhkij\u00e4nsulka<\/p>\n","protected":false},"excerpt":{"rendered":"<p>VALEO Pyyhkij\u00e4nsulat 578502 Tuulilasinpyyhkimet,Pyyhkij\u00e4t VW,SKODA,BMW,POLO 6R, 6C,UP,SHARAN 7N1, 7N2,POLO Stufenheck,GOLF SPORTSVAN AM1,TOURAN<\/p>\n","protected":false},"featured_media":0,"template":"","meta":{"site-sidebar-layout":"default","site-content-layout":"default","ast-global-header-display":"","ast-main-header-display":"","ast-hfb-above-header-display":"","ast-hfb-below-header-display":"","ast-hfb-mobile-header-display":"","site-post-title":"","ast-breadcrumbs-content":"","ast-featured-img":"","footer-sml-layout":"","theme-transparent-header-meta":"","adv-header-id-meta":"","stick-header-meta":"","header-above-stick-meta":"","header-main-stick-meta":"","header-below-stick-meta":""},"pwb-brand":[28],"product_cat":[33],"product_tag":[],"class_list":{"0":"post-6680","1":"product","2":"type-product","3":"status-publish","5":"pwb-brand-valeo","6":"product_cat-pyyhkijansulat","7":"desktop-align-left","8":"tablet-align-left","9":"mobile-align-left","11":"first","12":"instock","13":"product-type-external"},"brands":[{"id":28,"name":"VALEO","slug":"valeo"}],"_links":{"self":[{"href":"https:\/\/www.autonvaraosahaku.fi\/index.php?rest_route=\/wp\/v2\/product\/6680","targetHints":{"allow":["GET"]}}],"collection":[{"href":"https:\/\/www.autonvaraosahaku.fi\/index.php?rest_route=\/wp\/v2\/product"}],"about":[{"href":"https:\/\/www.autonvaraosahaku.fi\/index.php?rest_route=\/wp\/v2\/types\/product"}],"wp:attachment":[{"href":"https:\/\/www.autonvaraosahaku.fi\/index.php?rest_route=%2Fwp%2Fv2%2Fmedia&parent=6680"}],"wp:term":[{"taxonomy":"pwb-brand","embeddable":true,"href":"https:\/\/www.autonvaraosahaku.fi\/index.php?rest_route=%2Fwp%2Fv2%2Fpwb-brand&post=6680"},{"taxonomy":"product_cat","embeddable":true,"href":"https:\/\/www.autonvaraosahaku.fi\/index.php?rest_route=%2Fwp%2Fv2%2Fproduct_cat&post=6680"},{"taxonomy":"product_tag","embeddable":true,"href":"https:\/\/www.autonvaraosahaku.fi\/index.php?rest_route=%2Fwp%2Fv2%2Fproduct_tag&post=6680"}],"curies":[{"name":"wp","href":"https:\/\/api.w.org\/{rel}","templated":true}]}}