{"id":66800,"date":"2021-02-21T18:50:47","date_gmt":"2021-02-21T18:50:47","guid":{"rendered":"https:\/\/www.autonvaraosahaku.fi\/?product=vaico-v30-40024-jarrulevyt"},"modified":"2021-02-21T18:50:51","modified_gmt":"2021-02-21T18:50:51","slug":"vaico-v30-40024-jarrulevyt","status":"publish","type":"product","link":"https:\/\/www.autonvaraosahaku.fi\/?product=vaico-v30-40024-jarrulevyt","title":{"rendered":"VAICO V30-40024 Jarrulevyt"},"content":{"rendered":"<p>Asennuspuoli: Taka-akseli, Taka-akseli; Jarrulevyn navan korkeus [mm]: 45,3; Vanne, aukkoja: 5; Korkeus (mm): 55,2; Jarrulevytyyppi: Vakiomalli; Jarrulevyn paksuus (mm): 10; V\u00e4himm\u00e4ispaksuus (mm): 8,3; Ulkol\u00e4pimitta [mm]: 290; keskitt\u00e4misl\u00e4pimitta [mm]: 67; Reik\u00e4ympyr\u00e4-\u00d8 [mm]: 112; Pakkausleveys [cm]: 30, 30; Pakkauskorkeus [mm]: 12, 12; Pakkaussyvyys [cm]: 30, 30; Reik\u00e4-\u00d8 1 [mm]: 13,25; Paino [kg]: 5,316; lis\u00e4tieto: CST99; Alustanumerosta: A344661\/F331441; MERCEDES-BENZ: C-CLASS W203,C-CLASS T-Model S203,C-CLASS W202,E-CLASS W210,C-CLASS Coupe CL203,SLK R171,CLK C208,CLK C209,SL R230,CLK Cabriolet A208,CLK Cabriolet A209,CLC-CLASS CL203; 2104230312, 2104230612, 2104231012, 210423101264, A2104230312, A2104230612, A2104231012, A210423101264; Jarrulevy<\/p>\n","protected":false},"excerpt":{"rendered":"<p>VAICO Jarrulevyt V30-40024 Jarrulevy MERCEDES-BENZ,C-CLASS W203,C-CLASS T-Model S203,C-CLASS W202,E-CLASS W210,C-CLASS Coupe CL203,SLK R171,CLK C208<\/p>\n","protected":false},"featured_media":0,"template":"","meta":{"site-sidebar-layout":"default","site-content-layout":"default","ast-global-header-display":"","ast-main-header-display":"","ast-hfb-above-header-display":"","ast-hfb-below-header-display":"","ast-hfb-mobile-header-display":"","site-post-title":"","ast-breadcrumbs-content":"","ast-featured-img":"","footer-sml-layout":"","theme-transparent-header-meta":"","adv-header-id-meta":"","stick-header-meta":"","header-above-stick-meta":"","header-main-stick-meta":"","header-below-stick-meta":""},"pwb-brand":[330],"product_cat":[66],"product_tag":[],"class_list":{"0":"post-66800","1":"product","2":"type-product","3":"status-publish","5":"pwb-brand-vaico","6":"product_cat-jarrulevyt","7":"desktop-align-left","8":"tablet-align-left","9":"mobile-align-left","11":"first","12":"instock","13":"product-type-external"},"brands":[{"id":330,"name":"VAICO","slug":"vaico"}],"_links":{"self":[{"href":"https:\/\/www.autonvaraosahaku.fi\/index.php?rest_route=\/wp\/v2\/product\/66800","targetHints":{"allow":["GET"]}}],"collection":[{"href":"https:\/\/www.autonvaraosahaku.fi\/index.php?rest_route=\/wp\/v2\/product"}],"about":[{"href":"https:\/\/www.autonvaraosahaku.fi\/index.php?rest_route=\/wp\/v2\/types\/product"}],"wp:attachment":[{"href":"https:\/\/www.autonvaraosahaku.fi\/index.php?rest_route=%2Fwp%2Fv2%2Fmedia&parent=66800"}],"wp:term":[{"taxonomy":"pwb-brand","embeddable":true,"href":"https:\/\/www.autonvaraosahaku.fi\/index.php?rest_route=%2Fwp%2Fv2%2Fpwb-brand&post=66800"},{"taxonomy":"product_cat","embeddable":true,"href":"https:\/\/www.autonvaraosahaku.fi\/index.php?rest_route=%2Fwp%2Fv2%2Fproduct_cat&post=66800"},{"taxonomy":"product_tag","embeddable":true,"href":"https:\/\/www.autonvaraosahaku.fi\/index.php?rest_route=%2Fwp%2Fv2%2Fproduct_tag&post=66800"}],"curies":[{"name":"wp","href":"https:\/\/api.w.org\/{rel}","templated":true}]}}