{"id":6681,"date":"2021-02-21T13:58:01","date_gmt":"2021-02-21T13:58:01","guid":{"rendered":"https:\/\/www.autonvaraosahaku.fi\/?product=valeo-574581-pyyhkijansulat"},"modified":"2021-02-21T13:58:01","modified_gmt":"2021-02-21T13:58:01","slug":"valeo-574581-pyyhkijansulat","status":"publish","type":"product","link":"https:\/\/www.autonvaraosahaku.fi\/?product=valeo-574581-pyyhkijansulat","title":{"rendered":"VALEO 574581 Pyyhkij\u00e4nsulat"},"content":{"rendered":"<p>Asennuspuoli: Takana; M\u00e4\u00e4r\u00e4: 1; Pituus (mm): 350; Pituus (tuumaa): 14; Paino [kg]: 0,064; Tuotelinja: SILENCIO X.TRM; Pyyhkij\u00e4nsulkatyyppi: Rungottomat; Oviluku: 5; VW: TOUAREG 7P5; AUDI: A3 Sportback 8VA,A3 8V1; BMW: X1 F48,X2 F39; PORSCHE: CAYENNE,PANAMERA Sport Turismo 971; 83A955425, 8V3955425, 61622588277, 61627356223, 1678205800, A2478207801, 95862805000, 971955427A, 7L6955425, 7P6955427; Tuulilasinpyyhkimet,Pyyhkij\u00e4t,Pyyhkij\u00e4nsulka<\/p>\n","protected":false},"excerpt":{"rendered":"<p>VALEO Pyyhkij\u00e4nsulat 574581 Tuulilasinpyyhkimet,Pyyhkij\u00e4t VW,AUDI,BMW,TOUAREG 7P5,A3 Sportback 8VA,A3 8V1,X1 F48,X2 F39,CAYENNE<\/p>\n","protected":false},"featured_media":0,"template":"","meta":{"site-sidebar-layout":"default","site-content-layout":"default","ast-global-header-display":"","ast-main-header-display":"","ast-hfb-above-header-display":"","ast-hfb-below-header-display":"","ast-hfb-mobile-header-display":"","site-post-title":"","ast-breadcrumbs-content":"","ast-featured-img":"","footer-sml-layout":"","theme-transparent-header-meta":"","adv-header-id-meta":"","stick-header-meta":"","header-above-stick-meta":"","header-main-stick-meta":"","header-below-stick-meta":""},"pwb-brand":[28],"product_cat":[33],"product_tag":[],"class_list":{"0":"post-6681","1":"product","2":"type-product","3":"status-publish","5":"pwb-brand-valeo","6":"product_cat-pyyhkijansulat","7":"desktop-align-left","8":"tablet-align-left","9":"mobile-align-left","11":"first","12":"instock","13":"product-type-external"},"brands":[{"id":28,"name":"VALEO","slug":"valeo"}],"_links":{"self":[{"href":"https:\/\/www.autonvaraosahaku.fi\/index.php?rest_route=\/wp\/v2\/product\/6681","targetHints":{"allow":["GET"]}}],"collection":[{"href":"https:\/\/www.autonvaraosahaku.fi\/index.php?rest_route=\/wp\/v2\/product"}],"about":[{"href":"https:\/\/www.autonvaraosahaku.fi\/index.php?rest_route=\/wp\/v2\/types\/product"}],"wp:attachment":[{"href":"https:\/\/www.autonvaraosahaku.fi\/index.php?rest_route=%2Fwp%2Fv2%2Fmedia&parent=6681"}],"wp:term":[{"taxonomy":"pwb-brand","embeddable":true,"href":"https:\/\/www.autonvaraosahaku.fi\/index.php?rest_route=%2Fwp%2Fv2%2Fpwb-brand&post=6681"},{"taxonomy":"product_cat","embeddable":true,"href":"https:\/\/www.autonvaraosahaku.fi\/index.php?rest_route=%2Fwp%2Fv2%2Fproduct_cat&post=6681"},{"taxonomy":"product_tag","embeddable":true,"href":"https:\/\/www.autonvaraosahaku.fi\/index.php?rest_route=%2Fwp%2Fv2%2Fproduct_tag&post=6681"}],"curies":[{"name":"wp","href":"https:\/\/api.w.org\/{rel}","templated":true}]}}