{"id":66831,"date":"2021-02-21T18:50:57","date_gmt":"2021-02-21T18:50:57","guid":{"rendered":"https:\/\/www.autonvaraosahaku.fi\/?product=hella-8dk-355-252-001-jarrupalojen-kulumisen-ilmaisin"},"modified":"2021-02-21T18:50:59","modified_gmt":"2021-02-21T18:50:59","slug":"hella-8dk-355-252-001-jarrupalojen-kulumisen-ilmaisin","status":"publish","type":"product","link":"https:\/\/www.autonvaraosahaku.fi\/?product=hella-8dk-355-252-001-jarrupalojen-kulumisen-ilmaisin","title":{"rendered":"HELLA 8DK 355 252-001 Jarrupalojen kulumisen ilmaisin"},"content":{"rendered":"<p>Jarrutyyppi: Levyjarru; Pituus (mm): 95; M\u00e4\u00e4r\u00e4: 1; Teknisten tietojen numero: P8612; Asennuspuoli: Vorderachse; MERCEDES-BENZ: C-CLASS W203,E-CLASS W211,C-CLASS W204,A-CLASS W169,B-CLASS W245,C-CLASS T-Model S204,C-CLASS T-Model S203,E-CLASS T-Model S211,E-CLASS W212,C-CLASS Coupe CL203,E-CLASS T-Model S212,GLK-CLASS X204,SLK R171,CLK C209,S-CLASS W220,S-CLASS W221,CLS C219,VANEO 414,SL R230,M-CLASS W166,E-CLASS Coupe C207,CLK Cabriolet A209,C-CLASS Coupe C204,SLK R172,E-CLASS Cabriolet A207,CLC-CLASS CL203,CLS C218,S-CLASS Coupe C215,CLS Shooting Brake X218,S-CLASS W222, V222, X222,GL-CLASS X166,SL R231,C-CLASS T-Model S205,C-CLASS W205,E-CLASS W213,E-CLASS T-Model S213,SLR ROADSTER R199,GLE W166,C-CLASS Coupe C205,GLE Coupe C292,AMG GT \/ GT S C190,SLC R172,GLS X166,C-CLASS Cabriolet A205,S-CLASS Coupe C217,AMG GT Roadster R190,S-CLASS Cabriolet A217; 2115401717, 2205400617, 2205400717, A2115401717, A2205400617, A2205400717; Kulumisenilmaisin, Jarrupala<\/p>\n","protected":false},"excerpt":{"rendered":"<p>HELLA Jarrupalojen Kulumisen Ilmaisin 8DK 355 252-001 Kulumisenilmaisin, Jarrupala MERCEDES-BENZ,C-CLASS W203,E-CLASS W211,C-CLASS W204,A-CLASS W169<\/p>\n","protected":false},"featured_media":0,"template":"","meta":{"site-sidebar-layout":"default","site-content-layout":"default","ast-global-header-display":"","ast-main-header-display":"","ast-hfb-above-header-display":"","ast-hfb-below-header-display":"","ast-hfb-mobile-header-display":"","site-post-title":"","ast-breadcrumbs-content":"","ast-featured-img":"","footer-sml-layout":"","theme-transparent-header-meta":"","adv-header-id-meta":"","stick-header-meta":"","header-above-stick-meta":"","header-main-stick-meta":"","header-below-stick-meta":""},"pwb-brand":[24],"product_cat":[111],"product_tag":[],"class_list":{"0":"post-66831","1":"product","2":"type-product","3":"status-publish","5":"pwb-brand-hella","6":"product_cat-jarrupalojen-kulumisen-ilmaisin","7":"desktop-align-left","8":"tablet-align-left","9":"mobile-align-left","11":"first","12":"instock","13":"product-type-external"},"brands":[{"id":24,"name":"HELLA","slug":"hella"}],"_links":{"self":[{"href":"https:\/\/www.autonvaraosahaku.fi\/index.php?rest_route=\/wp\/v2\/product\/66831","targetHints":{"allow":["GET"]}}],"collection":[{"href":"https:\/\/www.autonvaraosahaku.fi\/index.php?rest_route=\/wp\/v2\/product"}],"about":[{"href":"https:\/\/www.autonvaraosahaku.fi\/index.php?rest_route=\/wp\/v2\/types\/product"}],"wp:attachment":[{"href":"https:\/\/www.autonvaraosahaku.fi\/index.php?rest_route=%2Fwp%2Fv2%2Fmedia&parent=66831"}],"wp:term":[{"taxonomy":"pwb-brand","embeddable":true,"href":"https:\/\/www.autonvaraosahaku.fi\/index.php?rest_route=%2Fwp%2Fv2%2Fpwb-brand&post=66831"},{"taxonomy":"product_cat","embeddable":true,"href":"https:\/\/www.autonvaraosahaku.fi\/index.php?rest_route=%2Fwp%2Fv2%2Fproduct_cat&post=66831"},{"taxonomy":"product_tag","embeddable":true,"href":"https:\/\/www.autonvaraosahaku.fi\/index.php?rest_route=%2Fwp%2Fv2%2Fproduct_tag&post=66831"}],"curies":[{"name":"wp","href":"https:\/\/api.w.org\/{rel}","templated":true}]}}