{"id":66836,"date":"2021-02-21T18:50:57","date_gmt":"2021-02-21T18:50:57","guid":{"rendered":"https:\/\/www.autonvaraosahaku.fi\/?product=trw-jgm1036t-iskunvaimennin"},"modified":"2021-02-21T18:51:00","modified_gmt":"2021-02-21T18:51:00","slug":"trw-jgm1036t-iskunvaimennin","status":"publish","type":"product","link":"https:\/\/www.autonvaraosahaku.fi\/?product=trw-jgm1036t-iskunvaimennin","title":{"rendered":"TRW JGM1036T Iskunvaimennin"},"content":{"rendered":"<p>Lukum\u00e4\u00e4r\u00e4 akselille: 1; Asennuspuoli: Etuakseli; Iskunvaimennin tyyppi: Kaasupaine; Iskunvaimennin malli: Joustintuki; Iskunvaimennusj\u00e4rjestelm\u00e4: Kaksiputki; Iskunvaimennin asennustapa: Tappi ylh\u00e4\u00e4ll\u00e4; Pituus 1 (mm): 367; Pituus 2 (mm): 560; L\u00e4pimitta [mm]: 54; Jousijalan l\u00e4pimitta [mm]: 24; Huomioi tekniset tiedot: ; Tuotelinja: TWIN; PR-numerolle: G02; VW: PASSAT Variant 3C5,PASSAT 3C2,PASSAT Variant 365,PASSAT CC 357,PASSAT 362,CC 358; SKODA: SUPERB Kombi 3T5,SUPERB 3T4; 3C0413031AA, 3C0413031L, 3C0413031AA, 3C0413031L, 3C0413031AA, 3C0413031AQ, 3C0413031L, 3C0413031AA, 3C0413031AH, 3C0413031AJ, 3C0413031AQ, 3C0413031L; Iskarit,Iskunvaimennin<\/p>\n","protected":false},"excerpt":{"rendered":"<p>TRW Iskunvaimentimet JGM1036T Iskarit,Iskunvaimennin VW,SKODA,PASSAT Variant 3C5,PASSAT 3C2,PASSAT Variant 365,PASSAT CC 357,PASSAT 362,CC 358<\/p>\n","protected":false},"featured_media":0,"template":"","meta":{"site-sidebar-layout":"default","site-content-layout":"default","ast-global-header-display":"","ast-main-header-display":"","ast-hfb-above-header-display":"","ast-hfb-below-header-display":"","ast-hfb-mobile-header-display":"","site-post-title":"","ast-breadcrumbs-content":"","ast-featured-img":"","footer-sml-layout":"","theme-transparent-header-meta":"","adv-header-id-meta":"","stick-header-meta":"","header-above-stick-meta":"","header-main-stick-meta":"","header-below-stick-meta":""},"pwb-brand":[332],"product_cat":[80],"product_tag":[],"class_list":{"0":"post-66836","1":"product","2":"type-product","3":"status-publish","5":"pwb-brand-trw","6":"product_cat-iskunvaimennin","7":"desktop-align-left","8":"tablet-align-left","9":"mobile-align-left","11":"first","12":"instock","13":"product-type-external"},"brands":[{"id":332,"name":"TRW","slug":"trw"}],"_links":{"self":[{"href":"https:\/\/www.autonvaraosahaku.fi\/index.php?rest_route=\/wp\/v2\/product\/66836","targetHints":{"allow":["GET"]}}],"collection":[{"href":"https:\/\/www.autonvaraosahaku.fi\/index.php?rest_route=\/wp\/v2\/product"}],"about":[{"href":"https:\/\/www.autonvaraosahaku.fi\/index.php?rest_route=\/wp\/v2\/types\/product"}],"wp:attachment":[{"href":"https:\/\/www.autonvaraosahaku.fi\/index.php?rest_route=%2Fwp%2Fv2%2Fmedia&parent=66836"}],"wp:term":[{"taxonomy":"pwb-brand","embeddable":true,"href":"https:\/\/www.autonvaraosahaku.fi\/index.php?rest_route=%2Fwp%2Fv2%2Fpwb-brand&post=66836"},{"taxonomy":"product_cat","embeddable":true,"href":"https:\/\/www.autonvaraosahaku.fi\/index.php?rest_route=%2Fwp%2Fv2%2Fproduct_cat&post=66836"},{"taxonomy":"product_tag","embeddable":true,"href":"https:\/\/www.autonvaraosahaku.fi\/index.php?rest_route=%2Fwp%2Fv2%2Fproduct_tag&post=66836"}],"curies":[{"name":"wp","href":"https:\/\/api.w.org\/{rel}","templated":true}]}}