{"id":66849,"date":"2021-02-21T18:51:02","date_gmt":"2021-02-21T18:51:02","guid":{"rendered":"https:\/\/www.autonvaraosahaku.fi\/?product=valeo-828012-kytkinpaketti"},"modified":"2021-02-21T18:51:04","modified_gmt":"2021-02-21T18:51:04","slug":"valeo-828012-kytkinpaketti","status":"publish","type":"product","link":"https:\/\/www.autonvaraosahaku.fi\/?product=valeo-828012-kytkinpaketti","title":{"rendered":"VALEO 828012 Kytkinpaketti"},"content":{"rendered":"<p>Uusi osa: ; Lis\u00e4tarvike\/lis\u00e4tieto: Painelevyll\u00e4; Ulkol\u00e4pimitta [mm]: 215; Versio: DIAPHRAGM, 215X147\/F830DS\/ORGAN; Ty\u00f6nt\u00f6voima [N]: 4900; Korvaava tuote\/korvaava tiedote 2: Kytkinlevyll\u00e4, ilman irroitinlaakeria; Ulkol\u00e4pimitta 1 [mm]: 215; Sis\u00e4l\u00e4pimitta 1 [mm]: 147; Hammasluku: 26; Napaprofiili: 21,90 x 20; K\u00e4ytt\u00f6tapa: Painekytkin; Paino [kg]: 5,67; lis\u00e4tieto: KIT2P; Valmistusvuosi alkaen: 01\/2009; NISSAN: MICRA III K12,NOTE E11,NV200 EVALIA,NOTE E12,TIIDA Schr\u00e4gheck,NV200 Kasten,INTERSTAR Kasten X70,TIIDA Stufenheck SC11X,KUBISTAR Kasten X80,INTERSTAR Bus X70,INTERSTAR Pritsche\/Fahrgestell; SUZUKI: JIMNY FJ; MERCEDES-BENZ: CITAN Kasten 415,CITAN Kombi 415,CITAN Mixto 415; DACIA: DUSTER,SANDERO,LOGAN MCV KS_,SANDERO II,LODGY,LOGAN MCV II,DOKKER,LOGAN LS_,DOKKER Express,LOGAN EXPRESS FS_,LOGAN Pick-up US_,LOGAN II,DUSTER Kasten; RENAULT: CLIO II BB0\/1\/2_, CB0\/1\/2_,CLIO III BR0\/1, CR0\/1,SC\u00c9NIC II JM0\/1_,KANGOO KC0\/1_,TWINGO II CN0_,MEGANE III Grandtour KZ0\/1,MODUS \/ GRAND MODUS F\/JP0_,MEGANE II Kombi KM0\/1_,SC\u00c9NIC III JZ0\/1_,CLIO IV,MEGANE III Schr\u00e4gheck BZ0_,MEGANE II BM0\/1_, CM0\/1_,GRAND SC\u00c9NIC III JZ0\/1_,MEGANE III Coupe DZ0\/1_,KANGOO \/ GRAND KANGOO KW0\/1_,KANGOO Express FC0\/1_,CLIO Grandtour KR0\/1_,GRAND SC\u00c9NIC II JM0\/1_,CAPTUR,KANGOO Express FW0\/1_,MEGANE II Stufenheck LM0\/1_,CLIO Grandtour IV,KANGOO BE BOP KW0\/1_,MEGANE CC EZ0\/1_,CLIO II Kasten SB0\/1\/2_,LAGUNA Coupe DT0\/1,FLUENCE L30_,THALIA I LB0\/1\/2_,CLIO III Kasten SB_, SR_,DUSTER,LOGAN I Kombi KS_,LOGAN I LS_,THALIA II LU1\/2_,KADJAR,MEGANE IV B9A\/M_,MEGANE IV Grandtour K9A\/M_,LOGAN EXPRESS; 2335400QAK, 302055016R, 302057302R, 302057505R, 302058324R, 302059852R, 7701476180, 7701478779, 7701479194, 8200527571, 415250001, 4152500501, A4152500501, 2335400QAD, 2335400QAK, 2335400QAR, 2335400QAS, 2335400QAU, 3000100Q2C, 7701478779, 2335400QAK, 302055016R, 302057302R, 302057505R, 302058134R, 302058324R, 302059852R, 7701472700, 7701474961, 7701475345, 7701475361, 7701476180, 7701477877, 7701478114, 7701478779, 7701479194, 7711368167, 8200527571; Kytkinsarja<\/p>\n","protected":false},"excerpt":{"rendered":"<p>VALEO Kytkinpaketti 828012 Kytkinsarja NISSAN,SUZUKI,MERCEDES-BENZ,MICRA III K12,NOTE E11,NV200 EVALIA,NOTE E12,TIIDA Schr\u00e4gheck,NV200 Kasten<\/p>\n","protected":false},"featured_media":0,"template":"","meta":{"site-sidebar-layout":"default","site-content-layout":"default","ast-global-header-display":"","ast-main-header-display":"","ast-hfb-above-header-display":"","ast-hfb-below-header-display":"","ast-hfb-mobile-header-display":"","site-post-title":"","ast-breadcrumbs-content":"","ast-featured-img":"","footer-sml-layout":"","theme-transparent-header-meta":"","adv-header-id-meta":"","stick-header-meta":"","header-above-stick-meta":"","header-main-stick-meta":"","header-below-stick-meta":""},"pwb-brand":[28],"product_cat":[21],"product_tag":[],"class_list":{"0":"post-66849","1":"product","2":"type-product","3":"status-publish","5":"pwb-brand-valeo","6":"product_cat-kytkinpaketti","7":"desktop-align-left","8":"tablet-align-left","9":"mobile-align-left","11":"first","12":"instock","13":"product-type-external"},"brands":[{"id":28,"name":"VALEO","slug":"valeo"}],"_links":{"self":[{"href":"https:\/\/www.autonvaraosahaku.fi\/index.php?rest_route=\/wp\/v2\/product\/66849","targetHints":{"allow":["GET"]}}],"collection":[{"href":"https:\/\/www.autonvaraosahaku.fi\/index.php?rest_route=\/wp\/v2\/product"}],"about":[{"href":"https:\/\/www.autonvaraosahaku.fi\/index.php?rest_route=\/wp\/v2\/types\/product"}],"wp:attachment":[{"href":"https:\/\/www.autonvaraosahaku.fi\/index.php?rest_route=%2Fwp%2Fv2%2Fmedia&parent=66849"}],"wp:term":[{"taxonomy":"pwb-brand","embeddable":true,"href":"https:\/\/www.autonvaraosahaku.fi\/index.php?rest_route=%2Fwp%2Fv2%2Fpwb-brand&post=66849"},{"taxonomy":"product_cat","embeddable":true,"href":"https:\/\/www.autonvaraosahaku.fi\/index.php?rest_route=%2Fwp%2Fv2%2Fproduct_cat&post=66849"},{"taxonomy":"product_tag","embeddable":true,"href":"https:\/\/www.autonvaraosahaku.fi\/index.php?rest_route=%2Fwp%2Fv2%2Fproduct_tag&post=66849"}],"curies":[{"name":"wp","href":"https:\/\/api.w.org\/{rel}","templated":true}]}}