{"id":66895,"date":"2021-02-21T18:51:13","date_gmt":"2021-02-21T18:51:13","guid":{"rendered":"https:\/\/www.autonvaraosahaku.fi\/?product=skf-vkjc-8523-vetoakseli"},"modified":"2021-02-21T18:51:16","modified_gmt":"2021-02-21T18:51:16","slug":"skf-vkjc-8523-vetoakseli","status":"publish","type":"product","link":"https:\/\/www.autonvaraosahaku.fi\/?product=skf-vkjc-8523-vetoakseli","title":{"rendered":"SKF VKJC 8523 Vetoakseli"},"content":{"rendered":"<p>Pituus (mm): 650; Kierremitta: M24x1,5; Ulkohammastus, py\u00f6r\u00e4npuoli: 28; Ulkohammastus tasauspy\u00f6r\u00e4st\u00f6puoli: 37; Tiivisteen l\u00e4pimitta [mm]: 58,5; Uusi osa: ; Nivelen l\u00e4pimitta py\u00f6r\u00e4puoli [mm]: 96,5; Nivelen l\u00e4pimitta vaihteistopuoli [mm]: 85; Vaihteistomalli: Schaltgetriebe; FIAT: SCUDO 270_,SCUDO Kasten 270_,SCUDO Pritsche\/Fahrgestell 270_; PEUGEOT: 407 SW 6E_,407 6D_,407 Coupe 6C_,EXPERT Tepee VF3V_,EXPERT Kasten VF3A_, VF3U_, VF3X_,EXPERT Pritsche\/Fahrgestell; CITRO\u00cbN: C5 III Break TD_,C5 III RD_,JUMPY,C6 TD_,JUMPY Kasten; 3272NP, 3272NQ, 3272RX, 3272RY, 3272SE, 3272SF, 1497187088, 71792564, 3272GL, 3272GN, 3272NP, 9644292880<\/p>\n","protected":false},"excerpt":{"rendered":"<p>SKF Vetoakseli VKJC 8523  FIAT,PEUGEOT,CITRO\u00cbN,SCUDO 270_,SCUDO Kasten 270_,SCUDO Pritsche\/Fahrgestell 270_,407 SW 6E_,407 6D_,407 Coupe 6C_<\/p>\n","protected":false},"featured_media":0,"template":"","meta":{"site-sidebar-layout":"default","site-content-layout":"default","ast-global-header-display":"","ast-main-header-display":"","ast-hfb-above-header-display":"","ast-hfb-below-header-display":"","ast-hfb-mobile-header-display":"","site-post-title":"","ast-breadcrumbs-content":"","ast-featured-img":"","footer-sml-layout":"","theme-transparent-header-meta":"","adv-header-id-meta":"","stick-header-meta":"","header-above-stick-meta":"","header-main-stick-meta":"","header-below-stick-meta":""},"pwb-brand":[237],"product_cat":[215],"product_tag":[],"class_list":{"0":"post-66895","1":"product","2":"type-product","3":"status-publish","5":"pwb-brand-skf","6":"product_cat-vetoakseli","7":"desktop-align-left","8":"tablet-align-left","9":"mobile-align-left","11":"first","12":"instock","13":"product-type-external"},"brands":[{"id":237,"name":"SKF","slug":"skf"}],"_links":{"self":[{"href":"https:\/\/www.autonvaraosahaku.fi\/index.php?rest_route=\/wp\/v2\/product\/66895","targetHints":{"allow":["GET"]}}],"collection":[{"href":"https:\/\/www.autonvaraosahaku.fi\/index.php?rest_route=\/wp\/v2\/product"}],"about":[{"href":"https:\/\/www.autonvaraosahaku.fi\/index.php?rest_route=\/wp\/v2\/types\/product"}],"wp:attachment":[{"href":"https:\/\/www.autonvaraosahaku.fi\/index.php?rest_route=%2Fwp%2Fv2%2Fmedia&parent=66895"}],"wp:term":[{"taxonomy":"pwb-brand","embeddable":true,"href":"https:\/\/www.autonvaraosahaku.fi\/index.php?rest_route=%2Fwp%2Fv2%2Fpwb-brand&post=66895"},{"taxonomy":"product_cat","embeddable":true,"href":"https:\/\/www.autonvaraosahaku.fi\/index.php?rest_route=%2Fwp%2Fv2%2Fproduct_cat&post=66895"},{"taxonomy":"product_tag","embeddable":true,"href":"https:\/\/www.autonvaraosahaku.fi\/index.php?rest_route=%2Fwp%2Fv2%2Fproduct_tag&post=66895"}],"curies":[{"name":"wp","href":"https:\/\/api.w.org\/{rel}","templated":true}]}}