{"id":66897,"date":"2021-02-21T18:51:13","date_gmt":"2021-02-21T18:51:13","guid":{"rendered":"https:\/\/www.autonvaraosahaku.fi\/?product=topran-110-154-jousijalan-tukilaakeri"},"modified":"2021-02-21T18:51:16","modified_gmt":"2021-02-21T18:51:16","slug":"topran-110-154-jousijalan-tukilaakeri","status":"publish","type":"product","link":"https:\/\/www.autonvaraosahaku.fi\/?product=topran-110-154-jousijalan-tukilaakeri","title":{"rendered":"TOPRAN 110 154 Jousijalan tukilaakeri"},"content":{"rendered":"<p>Asennuspuoli: Taka-akseli, molemminpuolinen, Yl\u00e4puolella; Kiinnitysmalli: Kumimetallilaakeri; Lukum\u00e4\u00e4r\u00e4 akselille: 2; Vaihdettava pareittain: ; Muoto: Py\u00f6re\u00e4; Kotelomalli: Alumiinikoppa; ei PR-numerolle: UC4; VW: GOLF V 1K1,GOLF VI 5K1,GOLF PLUS 5M1, 521,SCIROCCO 137, 138,JETTA III 1K2,BEETLE 5C1,BEETLE Cabriolet 5C7; SEAT: LEON 1P1,ALTEA 5P1,ALTEA XL 5P5, 5P8,TOLEDO III 5P2; 1K0513353G, 1K0513353G; Iskarin Yl\u00e4p\u00e4\u00e4,Iskunvaimentimen Yl\u00e4p\u00e4\u00e4<\/p>\n","protected":false},"excerpt":{"rendered":"<p>TOPRAN Jousijalan Tukilaakeri 110 154 Iskarin Yl\u00e4p\u00e4\u00e4,Iskunvaimentimen Yl\u00e4p\u00e4\u00e4 VW,SEAT,GOLF V 1K1,GOLF VI 5K1,GOLF PLUS 5M1, 521,SCIROCCO 137, 138<\/p>\n","protected":false},"featured_media":0,"template":"","meta":{"site-sidebar-layout":"default","site-content-layout":"default","ast-global-header-display":"","ast-main-header-display":"","ast-hfb-above-header-display":"","ast-hfb-below-header-display":"","ast-hfb-mobile-header-display":"","site-post-title":"","ast-breadcrumbs-content":"","ast-featured-img":"","footer-sml-layout":"","theme-transparent-header-meta":"","adv-header-id-meta":"","stick-header-meta":"","header-above-stick-meta":"","header-main-stick-meta":"","header-below-stick-meta":""},"pwb-brand":[18],"product_cat":[45],"product_tag":[],"class_list":{"0":"post-66897","1":"product","2":"type-product","3":"status-publish","5":"pwb-brand-topran","6":"product_cat-jousijalan-tukilaakeri","7":"desktop-align-left","8":"tablet-align-left","9":"mobile-align-left","11":"first","12":"instock","13":"product-type-external"},"brands":[{"id":18,"name":"TOPRAN","slug":"topran"}],"_links":{"self":[{"href":"https:\/\/www.autonvaraosahaku.fi\/index.php?rest_route=\/wp\/v2\/product\/66897","targetHints":{"allow":["GET"]}}],"collection":[{"href":"https:\/\/www.autonvaraosahaku.fi\/index.php?rest_route=\/wp\/v2\/product"}],"about":[{"href":"https:\/\/www.autonvaraosahaku.fi\/index.php?rest_route=\/wp\/v2\/types\/product"}],"wp:attachment":[{"href":"https:\/\/www.autonvaraosahaku.fi\/index.php?rest_route=%2Fwp%2Fv2%2Fmedia&parent=66897"}],"wp:term":[{"taxonomy":"pwb-brand","embeddable":true,"href":"https:\/\/www.autonvaraosahaku.fi\/index.php?rest_route=%2Fwp%2Fv2%2Fpwb-brand&post=66897"},{"taxonomy":"product_cat","embeddable":true,"href":"https:\/\/www.autonvaraosahaku.fi\/index.php?rest_route=%2Fwp%2Fv2%2Fproduct_cat&post=66897"},{"taxonomy":"product_tag","embeddable":true,"href":"https:\/\/www.autonvaraosahaku.fi\/index.php?rest_route=%2Fwp%2Fv2%2Fproduct_tag&post=66897"}],"curies":[{"name":"wp","href":"https:\/\/api.w.org\/{rel}","templated":true}]}}