{"id":66904,"date":"2021-02-21T18:51:19","date_gmt":"2021-02-21T18:51:19","guid":{"rendered":"https:\/\/www.autonvaraosahaku.fi\/?product=era-555307-painemuunnin"},"modified":"2021-02-21T18:51:20","modified_gmt":"2021-02-21T18:51:20","slug":"era-555307-painemuunnin","status":"publish","type":"product","link":"https:\/\/www.autonvaraosahaku.fi\/?product=era-555307-painemuunnin","title":{"rendered":"ERA 555307 Painemuunnin"},"content":{"rendered":"<p>J\u00e4nnite (V): 12; K\u00e4ytt\u00f6: S\u00e4hk\u00f6-pneumaattinen; Liittimi\u00e4: 2; TOYOTA: RAV 4 II CLA2_, XA2_, ZCA2_, ACA2_; 2581927040<\/p>\n","protected":false},"excerpt":{"rendered":"<p>ERA Painemuunnin, Pakokaasun Ohjaus OEM 555307  TOYOTA,RAV 4 II CLA2_, XA2_, ZCA2_, ACA2_<\/p>\n","protected":false},"featured_media":0,"template":"","meta":{"site-sidebar-layout":"default","site-content-layout":"default","ast-global-header-display":"","ast-main-header-display":"","ast-hfb-above-header-display":"","ast-hfb-below-header-display":"","ast-hfb-mobile-header-display":"","site-post-title":"","ast-breadcrumbs-content":"","ast-featured-img":"","footer-sml-layout":"","theme-transparent-header-meta":"","adv-header-id-meta":"","stick-header-meta":"","header-above-stick-meta":"","header-main-stick-meta":"","header-below-stick-meta":""},"pwb-brand":[64],"product_cat":[205],"product_tag":[],"class_list":{"0":"post-66904","1":"product","2":"type-product","3":"status-publish","5":"pwb-brand-era","6":"product_cat-painemuunnin","7":"desktop-align-left","8":"tablet-align-left","9":"mobile-align-left","11":"first","12":"instock","13":"product-type-external"},"brands":[{"id":64,"name":"ERA","slug":"era"}],"_links":{"self":[{"href":"https:\/\/www.autonvaraosahaku.fi\/index.php?rest_route=\/wp\/v2\/product\/66904","targetHints":{"allow":["GET"]}}],"collection":[{"href":"https:\/\/www.autonvaraosahaku.fi\/index.php?rest_route=\/wp\/v2\/product"}],"about":[{"href":"https:\/\/www.autonvaraosahaku.fi\/index.php?rest_route=\/wp\/v2\/types\/product"}],"wp:attachment":[{"href":"https:\/\/www.autonvaraosahaku.fi\/index.php?rest_route=%2Fwp%2Fv2%2Fmedia&parent=66904"}],"wp:term":[{"taxonomy":"pwb-brand","embeddable":true,"href":"https:\/\/www.autonvaraosahaku.fi\/index.php?rest_route=%2Fwp%2Fv2%2Fpwb-brand&post=66904"},{"taxonomy":"product_cat","embeddable":true,"href":"https:\/\/www.autonvaraosahaku.fi\/index.php?rest_route=%2Fwp%2Fv2%2Fproduct_cat&post=66904"},{"taxonomy":"product_tag","embeddable":true,"href":"https:\/\/www.autonvaraosahaku.fi\/index.php?rest_route=%2Fwp%2Fv2%2Fproduct_tag&post=66904"}],"curies":[{"name":"wp","href":"https:\/\/api.w.org\/{rel}","templated":true}]}}