{"id":66907,"date":"2021-02-21T18:51:19","date_gmt":"2021-02-21T18:51:19","guid":{"rendered":"https:\/\/www.autonvaraosahaku.fi\/?product=topran-108-674-ilmansuodatin"},"modified":"2021-02-21T18:51:20","modified_gmt":"2021-02-21T18:51:20","slug":"topran-108-674-ilmansuodatin","status":"publish","type":"product","link":"https:\/\/www.autonvaraosahaku.fi\/?product=topran-108-674-ilmansuodatin","title":{"rendered":"TOPRAN 108 674 Ilmansuodatin"},"content":{"rendered":"<p>Suodatintyyppi: Suodatinpanos; M\u00e4\u00e4r\u00e4yksikk\u00f6: Sarja; Muoto: suorakulmainen (rectangular); Tarvittava kappalem\u00e4\u00e4r\u00e4: 1; Runkomateriaali: Solumuovi; Pituus (mm): 185; Leveys (mm): 140; Korkeus (mm): 48; Moottorinumero: ALD; VW: LUPO 6X1, 6E1,CADDY II Kombi 9K9B; 030129620C, 030198620<\/p>\n","protected":false},"excerpt":{"rendered":"<p>TOPRAN Ilmansuodatin 108 674  VW,LUPO 6X1, 6E1,CADDY II Kombi 9K9B<\/p>\n","protected":false},"featured_media":0,"template":"","meta":{"site-sidebar-layout":"default","site-content-layout":"default","ast-global-header-display":"","ast-main-header-display":"","ast-hfb-above-header-display":"","ast-hfb-below-header-display":"","ast-hfb-mobile-header-display":"","site-post-title":"","ast-breadcrumbs-content":"","ast-featured-img":"","footer-sml-layout":"","theme-transparent-header-meta":"","adv-header-id-meta":"","stick-header-meta":"","header-above-stick-meta":"","header-main-stick-meta":"","header-below-stick-meta":""},"pwb-brand":[18],"product_cat":[31],"product_tag":[],"class_list":{"0":"post-66907","1":"product","2":"type-product","3":"status-publish","5":"pwb-brand-topran","6":"product_cat-ilmansuodatin","7":"desktop-align-left","8":"tablet-align-left","9":"mobile-align-left","11":"first","12":"instock","13":"product-type-external"},"brands":[{"id":18,"name":"TOPRAN","slug":"topran"}],"_links":{"self":[{"href":"https:\/\/www.autonvaraosahaku.fi\/index.php?rest_route=\/wp\/v2\/product\/66907","targetHints":{"allow":["GET"]}}],"collection":[{"href":"https:\/\/www.autonvaraosahaku.fi\/index.php?rest_route=\/wp\/v2\/product"}],"about":[{"href":"https:\/\/www.autonvaraosahaku.fi\/index.php?rest_route=\/wp\/v2\/types\/product"}],"wp:attachment":[{"href":"https:\/\/www.autonvaraosahaku.fi\/index.php?rest_route=%2Fwp%2Fv2%2Fmedia&parent=66907"}],"wp:term":[{"taxonomy":"pwb-brand","embeddable":true,"href":"https:\/\/www.autonvaraosahaku.fi\/index.php?rest_route=%2Fwp%2Fv2%2Fpwb-brand&post=66907"},{"taxonomy":"product_cat","embeddable":true,"href":"https:\/\/www.autonvaraosahaku.fi\/index.php?rest_route=%2Fwp%2Fv2%2Fproduct_cat&post=66907"},{"taxonomy":"product_tag","embeddable":true,"href":"https:\/\/www.autonvaraosahaku.fi\/index.php?rest_route=%2Fwp%2Fv2%2Fproduct_tag&post=66907"}],"curies":[{"name":"wp","href":"https:\/\/api.w.org\/{rel}","templated":true}]}}