{"id":66931,"date":"2021-02-21T18:51:25","date_gmt":"2021-02-21T18:51:25","guid":{"rendered":"https:\/\/www.autonvaraosahaku.fi\/?product=diederichs-1223108-sisalokasuoja"},"modified":"2021-02-21T18:51:27","modified_gmt":"2021-02-21T18:51:27","slug":"diederichs-1223108-sisalokasuoja","status":"publish","type":"product","link":"https:\/\/www.autonvaraosahaku.fi\/?product=diederichs-1223108-sisalokasuoja","title":{"rendered":"DIEDERICHS 1223108 Sis\u00e4lokasuoja"},"content":{"rendered":"<p>Asennuspuoli: Edess\u00e4, Etuakseli, oikea; Ulko-\/sis\u00e4peili: ilman l\u00e4mp\u00f6sensoria; BMW: 5 E39,5 Touring E39; 51717039678, 51718159424, 51718159426, 0639434, 0646434, 117455, 123455; Verhous, Sis\u00e4lokasuoja<\/p>\n","protected":false},"excerpt":{"rendered":"<p>DIEDERICHS Sis\u00e4lokasuoja 1223108 Verhous, Sis\u00e4lokasuoja BMW,5 E39,5 Touring E39<\/p>\n","protected":false},"featured_media":0,"template":"","meta":{"site-sidebar-layout":"default","site-content-layout":"default","ast-global-header-display":"","ast-main-header-display":"","ast-hfb-above-header-display":"","ast-hfb-below-header-display":"","ast-hfb-mobile-header-display":"","site-post-title":"","ast-breadcrumbs-content":"","ast-featured-img":"","footer-sml-layout":"","theme-transparent-header-meta":"","adv-header-id-meta":"","stick-header-meta":"","header-above-stick-meta":"","header-main-stick-meta":"","header-below-stick-meta":""},"pwb-brand":[227],"product_cat":[179],"product_tag":[],"class_list":{"0":"post-66931","1":"product","2":"type-product","3":"status-publish","5":"pwb-brand-diederichs","6":"product_cat-sisalokasuoja","7":"desktop-align-left","8":"tablet-align-left","9":"mobile-align-left","11":"first","12":"instock","13":"product-type-external"},"brands":[{"id":227,"name":"DIEDERICHS","slug":"diederichs"}],"_links":{"self":[{"href":"https:\/\/www.autonvaraosahaku.fi\/index.php?rest_route=\/wp\/v2\/product\/66931","targetHints":{"allow":["GET"]}}],"collection":[{"href":"https:\/\/www.autonvaraosahaku.fi\/index.php?rest_route=\/wp\/v2\/product"}],"about":[{"href":"https:\/\/www.autonvaraosahaku.fi\/index.php?rest_route=\/wp\/v2\/types\/product"}],"wp:attachment":[{"href":"https:\/\/www.autonvaraosahaku.fi\/index.php?rest_route=%2Fwp%2Fv2%2Fmedia&parent=66931"}],"wp:term":[{"taxonomy":"pwb-brand","embeddable":true,"href":"https:\/\/www.autonvaraosahaku.fi\/index.php?rest_route=%2Fwp%2Fv2%2Fpwb-brand&post=66931"},{"taxonomy":"product_cat","embeddable":true,"href":"https:\/\/www.autonvaraosahaku.fi\/index.php?rest_route=%2Fwp%2Fv2%2Fproduct_cat&post=66931"},{"taxonomy":"product_tag","embeddable":true,"href":"https:\/\/www.autonvaraosahaku.fi\/index.php?rest_route=%2Fwp%2Fv2%2Fproduct_tag&post=66931"}],"curies":[{"name":"wp","href":"https:\/\/api.w.org\/{rel}","templated":true}]}}