{"id":66943,"date":"2021-02-21T18:51:32","date_gmt":"2021-02-21T18:51:32","guid":{"rendered":"https:\/\/www.autonvaraosahaku.fi\/?product=hella-1n0-009-295-087-sumuvalot"},"modified":"2021-02-21T18:51:32","modified_gmt":"2021-02-21T18:51:32","slug":"hella-1n0-009-295-087-sumuvalot","status":"publish","type":"product","link":"https:\/\/www.autonvaraosahaku.fi\/?product=hella-1n0-009-295-087-sumuvalot","title":{"rendered":"HELLA 1N0 009 295-087 Sumuvalot"},"content":{"rendered":"<p>Asennuspuoli: Oikea; Korvaava tuote\/korvaava tiedote 2: kiinnitysrungolla; Tarkistuskilpi: E1 1951, ECE; Nimellisj\u00e4nnite (V): 12; Lyhtytoimintojen m\u00e4\u00e4r\u00e4: 2; Lamppumalli: H7; Valotoiminto: mutkavaloilla AFS, sumuvalolla; parilliset tuotenumerot: 1N0 009 295-077; Lyhdyn muoto: Hehkulankatekniikka; Varusteet: f\u00fcr Fahrzeuge mit AMG-Optikpaket; MERCEDES-BENZ: C-CLASS W204,C-CLASS T-Model S204,M-CLASS W164,CLK C209,SL R230,R-CLASS W251, V251,CLK Cabriolet A209,S-CLASS Coupe C216; 2048202256, A2048202256, 2048202256, 260000032; Sumuvalo<\/p>\n","protected":false},"excerpt":{"rendered":"<p>HELLA Sumuvalot 1N0 009 295-087 Sumuvalo MERCEDES-BENZ,C-CLASS W204,C-CLASS T-Model S204,M-CLASS W164,CLK C209,SL R230,R-CLASS W251, V251<\/p>\n","protected":false},"featured_media":0,"template":"","meta":{"site-sidebar-layout":"default","site-content-layout":"default","ast-global-header-display":"","ast-main-header-display":"","ast-hfb-above-header-display":"","ast-hfb-below-header-display":"","ast-hfb-mobile-header-display":"","site-post-title":"","ast-breadcrumbs-content":"","ast-featured-img":"","footer-sml-layout":"","theme-transparent-header-meta":"","adv-header-id-meta":"","stick-header-meta":"","header-above-stick-meta":"","header-main-stick-meta":"","header-below-stick-meta":""},"pwb-brand":[24],"product_cat":[119],"product_tag":[],"class_list":{"0":"post-66943","1":"product","2":"type-product","3":"status-publish","5":"pwb-brand-hella","6":"product_cat-sumuvalot","7":"desktop-align-left","8":"tablet-align-left","9":"mobile-align-left","11":"first","12":"instock","13":"product-type-external"},"brands":[{"id":24,"name":"HELLA","slug":"hella"}],"_links":{"self":[{"href":"https:\/\/www.autonvaraosahaku.fi\/index.php?rest_route=\/wp\/v2\/product\/66943","targetHints":{"allow":["GET"]}}],"collection":[{"href":"https:\/\/www.autonvaraosahaku.fi\/index.php?rest_route=\/wp\/v2\/product"}],"about":[{"href":"https:\/\/www.autonvaraosahaku.fi\/index.php?rest_route=\/wp\/v2\/types\/product"}],"wp:attachment":[{"href":"https:\/\/www.autonvaraosahaku.fi\/index.php?rest_route=%2Fwp%2Fv2%2Fmedia&parent=66943"}],"wp:term":[{"taxonomy":"pwb-brand","embeddable":true,"href":"https:\/\/www.autonvaraosahaku.fi\/index.php?rest_route=%2Fwp%2Fv2%2Fpwb-brand&post=66943"},{"taxonomy":"product_cat","embeddable":true,"href":"https:\/\/www.autonvaraosahaku.fi\/index.php?rest_route=%2Fwp%2Fv2%2Fproduct_cat&post=66943"},{"taxonomy":"product_tag","embeddable":true,"href":"https:\/\/www.autonvaraosahaku.fi\/index.php?rest_route=%2Fwp%2Fv2%2Fproduct_tag&post=66943"}],"curies":[{"name":"wp","href":"https:\/\/api.w.org\/{rel}","templated":true}]}}