{"id":66949,"date":"2021-02-21T18:51:32","date_gmt":"2021-02-21T18:51:32","guid":{"rendered":"https:\/\/www.autonvaraosahaku.fi\/?product=vaico-v10-3246-huohotin"},"modified":"2021-02-21T18:51:33","modified_gmt":"2021-02-21T18:51:33","slug":"vaico-v10-3246-huohotin","status":"publish","type":"product","link":"https:\/\/www.autonvaraosahaku.fi\/?product=vaico-v10-3246-huohotin","title":{"rendered":"VAICO V10-3246 Huohotin"},"content":{"rendered":"<p>K\u00e4ytt\u00f6: paineohjattu; Lis\u00e4tarvike\/lis\u00e4tieto: Tiivisteill\u00e4, Letkulla; Pultti\/mutteri malli: Peltiruuvu; Materiaali tiiviste: FPM (fluori-kumi)\/APM (polyakryyli-kumi); Asennuspuoli: Sylinterikansi; Venttiilimalli: Kalvonventtiili, Ilmanpoistoventtiili; Korvaava tuote\/korvaava tiedote 2: Ruuveilla; Suositeltu vaihtov\u00e4li [vuotta]: 3; Ruuvikanta\/mutteriprofiili: Torx, sis\u00e4; Lis\u00e4ksi tarvittavat tuotteet ks. tarvikeluettelo: ; T\u00e4yssarja: ; Suositeltu vaihtov\u00e4li [km]: 60000; Huomioi huolto-ohjeet: ; Kotelomateriaali: Polyamidi 6.6; Paino [kg]: 0,6108; Pakkausleveys [cm]: 11,8; Pakkauskorkeus [mm]: 28,3; Pakkaussyvyys [cm]: 15,5; Huomioi tekniset tiedot: ; VW: GOLF V 1K1,GOLF VI 5K1,PASSAT Variant 3C5,PASSAT 3C2,GOLF V Variant 1K5,EOS 1F7, 1F8,JETTA III 1K2; AUDI: A6 Avant 4F5, C6,A3 8P1,A3 Sportback 8PA,A4 Avant 8ED, B7,A6 4F2, C6,A4 Cabriolet 8H7, B6, 8HE, B7,A4 8EC, B7,TT 8J3,TT Roadster 8J9; SKODA: OCTAVIA Combi 1Z5,OCTAVIA 1Z3; SEAT: LEON 1P1,ALTEA 5P1,ALTEA XL 5P5, 5P8,EXEO ST 3R5,EXEO 3R2,TOLEDO III 5P2<\/p>\n","protected":false},"excerpt":{"rendered":"<p>VAICO Korjaussarja, Kampikammiotuuletus V10-3246  VW,AUDI,SKODA,GOLF V 1K1,GOLF VI 5K1,PASSAT Variant 3C5,PASSAT 3C2,GOLF V Variant 1K5,EOS 1F7, 1F8<\/p>\n","protected":false},"featured_media":0,"template":"","meta":{"site-sidebar-layout":"default","site-content-layout":"default","ast-global-header-display":"","ast-main-header-display":"","ast-hfb-above-header-display":"","ast-hfb-below-header-display":"","ast-hfb-mobile-header-display":"","site-post-title":"","ast-breadcrumbs-content":"","ast-featured-img":"","footer-sml-layout":"","theme-transparent-header-meta":"","adv-header-id-meta":"","stick-header-meta":"","header-above-stick-meta":"","header-main-stick-meta":"","header-below-stick-meta":""},"pwb-brand":[330],"product_cat":[125],"product_tag":[],"class_list":{"0":"post-66949","1":"product","2":"type-product","3":"status-publish","5":"pwb-brand-vaico","6":"product_cat-huohotin","7":"desktop-align-left","8":"tablet-align-left","9":"mobile-align-left","11":"first","12":"instock","13":"product-type-external"},"brands":[{"id":330,"name":"VAICO","slug":"vaico"}],"_links":{"self":[{"href":"https:\/\/www.autonvaraosahaku.fi\/index.php?rest_route=\/wp\/v2\/product\/66949","targetHints":{"allow":["GET"]}}],"collection":[{"href":"https:\/\/www.autonvaraosahaku.fi\/index.php?rest_route=\/wp\/v2\/product"}],"about":[{"href":"https:\/\/www.autonvaraosahaku.fi\/index.php?rest_route=\/wp\/v2\/types\/product"}],"wp:attachment":[{"href":"https:\/\/www.autonvaraosahaku.fi\/index.php?rest_route=%2Fwp%2Fv2%2Fmedia&parent=66949"}],"wp:term":[{"taxonomy":"pwb-brand","embeddable":true,"href":"https:\/\/www.autonvaraosahaku.fi\/index.php?rest_route=%2Fwp%2Fv2%2Fpwb-brand&post=66949"},{"taxonomy":"product_cat","embeddable":true,"href":"https:\/\/www.autonvaraosahaku.fi\/index.php?rest_route=%2Fwp%2Fv2%2Fproduct_cat&post=66949"},{"taxonomy":"product_tag","embeddable":true,"href":"https:\/\/www.autonvaraosahaku.fi\/index.php?rest_route=%2Fwp%2Fv2%2Fproduct_tag&post=66949"}],"curies":[{"name":"wp","href":"https:\/\/api.w.org\/{rel}","templated":true}]}}