{"id":66988,"date":"2021-02-21T18:51:44","date_gmt":"2021-02-21T18:51:44","guid":{"rendered":"https:\/\/www.autonvaraosahaku.fi\/?product=optimal-f8-5523-jousijalan-tukilaakeri"},"modified":"2021-02-21T18:51:47","modified_gmt":"2021-02-21T18:51:47","slug":"optimal-f8-5523-jousijalan-tukilaakeri","status":"publish","type":"product","link":"https:\/\/www.autonvaraosahaku.fi\/?product=optimal-f8-5523-jousijalan-tukilaakeri","title":{"rendered":"OPTIMAL F8-5523 Jousijalan tukilaakeri"},"content":{"rendered":"<p>Asennuspuoli: Oikea, Etuakseli, Vasen; Korvaava tuote\/korvaava tiedote 2: Kuulalaakerilla; Valmistusvuoteen: 09\/1999; VW: LUPO 6X1, 6E1,POLO 6N2,POLO 6N1,POLO Kasten 6NF; SEAT: AROSA 6H; 357412249A, 6N0412331A, 6N0412331AS, 6N0412331AS; Iskarin Yl\u00e4p\u00e4\u00e4,Iskunvaimentimen Yl\u00e4p\u00e4\u00e4<\/p>\n","protected":false},"excerpt":{"rendered":"<p>OPTIMAL Jousijalan Tukilaakeri F8-5523 Iskarin Yl\u00e4p\u00e4\u00e4,Iskunvaimentimen Yl\u00e4p\u00e4\u00e4 VW,SEAT,LUPO 6X1, 6E1,POLO 6N2,POLO 6N1,POLO Kasten 6NF,AROSA 6H<\/p>\n","protected":false},"featured_media":0,"template":"","meta":{"site-sidebar-layout":"default","site-content-layout":"default","ast-global-header-display":"","ast-main-header-display":"","ast-hfb-above-header-display":"","ast-hfb-below-header-display":"","ast-hfb-mobile-header-display":"","site-post-title":"","ast-breadcrumbs-content":"","ast-featured-img":"","footer-sml-layout":"","theme-transparent-header-meta":"","adv-header-id-meta":"","stick-header-meta":"","header-above-stick-meta":"","header-main-stick-meta":"","header-below-stick-meta":""},"pwb-brand":[307],"product_cat":[45],"product_tag":[],"class_list":{"0":"post-66988","1":"product","2":"type-product","3":"status-publish","5":"pwb-brand-optimal","6":"product_cat-jousijalan-tukilaakeri","7":"desktop-align-left","8":"tablet-align-left","9":"mobile-align-left","11":"first","12":"instock","13":"product-type-external"},"brands":[{"id":307,"name":"OPTIMAL","slug":"optimal"}],"_links":{"self":[{"href":"https:\/\/www.autonvaraosahaku.fi\/index.php?rest_route=\/wp\/v2\/product\/66988","targetHints":{"allow":["GET"]}}],"collection":[{"href":"https:\/\/www.autonvaraosahaku.fi\/index.php?rest_route=\/wp\/v2\/product"}],"about":[{"href":"https:\/\/www.autonvaraosahaku.fi\/index.php?rest_route=\/wp\/v2\/types\/product"}],"wp:attachment":[{"href":"https:\/\/www.autonvaraosahaku.fi\/index.php?rest_route=%2Fwp%2Fv2%2Fmedia&parent=66988"}],"wp:term":[{"taxonomy":"pwb-brand","embeddable":true,"href":"https:\/\/www.autonvaraosahaku.fi\/index.php?rest_route=%2Fwp%2Fv2%2Fpwb-brand&post=66988"},{"taxonomy":"product_cat","embeddable":true,"href":"https:\/\/www.autonvaraosahaku.fi\/index.php?rest_route=%2Fwp%2Fv2%2Fproduct_cat&post=66988"},{"taxonomy":"product_tag","embeddable":true,"href":"https:\/\/www.autonvaraosahaku.fi\/index.php?rest_route=%2Fwp%2Fv2%2Fproduct_tag&post=66988"}],"curies":[{"name":"wp","href":"https:\/\/api.w.org\/{rel}","templated":true}]}}