{"id":66994,"date":"2021-02-21T18:51:44","date_gmt":"2021-02-21T18:51:44","guid":{"rendered":"https:\/\/www.autonvaraosahaku.fi\/?product=optimal-302254-pyoranlaakerit"},"modified":"2021-02-21T18:51:50","modified_gmt":"2021-02-21T18:51:50","slug":"optimal-302254-pyoranlaakerit","status":"publish","type":"product","link":"https:\/\/www.autonvaraosahaku.fi\/?product=optimal-302254-pyoranlaakerit","title":{"rendered":"OPTIMAL 302254 Py\u00f6r\u00e4nlaakerit"},"content":{"rendered":"<p>Asennuspuoli: Taka-akseli, Oikea, Vasen; Leveys (mm): 24; Sis\u00e4l\u00e4pimitta [mm]: 30; Ulkol\u00e4pimitta [mm]: 67; Akseli: K\u00f6lner Achse; FORD: CAPRI III GECP,ESCORT II ATH,ESCORT I AFH, ATH,CAPRI II GECP,ESCORT II Kombi,ESCORT I Kombi ADH,TAUNUS GBFK; 1500226, 5007034, 71BG1225B1B, 71BG1225B3A, 76BG1225A1A; Py\u00f6r\u00e4nlaakerisarja<\/p>\n","protected":false},"excerpt":{"rendered":"<p>OPTIMAL Py\u00f6r\u00e4nlaakerit 302254 Py\u00f6r\u00e4nlaakerisarja FORD,CAPRI III GECP,ESCORT II ATH,ESCORT I AFH, ATH,CAPRI II GECP,ESCORT II Kombi,ESCORT I Kombi ADH<\/p>\n","protected":false},"featured_media":0,"template":"","meta":{"site-sidebar-layout":"default","site-content-layout":"default","ast-global-header-display":"","ast-main-header-display":"","ast-hfb-above-header-display":"","ast-hfb-below-header-display":"","ast-hfb-mobile-header-display":"","site-post-title":"","ast-breadcrumbs-content":"","ast-featured-img":"","footer-sml-layout":"","theme-transparent-header-meta":"","adv-header-id-meta":"","stick-header-meta":"","header-above-stick-meta":"","header-main-stick-meta":"","header-below-stick-meta":""},"pwb-brand":[307],"product_cat":[83],"product_tag":[],"class_list":{"0":"post-66994","1":"product","2":"type-product","3":"status-publish","5":"pwb-brand-optimal","6":"product_cat-pyoranlaakerit","7":"desktop-align-left","8":"tablet-align-left","9":"mobile-align-left","11":"first","12":"instock","13":"product-type-external"},"brands":[{"id":307,"name":"OPTIMAL","slug":"optimal"}],"_links":{"self":[{"href":"https:\/\/www.autonvaraosahaku.fi\/index.php?rest_route=\/wp\/v2\/product\/66994","targetHints":{"allow":["GET"]}}],"collection":[{"href":"https:\/\/www.autonvaraosahaku.fi\/index.php?rest_route=\/wp\/v2\/product"}],"about":[{"href":"https:\/\/www.autonvaraosahaku.fi\/index.php?rest_route=\/wp\/v2\/types\/product"}],"wp:attachment":[{"href":"https:\/\/www.autonvaraosahaku.fi\/index.php?rest_route=%2Fwp%2Fv2%2Fmedia&parent=66994"}],"wp:term":[{"taxonomy":"pwb-brand","embeddable":true,"href":"https:\/\/www.autonvaraosahaku.fi\/index.php?rest_route=%2Fwp%2Fv2%2Fpwb-brand&post=66994"},{"taxonomy":"product_cat","embeddable":true,"href":"https:\/\/www.autonvaraosahaku.fi\/index.php?rest_route=%2Fwp%2Fv2%2Fproduct_cat&post=66994"},{"taxonomy":"product_tag","embeddable":true,"href":"https:\/\/www.autonvaraosahaku.fi\/index.php?rest_route=%2Fwp%2Fv2%2Fproduct_tag&post=66994"}],"curies":[{"name":"wp","href":"https:\/\/api.w.org\/{rel}","templated":true}]}}